{"id":1236,"date":"2023-05-15T06:23:34","date_gmt":"2023-05-15T06:23:34","guid":{"rendered":"https:\/\/yardforceca.com\/?post_type=product&#038;p=1236"},"modified":"2025-03-13T21:06:29","modified_gmt":"2025-03-13T21:06:29","slug":"yf48vrx-rer38-riding-mower","status":"publish","type":"product","link":"https:\/\/yardforceca.com\/fr\/produit\/yf48vrx-rer38-riding-mower\/","title":{"rendered":"YF48vRX-RER38 RIDING MOWER"},"content":{"rendered":"<p><strong>Caract\u00e9ristiques sup\u00e9rieures de sa cat\u00e9gorie :<\/strong><\/p>\n<ul>\n<li>Clean Energy 48v Battery Powered &#8211; no gas, no engine maintenance<\/li>\n<li>Moteur sans balais et batterie 48 V longue dur\u00e9e permettant de tondre jusqu'\u00e0 1,5 acre sur une charge compl\u00e8te<\/li>\n<li>Tonte silencieuse \u00e0 moins de 70 dB<\/li>\n<li>Plateau de coupe en acier de 38 po \u00e0 deux lames<\/li>\n<li>12-Position Deck Adjustments: 1.5 inch &#8211; 4.5 inch<\/li>\n<li>2 vitesses avant : d\u00e9placement \u00e0 8 m\/h \/ tonte \u00e0 5 m\/h<\/li>\n<li>L'\u00e9cran ACL affiche les performances et l'historique des donn\u00e9es<\/li>\n<li>R\u00e9gulateur de vitesse<\/li>\n<li>Phares \u00e0 DEL<\/li>\n<li>Chargeur USB<\/li>\n<li>Se recharge sur une prise standard de 120 volts<\/li>\n<li>Ensemble de sac collecteur disponible<\/li>\n<\/ul>\n<div class=\"prod-btn\"><a href=\"https:\/\/yardforceca.com\/wp-content\/uploads\/2023\/05\/YF48vRX-RER38-RIDING-LAWN-MOWER-VIDEO.mp4\" target=\"_blank\" rel=\"noopener\">En savoir plus<\/a><\/div>\n<div><\/div>","protected":false},"excerpt":{"rendered":"<p>Superior Features in its Class: Clean Energy 48v Battery Powered &#8211; no gas, no engine maintenance Brushless motor and 48v long-lasting battery power allow for the mower to cut up to 1.5 acres on a full charge Quiet cutting at less than 70 dB 38-Inch Twin-Blade Steel Deck 12-Position Deck Adjustments: 1.5 inch &#8211; 4.5 [&hellip;]<\/p>","protected":false},"featured_media":1239,"comment_status":"open","ping_status":"closed","template":"","meta":{"_acf_changed":false,"_et_pb_use_builder":"on","_et_pb_old_content":"<strong>Superior Features in its Class:<\/strong>\r\n<ul>\r\n \t<li>Clean Energy 48v Battery Powered - no gas, no engine maintenance<\/li>\r\n \t<li>Brushless motor and 48v long-lasting battery power allow for the mower to cut up to 1.5 acres on a full charge<\/li>\r\n \t<li>Quiet cutting at less than 70 dB<\/li>\r\n \t<li>38-Inch Twin-Blade Steel Deck<\/li>\r\n \t<li>12-Position Deck Adjustments: 1.5 inch - 4.5 inch<\/li>\r\n \t<li>2 Forward Speeds: 8 MPH driving \/ 5 MPH cutting<\/li>\r\n \t<li>LCD Display shows performance and historical data<\/li>\r\n \t<li>Cruise control<\/li>\r\n \t<li>LED headlights<\/li>\r\n \t<li>USB charger<\/li>\r\n \t<li>Charges with a standard 120-Volt outlet<\/li>\r\n \t<li>Bagging Kit accessory available<\/li>\r\n<\/ul>\r\n<div class=\"prod-btn\"><a href=\"https:\/\/yardforceca.com\/wp-content\/uploads\/2023\/05\/YF48vRX-RER38-RIDING-LAWN-MOWER-VIDEO.mp4\" target=\"_blank\" rel=\"noopener\">Learn More<\/a><\/div>\r\n<div><\/div>","_et_gb_content_width":""},"product_brand":[],"product_cat":[23],"product_tag":[],"class_list":{"0":"post-1236","1":"product","2":"type-product","3":"status-publish","4":"has-post-thumbnail","6":"product_cat-lawn-mowers","8":"first","9":"instock","10":"shipping-taxable","11":"product-type-simple"},"acf":[],"yoast_head":"<!-- This site is optimized with the Yoast SEO plugin v27.5 - https:\/\/yoast.com\/product\/yoast-seo-wordpress\/ -->\n<title>YF48vRX-RER38 RIDING MOWER - YARDFORCE Canada<\/title>\n<meta name=\"robots\" content=\"index, follow, max-snippet:-1, max-image-preview:large, max-video-preview:-1\" \/>\n<link rel=\"canonical\" href=\"https:\/\/yardforceca.com\/fr\/produit\/yf48vrx-rer38-riding-mower\/\" \/>\n<meta property=\"og:locale\" content=\"fr_CA\" \/>\n<meta property=\"og:type\" content=\"article\" \/>\n<meta property=\"og:title\" content=\"YF48vRX-RER38 RIDING MOWER - YARDFORCE Canada\" \/>\n<meta property=\"og:description\" content=\"Superior Features in its Class: Clean Energy 48v Battery Powered - no gas, no engine maintenance Brushless motor and 48v long-lasting battery power allow for the mower to cut up to 1.5 acres on a full charge Quiet cutting at less than 70 dB 38-Inch Twin-Blade Steel Deck 12-Position Deck Adjustments: 1.5 inch - 4.5 [&hellip;]\" \/>\n<meta property=\"og:url\" content=\"https:\/\/yardforceca.com\/fr\/produit\/yf48vrx-rer38-riding-mower\/\" \/>\n<meta property=\"og:site_name\" content=\"YARDFORCE Canada\" \/>\n<meta property=\"article:modified_time\" content=\"2025-03-13T21:06:29+00:00\" \/>\n<meta property=\"og:image\" content=\"http:\/\/yardforceca.com\/wp-content\/uploads\/2023\/05\/YF48vRX-Ride-Mower-1-Drama.webp\" \/>\n\t<meta property=\"og:image:width\" content=\"434\" \/>\n\t<meta property=\"og:image:height\" content=\"393\" \/>\n\t<meta property=\"og:image:type\" content=\"image\/webp\" \/>\n<meta name=\"twitter:card\" content=\"summary_large_image\" \/>\n<meta name=\"twitter:label1\" content=\"Estimation du temps de lecture\" \/>\n\t<meta name=\"twitter:data1\" content=\"2 minutes\" \/>\n<script type=\"application\/ld+json\" class=\"yoast-schema-graph\">{\"@context\":\"https:\\\/\\\/schema.org\",\"@graph\":[{\"@type\":\"WebPage\",\"@id\":\"https:\\\/\\\/yardforceca.com\\\/product\\\/yf48vrx-rer38-riding-mower\\\/\",\"url\":\"https:\\\/\\\/yardforceca.com\\\/product\\\/yf48vrx-rer38-riding-mower\\\/\",\"name\":\"YF48vRX-RER38 RIDING MOWER - YARDFORCE Canada\",\"isPartOf\":{\"@id\":\"https:\\\/\\\/yardforceca.com\\\/#website\"},\"primaryImageOfPage\":{\"@id\":\"https:\\\/\\\/yardforceca.com\\\/product\\\/yf48vrx-rer38-riding-mower\\\/#primaryimage\"},\"image\":{\"@id\":\"https:\\\/\\\/yardforceca.com\\\/product\\\/yf48vrx-rer38-riding-mower\\\/#primaryimage\"},\"thumbnailUrl\":\"https:\\\/\\\/yardforceca.com\\\/wp-content\\\/uploads\\\/2023\\\/05\\\/YF48vRX-Ride-Mower-1-Drama.webp\",\"datePublished\":\"2023-05-15T06:23:34+00:00\",\"dateModified\":\"2025-03-13T21:06:29+00:00\",\"breadcrumb\":{\"@id\":\"https:\\\/\\\/yardforceca.com\\\/product\\\/yf48vrx-rer38-riding-mower\\\/#breadcrumb\"},\"inLanguage\":\"fr-CA\",\"potentialAction\":[{\"@type\":\"ReadAction\",\"target\":[\"https:\\\/\\\/yardforceca.com\\\/product\\\/yf48vrx-rer38-riding-mower\\\/\"]}]},{\"@type\":\"ImageObject\",\"inLanguage\":\"fr-CA\",\"@id\":\"https:\\\/\\\/yardforceca.com\\\/product\\\/yf48vrx-rer38-riding-mower\\\/#primaryimage\",\"url\":\"https:\\\/\\\/yardforceca.com\\\/wp-content\\\/uploads\\\/2023\\\/05\\\/YF48vRX-Ride-Mower-1-Drama.webp\",\"contentUrl\":\"https:\\\/\\\/yardforceca.com\\\/wp-content\\\/uploads\\\/2023\\\/05\\\/YF48vRX-Ride-Mower-1-Drama.webp\",\"width\":434,\"height\":393},{\"@type\":\"BreadcrumbList\",\"@id\":\"https:\\\/\\\/yardforceca.com\\\/product\\\/yf48vrx-rer38-riding-mower\\\/#breadcrumb\",\"itemListElement\":[{\"@type\":\"ListItem\",\"position\":1,\"name\":\"Home\",\"item\":\"https:\\\/\\\/yardforceca.com\\\/\"},{\"@type\":\"ListItem\",\"position\":2,\"name\":\"Shop\",\"item\":\"https:\\\/\\\/yardforceca.com\\\/shop\\\/\"},{\"@type\":\"ListItem\",\"position\":3,\"name\":\"YF48vRX-RER38 RIDING MOWER\"}]},{\"@type\":\"WebSite\",\"@id\":\"https:\\\/\\\/yardforceca.com\\\/#website\",\"url\":\"https:\\\/\\\/yardforceca.com\\\/\",\"name\":\"YARDFORCE Canada\",\"description\":\"Yard Work Made Easy\",\"potentialAction\":[{\"@type\":\"SearchAction\",\"target\":{\"@type\":\"EntryPoint\",\"urlTemplate\":\"https:\\\/\\\/yardforceca.com\\\/?s={search_term_string}\"},\"query-input\":{\"@type\":\"PropertyValueSpecification\",\"valueRequired\":true,\"valueName\":\"search_term_string\"}}],\"inLanguage\":\"fr-CA\"}]}<\/script>\n<!-- \/ Yoast SEO plugin. -->","yoast_head_json":{"title":"YF48vRX-RER38 RIDING MOWER - YARDFORCE Canada","robots":{"index":"index","follow":"follow","max-snippet":"max-snippet:-1","max-image-preview":"max-image-preview:large","max-video-preview":"max-video-preview:-1"},"canonical":"https:\/\/yardforceca.com\/fr\/produit\/yf48vrx-rer38-riding-mower\/","og_locale":"fr_CA","og_type":"article","og_title":"YF48vRX-RER38 RIDING MOWER - YARDFORCE Canada","og_description":"Superior Features in its Class: Clean Energy 48v Battery Powered - no gas, no engine maintenance Brushless motor and 48v long-lasting battery power allow for the mower to cut up to 1.5 acres on a full charge Quiet cutting at less than 70 dB 38-Inch Twin-Blade Steel Deck 12-Position Deck Adjustments: 1.5 inch - 4.5 [&hellip;]","og_url":"https:\/\/yardforceca.com\/fr\/produit\/yf48vrx-rer38-riding-mower\/","og_site_name":"YARDFORCE Canada","article_modified_time":"2025-03-13T21:06:29+00:00","og_image":[{"width":434,"height":393,"url":"http:\/\/yardforceca.com\/wp-content\/uploads\/2023\/05\/YF48vRX-Ride-Mower-1-Drama.webp","type":"image\/webp"}],"twitter_card":"summary_large_image","twitter_misc":{"Estimation du temps de lecture":"2 minutes"},"schema":{"@context":"https:\/\/schema.org","@graph":[{"@type":"WebPage","@id":"https:\/\/yardforceca.com\/product\/yf48vrx-rer38-riding-mower\/","url":"https:\/\/yardforceca.com\/product\/yf48vrx-rer38-riding-mower\/","name":"YF48vRX-RER38 RIDING MOWER - YARDFORCE Canada","isPartOf":{"@id":"https:\/\/yardforceca.com\/#website"},"primaryImageOfPage":{"@id":"https:\/\/yardforceca.com\/product\/yf48vrx-rer38-riding-mower\/#primaryimage"},"image":{"@id":"https:\/\/yardforceca.com\/product\/yf48vrx-rer38-riding-mower\/#primaryimage"},"thumbnailUrl":"https:\/\/yardforceca.com\/wp-content\/uploads\/2023\/05\/YF48vRX-Ride-Mower-1-Drama.webp","datePublished":"2023-05-15T06:23:34+00:00","dateModified":"2025-03-13T21:06:29+00:00","breadcrumb":{"@id":"https:\/\/yardforceca.com\/product\/yf48vrx-rer38-riding-mower\/#breadcrumb"},"inLanguage":"fr-CA","potentialAction":[{"@type":"ReadAction","target":["https:\/\/yardforceca.com\/product\/yf48vrx-rer38-riding-mower\/"]}]},{"@type":"ImageObject","inLanguage":"fr-CA","@id":"https:\/\/yardforceca.com\/product\/yf48vrx-rer38-riding-mower\/#primaryimage","url":"https:\/\/yardforceca.com\/wp-content\/uploads\/2023\/05\/YF48vRX-Ride-Mower-1-Drama.webp","contentUrl":"https:\/\/yardforceca.com\/wp-content\/uploads\/2023\/05\/YF48vRX-Ride-Mower-1-Drama.webp","width":434,"height":393},{"@type":"BreadcrumbList","@id":"https:\/\/yardforceca.com\/product\/yf48vrx-rer38-riding-mower\/#breadcrumb","itemListElement":[{"@type":"ListItem","position":1,"name":"Home","item":"https:\/\/yardforceca.com\/"},{"@type":"ListItem","position":2,"name":"Shop","item":"https:\/\/yardforceca.com\/shop\/"},{"@type":"ListItem","position":3,"name":"YF48vRX-RER38 RIDING MOWER"}]},{"@type":"WebSite","@id":"https:\/\/yardforceca.com\/#website","url":"https:\/\/yardforceca.com\/","name":"YARDFORCE Canada","description":"L'entretien de la cour simplifi\u00e9.","potentialAction":[{"@type":"SearchAction","target":{"@type":"EntryPoint","urlTemplate":"https:\/\/yardforceca.com\/?s={search_term_string}"},"query-input":{"@type":"PropertyValueSpecification","valueRequired":true,"valueName":"search_term_string"}}],"inLanguage":"fr-CA"}]}},"_links":{"self":[{"href":"https:\/\/yardforceca.com\/fr\/wp-json\/wp\/v2\/product\/1236","targetHints":{"allow":["GET"]}}],"collection":[{"href":"https:\/\/yardforceca.com\/fr\/wp-json\/wp\/v2\/product"}],"about":[{"href":"https:\/\/yardforceca.com\/fr\/wp-json\/wp\/v2\/types\/product"}],"replies":[{"embeddable":true,"href":"https:\/\/yardforceca.com\/fr\/wp-json\/wp\/v2\/comments?post=1236"}],"wp:featuredmedia":[{"embeddable":true,"href":"https:\/\/yardforceca.com\/fr\/wp-json\/wp\/v2\/media\/1239"}],"wp:attachment":[{"href":"https:\/\/yardforceca.com\/fr\/wp-json\/wp\/v2\/media?parent=1236"}],"wp:term":[{"taxonomy":"product_brand","embeddable":true,"href":"https:\/\/yardforceca.com\/fr\/wp-json\/wp\/v2\/product_brand?post=1236"},{"taxonomy":"product_cat","embeddable":true,"href":"https:\/\/yardforceca.com\/fr\/wp-json\/wp\/v2\/product_cat?post=1236"},{"taxonomy":"product_tag","embeddable":true,"href":"https:\/\/yardforceca.com\/fr\/wp-json\/wp\/v2\/product_tag?post=1236"}],"curies":[{"name":"wp","href":"https:\/\/api.w.org\/{rel}","templated":true}]}}