{"id":1237,"date":"2023-05-15T06:23:35","date_gmt":"2023-05-15T06:23:35","guid":{"rendered":"https:\/\/yardforceca.com\/?post_type=product&#038;p=1237"},"modified":"2023-05-29T20:18:59","modified_gmt":"2023-05-29T20:18:59","slug":"yf60vrx-chainsaw","status":"publish","type":"product","link":"https:\/\/yardforceca.com\/fr\/produit\/yf60vrx-chainsaw\/","title":{"rendered":"YF60vRX CHAINSAW"},"content":{"rendered":"<p><strong>Caract\u00e9ristiques sup\u00e9rieures de sa cat\u00e9gorie :<\/strong><\/p>\n<ul>\n<li>60v Lithium-Ion Brushless Motor is the most powerful in its class<\/li>\n<li>Anti-Kickback Guard with Chain Brake<\/li>\n<li>Balanced handle configuration<\/li>\n<li>Push-button control<\/li>\n<li>16\u201d Oregon Bar and chain<\/li>\n<li>5-Year Warranty<\/li>\n<\/ul>\n<p><strong>Specifications:<\/strong><\/p>\n<ul>\n<li>Power: 60v DC Brushless Motor<\/li>\n<li>Battery: 60vRX Lithium-Ion<\/li>\n<li>Battery Capacity: 2.5 Ah \/ 150 Wh<\/li>\n<li>Runtime: Up to 32 minutes on 1 charge<\/li>\n<li>Charger: 2.5 Amp Fast Charge<\/li>\n<li>Cutting Chain: 16\u201d&#8221;<\/li>\n<\/ul>\n<div class=\"prod-btn\"><a href=\"https:\/\/yardforceca.com\/wp-content\/uploads\/2023\/05\/YF60vRX-CHAINSAW-VIDEO.mp4\" target=\"_blank\" rel=\"noopener\">En savoir plus<\/a><\/div>","protected":false},"excerpt":{"rendered":"<p>Superior Features in its Class: 60v Lithium-Ion Brushless Motor is the most powerful in its class Anti-Kickback Guard with Chain Brake Balanced handle configuration Push-button control 16\u201d Oregon Bar and chain 5-Year Warranty Specifications: Power: 60v DC Brushless Motor Battery: 60vRX Lithium-Ion Battery Capacity: 2.5 Ah \/ 150 Wh Runtime: Up to 32 minutes on [&hellip;]<\/p>","protected":false},"featured_media":1460,"comment_status":"open","ping_status":"closed","template":"","meta":{"_acf_changed":false,"_et_pb_use_builder":"off","_et_pb_old_content":"<strong>Superior Features in its Class:<\/strong>\r\n<ul>\r\n \t<li>60v Lithium-Ion Brushless Motor is the most powerful in its class<\/li>\r\n \t<li>Anti-Kickback Guard with Chain Brake<\/li>\r\n \t<li>Balanced handle configuration<\/li>\r\n \t<li>Push-button control<\/li>\r\n \t<li>16\u201d Oregon Bar and chain<\/li>\r\n \t<li>5-Year Warranty<\/li>\r\n<\/ul>\r\n<strong>Specifications:<\/strong>\r\n<ul>\r\n \t<li>Power: 60v DC Brushless Motor<\/li>\r\n \t<li>Battery: 60vRX Lithium-Ion<\/li>\r\n \t<li>Battery Capacity: 2.5 Ah \/ 150 Wh<\/li>\r\n \t<li>Runtime: Up to 32 minutes on 1 charge<\/li>\r\n \t<li>Charger: 2.5 Amp Fast Charge<\/li>\r\n \t<li>Cutting Chain: 16\u201d\"<\/li>\r\n<\/ul>\r\n<div class=\"prod-btn\"><a href=\"https:\/\/youtu.be\/utYtb6EGqNo\" target=\"_blank\" rel=\"noopener\">Read More<\/a><\/div>","_et_gb_content_width":""},"product_brand":[],"product_cat":[24],"product_tag":[],"class_list":{"0":"post-1237","1":"product","2":"type-product","3":"status-publish","4":"has-post-thumbnail","6":"product_cat-chainsaws","8":"first","9":"instock","10":"shipping-taxable","11":"product-type-simple"},"acf":[],"yoast_head":"<!-- This site is optimized with the Yoast SEO plugin v27.5 - https:\/\/yoast.com\/product\/yoast-seo-wordpress\/ -->\n<title>YF60vRX CHAINSAW - YARDFORCE Canada<\/title>\n<meta name=\"robots\" content=\"index, follow, max-snippet:-1, max-image-preview:large, max-video-preview:-1\" \/>\n<link rel=\"canonical\" href=\"https:\/\/yardforceca.com\/fr\/produit\/yf60vrx-chainsaw\/\" \/>\n<meta property=\"og:locale\" content=\"fr_CA\" \/>\n<meta property=\"og:type\" content=\"article\" \/>\n<meta property=\"og:title\" content=\"YF60vRX CHAINSAW - YARDFORCE Canada\" \/>\n<meta property=\"og:description\" content=\"Superior Features in its Class: 60v Lithium-Ion Brushless Motor is the most powerful in its class Anti-Kickback Guard with Chain Brake Balanced handle configuration Push-button control 16\u201d Oregon Bar and chain 5-Year Warranty Specifications: Power: 60v DC Brushless Motor Battery: 60vRX Lithium-Ion Battery Capacity: 2.5 Ah \/ 150 Wh Runtime: Up to 32 minutes on [&hellip;]\" \/>\n<meta property=\"og:url\" content=\"https:\/\/yardforceca.com\/fr\/produit\/yf60vrx-chainsaw\/\" \/>\n<meta property=\"og:site_name\" content=\"YARDFORCE Canada\" \/>\n<meta property=\"article:modified_time\" content=\"2023-05-29T20:18:59+00:00\" \/>\n<meta property=\"og:image\" content=\"https:\/\/yardforceca.com\/wp-content\/uploads\/2023\/05\/YF60vRX-Chainsaw-FL.png\" \/>\n\t<meta property=\"og:image:width\" content=\"468\" \/>\n\t<meta property=\"og:image:height\" content=\"468\" \/>\n\t<meta property=\"og:image:type\" content=\"image\/png\" \/>\n<meta name=\"twitter:card\" content=\"summary_large_image\" \/>\n<meta name=\"twitter:label1\" content=\"Estimation du temps de lecture\" \/>\n\t<meta name=\"twitter:data1\" content=\"1 minute\" \/>\n<script type=\"application\/ld+json\" class=\"yoast-schema-graph\">{\"@context\":\"https:\\\/\\\/schema.org\",\"@graph\":[{\"@type\":\"WebPage\",\"@id\":\"https:\\\/\\\/yardforceca.com\\\/product\\\/yf60vrx-chainsaw\\\/\",\"url\":\"https:\\\/\\\/yardforceca.com\\\/product\\\/yf60vrx-chainsaw\\\/\",\"name\":\"YF60vRX CHAINSAW - YARDFORCE Canada\",\"isPartOf\":{\"@id\":\"https:\\\/\\\/yardforceca.com\\\/#website\"},\"primaryImageOfPage\":{\"@id\":\"https:\\\/\\\/yardforceca.com\\\/product\\\/yf60vrx-chainsaw\\\/#primaryimage\"},\"image\":{\"@id\":\"https:\\\/\\\/yardforceca.com\\\/product\\\/yf60vrx-chainsaw\\\/#primaryimage\"},\"thumbnailUrl\":\"https:\\\/\\\/yardforceca.com\\\/wp-content\\\/uploads\\\/2023\\\/05\\\/YF60vRX-Chainsaw-FL.png\",\"datePublished\":\"2023-05-15T06:23:35+00:00\",\"dateModified\":\"2023-05-29T20:18:59+00:00\",\"breadcrumb\":{\"@id\":\"https:\\\/\\\/yardforceca.com\\\/product\\\/yf60vrx-chainsaw\\\/#breadcrumb\"},\"inLanguage\":\"fr-CA\",\"potentialAction\":[{\"@type\":\"ReadAction\",\"target\":[\"https:\\\/\\\/yardforceca.com\\\/product\\\/yf60vrx-chainsaw\\\/\"]}]},{\"@type\":\"ImageObject\",\"inLanguage\":\"fr-CA\",\"@id\":\"https:\\\/\\\/yardforceca.com\\\/product\\\/yf60vrx-chainsaw\\\/#primaryimage\",\"url\":\"https:\\\/\\\/yardforceca.com\\\/wp-content\\\/uploads\\\/2023\\\/05\\\/YF60vRX-Chainsaw-FL.png\",\"contentUrl\":\"https:\\\/\\\/yardforceca.com\\\/wp-content\\\/uploads\\\/2023\\\/05\\\/YF60vRX-Chainsaw-FL.png\",\"width\":468,\"height\":468},{\"@type\":\"BreadcrumbList\",\"@id\":\"https:\\\/\\\/yardforceca.com\\\/product\\\/yf60vrx-chainsaw\\\/#breadcrumb\",\"itemListElement\":[{\"@type\":\"ListItem\",\"position\":1,\"name\":\"Home\",\"item\":\"https:\\\/\\\/yardforceca.com\\\/\"},{\"@type\":\"ListItem\",\"position\":2,\"name\":\"Shop\",\"item\":\"https:\\\/\\\/yardforceca.com\\\/shop\\\/\"},{\"@type\":\"ListItem\",\"position\":3,\"name\":\"YF60vRX CHAINSAW\"}]},{\"@type\":\"WebSite\",\"@id\":\"https:\\\/\\\/yardforceca.com\\\/#website\",\"url\":\"https:\\\/\\\/yardforceca.com\\\/\",\"name\":\"YARDFORCE Canada\",\"description\":\"Yard Work Made Easy\",\"potentialAction\":[{\"@type\":\"SearchAction\",\"target\":{\"@type\":\"EntryPoint\",\"urlTemplate\":\"https:\\\/\\\/yardforceca.com\\\/?s={search_term_string}\"},\"query-input\":{\"@type\":\"PropertyValueSpecification\",\"valueRequired\":true,\"valueName\":\"search_term_string\"}}],\"inLanguage\":\"fr-CA\"}]}<\/script>\n<!-- \/ Yoast SEO plugin. -->","yoast_head_json":{"title":"YF60vRX CHAINSAW - YARDFORCE Canada","robots":{"index":"index","follow":"follow","max-snippet":"max-snippet:-1","max-image-preview":"max-image-preview:large","max-video-preview":"max-video-preview:-1"},"canonical":"https:\/\/yardforceca.com\/fr\/produit\/yf60vrx-chainsaw\/","og_locale":"fr_CA","og_type":"article","og_title":"YF60vRX CHAINSAW - YARDFORCE Canada","og_description":"Superior Features in its Class: 60v Lithium-Ion Brushless Motor is the most powerful in its class Anti-Kickback Guard with Chain Brake Balanced handle configuration Push-button control 16\u201d Oregon Bar and chain 5-Year Warranty Specifications: Power: 60v DC Brushless Motor Battery: 60vRX Lithium-Ion Battery Capacity: 2.5 Ah \/ 150 Wh Runtime: Up to 32 minutes on [&hellip;]","og_url":"https:\/\/yardforceca.com\/fr\/produit\/yf60vrx-chainsaw\/","og_site_name":"YARDFORCE Canada","article_modified_time":"2023-05-29T20:18:59+00:00","og_image":[{"width":468,"height":468,"url":"https:\/\/yardforceca.com\/wp-content\/uploads\/2023\/05\/YF60vRX-Chainsaw-FL.png","type":"image\/png"}],"twitter_card":"summary_large_image","twitter_misc":{"Estimation du temps de lecture":"1 minute"},"schema":{"@context":"https:\/\/schema.org","@graph":[{"@type":"WebPage","@id":"https:\/\/yardforceca.com\/product\/yf60vrx-chainsaw\/","url":"https:\/\/yardforceca.com\/product\/yf60vrx-chainsaw\/","name":"YF60vRX CHAINSAW - YARDFORCE Canada","isPartOf":{"@id":"https:\/\/yardforceca.com\/#website"},"primaryImageOfPage":{"@id":"https:\/\/yardforceca.com\/product\/yf60vrx-chainsaw\/#primaryimage"},"image":{"@id":"https:\/\/yardforceca.com\/product\/yf60vrx-chainsaw\/#primaryimage"},"thumbnailUrl":"https:\/\/yardforceca.com\/wp-content\/uploads\/2023\/05\/YF60vRX-Chainsaw-FL.png","datePublished":"2023-05-15T06:23:35+00:00","dateModified":"2023-05-29T20:18:59+00:00","breadcrumb":{"@id":"https:\/\/yardforceca.com\/product\/yf60vrx-chainsaw\/#breadcrumb"},"inLanguage":"fr-CA","potentialAction":[{"@type":"ReadAction","target":["https:\/\/yardforceca.com\/product\/yf60vrx-chainsaw\/"]}]},{"@type":"ImageObject","inLanguage":"fr-CA","@id":"https:\/\/yardforceca.com\/product\/yf60vrx-chainsaw\/#primaryimage","url":"https:\/\/yardforceca.com\/wp-content\/uploads\/2023\/05\/YF60vRX-Chainsaw-FL.png","contentUrl":"https:\/\/yardforceca.com\/wp-content\/uploads\/2023\/05\/YF60vRX-Chainsaw-FL.png","width":468,"height":468},{"@type":"BreadcrumbList","@id":"https:\/\/yardforceca.com\/product\/yf60vrx-chainsaw\/#breadcrumb","itemListElement":[{"@type":"ListItem","position":1,"name":"Home","item":"https:\/\/yardforceca.com\/"},{"@type":"ListItem","position":2,"name":"Shop","item":"https:\/\/yardforceca.com\/shop\/"},{"@type":"ListItem","position":3,"name":"YF60vRX CHAINSAW"}]},{"@type":"WebSite","@id":"https:\/\/yardforceca.com\/#website","url":"https:\/\/yardforceca.com\/","name":"YARDFORCE Canada","description":"L'entretien de la cour simplifi\u00e9.","potentialAction":[{"@type":"SearchAction","target":{"@type":"EntryPoint","urlTemplate":"https:\/\/yardforceca.com\/?s={search_term_string}"},"query-input":{"@type":"PropertyValueSpecification","valueRequired":true,"valueName":"search_term_string"}}],"inLanguage":"fr-CA"}]}},"_links":{"self":[{"href":"https:\/\/yardforceca.com\/fr\/wp-json\/wp\/v2\/product\/1237","targetHints":{"allow":["GET"]}}],"collection":[{"href":"https:\/\/yardforceca.com\/fr\/wp-json\/wp\/v2\/product"}],"about":[{"href":"https:\/\/yardforceca.com\/fr\/wp-json\/wp\/v2\/types\/product"}],"replies":[{"embeddable":true,"href":"https:\/\/yardforceca.com\/fr\/wp-json\/wp\/v2\/comments?post=1237"}],"wp:featuredmedia":[{"embeddable":true,"href":"https:\/\/yardforceca.com\/fr\/wp-json\/wp\/v2\/media\/1460"}],"wp:attachment":[{"href":"https:\/\/yardforceca.com\/fr\/wp-json\/wp\/v2\/media?parent=1237"}],"wp:term":[{"taxonomy":"product_brand","embeddable":true,"href":"https:\/\/yardforceca.com\/fr\/wp-json\/wp\/v2\/product_brand?post=1237"},{"taxonomy":"product_cat","embeddable":true,"href":"https:\/\/yardforceca.com\/fr\/wp-json\/wp\/v2\/product_cat?post=1237"},{"taxonomy":"product_tag","embeddable":true,"href":"https:\/\/yardforceca.com\/fr\/wp-json\/wp\/v2\/product_tag?post=1237"}],"curies":[{"name":"wp","href":"https:\/\/api.w.org\/{rel}","templated":true}]}}