{"id":1244,"date":"2023-05-15T06:30:51","date_gmt":"2023-05-15T06:30:51","guid":{"rendered":"https:\/\/yardforceca.com\/?post_type=product&#038;p=1244"},"modified":"2023-05-29T20:29:33","modified_gmt":"2023-05-29T20:29:33","slug":"yf60vrx-leaf-blower","status":"publish","type":"product","link":"https:\/\/yardforceca.com\/fr\/produit\/yf60vrx-leaf-blower\/","title":{"rendered":"YF60VRX LEAF BLOWER"},"content":{"rendered":"<p><strong>Caract\u00e9ristiques sup\u00e9rieures de sa cat\u00e9gorie :<\/strong><\/p>\n<ul>\n<li>60v Lithium-Ion with Brushless Motor with power boost is the most powerful in its class.<\/li>\n<li>3 Touch-Control speed settings and cruise control<\/li>\n<li>Turbo air intake<\/li>\n<li>Balanced handle configuration<\/li>\n<li>2 nozzle options for different applications<\/li>\n<li>5-Year Warranty<\/li>\n<\/ul>\n<p><strong>Specifications:<\/strong><\/p>\n<ul>\n<li>Power: 60v DC Brushless Motor<\/li>\n<li>Battery: 60vRX Lithium-Ion XTRA<\/li>\n<li>Battery Capacity: 2.5 Ah<\/li>\n<li>Charger: 2.5 Amp Fast Charger<\/li>\n<li>Air Force: 140 MPH<\/li>\n<li>Air Volume: 600 CFM&#8221;<\/li>\n<\/ul>\n<div class=\"prod-btn\"><a href=\"https:\/\/yardforceca.com\/wp-content\/uploads\/2023\/05\/YF60vRX-LEAF-BLOWER.mp4\" target=\"_blank\" rel=\"noopener\">En savoir plus<\/a><\/div>","protected":false},"excerpt":{"rendered":"<p>Superior Features in its Class: 60v Lithium-Ion with Brushless Motor with power boost is the most powerful in its class. 3 Touch-Control speed settings and cruise control Turbo air intake Balanced handle configuration 2 nozzle options for different applications 5-Year Warranty Specifications: Power: 60v DC Brushless Motor Battery: 60vRX Lithium-Ion XTRA Battery Capacity: 2.5 Ah [&hellip;]<\/p>","protected":false},"featured_media":1289,"comment_status":"open","ping_status":"closed","template":"","meta":{"_acf_changed":false,"_et_pb_use_builder":"","_et_pb_old_content":"","_et_gb_content_width":""},"product_brand":[],"product_cat":[26],"product_tag":[],"class_list":{"0":"post-1244","1":"product","2":"type-product","3":"status-publish","4":"has-post-thumbnail","6":"product_cat-leaf-blowers","8":"first","9":"instock","10":"shipping-taxable","11":"product-type-simple"},"acf":[],"yoast_head":"<!-- This site is optimized with the Yoast SEO plugin v27.5 - https:\/\/yoast.com\/product\/yoast-seo-wordpress\/ -->\n<title>YF60VRX LEAF BLOWER - YARDFORCE Canada<\/title>\n<meta name=\"robots\" content=\"index, follow, max-snippet:-1, max-image-preview:large, max-video-preview:-1\" \/>\n<link rel=\"canonical\" href=\"https:\/\/yardforceca.com\/fr\/produit\/yf60vrx-leaf-blower\/\" \/>\n<meta property=\"og:locale\" content=\"fr_CA\" \/>\n<meta property=\"og:type\" content=\"article\" \/>\n<meta property=\"og:title\" content=\"YF60VRX LEAF BLOWER - YARDFORCE Canada\" \/>\n<meta property=\"og:description\" content=\"Superior Features in its Class: 60v Lithium-Ion with Brushless Motor with power boost is the most powerful in its class. 3 Touch-Control speed settings and cruise control Turbo air intake Balanced handle configuration 2 nozzle options for different applications 5-Year Warranty Specifications: Power: 60v DC Brushless Motor Battery: 60vRX Lithium-Ion XTRA Battery Capacity: 2.5 Ah [&hellip;]\" \/>\n<meta property=\"og:url\" content=\"https:\/\/yardforceca.com\/fr\/produit\/yf60vrx-leaf-blower\/\" \/>\n<meta property=\"og:site_name\" content=\"YARDFORCE Canada\" \/>\n<meta property=\"article:modified_time\" content=\"2023-05-29T20:29:33+00:00\" \/>\n<meta property=\"og:image\" content=\"https:\/\/yardforceca.com\/wp-content\/uploads\/2023\/05\/YF60vRX-Leaf-Blower-FR.webp\" \/>\n\t<meta property=\"og:image:width\" content=\"611\" \/>\n\t<meta property=\"og:image:height\" content=\"404\" \/>\n\t<meta property=\"og:image:type\" content=\"image\/webp\" \/>\n<meta name=\"twitter:card\" content=\"summary_large_image\" \/>\n<meta name=\"twitter:label1\" content=\"Estimation du temps de lecture\" \/>\n\t<meta name=\"twitter:data1\" content=\"1 minute\" \/>\n<script type=\"application\/ld+json\" class=\"yoast-schema-graph\">{\"@context\":\"https:\\\/\\\/schema.org\",\"@graph\":[{\"@type\":\"WebPage\",\"@id\":\"https:\\\/\\\/yardforceca.com\\\/product\\\/yf60vrx-leaf-blower\\\/\",\"url\":\"https:\\\/\\\/yardforceca.com\\\/product\\\/yf60vrx-leaf-blower\\\/\",\"name\":\"YF60VRX LEAF BLOWER - YARDFORCE Canada\",\"isPartOf\":{\"@id\":\"https:\\\/\\\/yardforceca.com\\\/#website\"},\"primaryImageOfPage\":{\"@id\":\"https:\\\/\\\/yardforceca.com\\\/product\\\/yf60vrx-leaf-blower\\\/#primaryimage\"},\"image\":{\"@id\":\"https:\\\/\\\/yardforceca.com\\\/product\\\/yf60vrx-leaf-blower\\\/#primaryimage\"},\"thumbnailUrl\":\"https:\\\/\\\/yardforceca.com\\\/wp-content\\\/uploads\\\/2023\\\/05\\\/YF60vRX-Leaf-Blower-FR.webp\",\"datePublished\":\"2023-05-15T06:30:51+00:00\",\"dateModified\":\"2023-05-29T20:29:33+00:00\",\"breadcrumb\":{\"@id\":\"https:\\\/\\\/yardforceca.com\\\/product\\\/yf60vrx-leaf-blower\\\/#breadcrumb\"},\"inLanguage\":\"fr-CA\",\"potentialAction\":[{\"@type\":\"ReadAction\",\"target\":[\"https:\\\/\\\/yardforceca.com\\\/product\\\/yf60vrx-leaf-blower\\\/\"]}]},{\"@type\":\"ImageObject\",\"inLanguage\":\"fr-CA\",\"@id\":\"https:\\\/\\\/yardforceca.com\\\/product\\\/yf60vrx-leaf-blower\\\/#primaryimage\",\"url\":\"https:\\\/\\\/yardforceca.com\\\/wp-content\\\/uploads\\\/2023\\\/05\\\/YF60vRX-Leaf-Blower-FR.webp\",\"contentUrl\":\"https:\\\/\\\/yardforceca.com\\\/wp-content\\\/uploads\\\/2023\\\/05\\\/YF60vRX-Leaf-Blower-FR.webp\",\"width\":611,\"height\":404},{\"@type\":\"BreadcrumbList\",\"@id\":\"https:\\\/\\\/yardforceca.com\\\/product\\\/yf60vrx-leaf-blower\\\/#breadcrumb\",\"itemListElement\":[{\"@type\":\"ListItem\",\"position\":1,\"name\":\"Home\",\"item\":\"https:\\\/\\\/yardforceca.com\\\/\"},{\"@type\":\"ListItem\",\"position\":2,\"name\":\"Shop\",\"item\":\"https:\\\/\\\/yardforceca.com\\\/shop\\\/\"},{\"@type\":\"ListItem\",\"position\":3,\"name\":\"YF60VRX LEAF BLOWER\"}]},{\"@type\":\"WebSite\",\"@id\":\"https:\\\/\\\/yardforceca.com\\\/#website\",\"url\":\"https:\\\/\\\/yardforceca.com\\\/\",\"name\":\"YARDFORCE Canada\",\"description\":\"Yard Work Made Easy\",\"potentialAction\":[{\"@type\":\"SearchAction\",\"target\":{\"@type\":\"EntryPoint\",\"urlTemplate\":\"https:\\\/\\\/yardforceca.com\\\/?s={search_term_string}\"},\"query-input\":{\"@type\":\"PropertyValueSpecification\",\"valueRequired\":true,\"valueName\":\"search_term_string\"}}],\"inLanguage\":\"fr-CA\"}]}<\/script>\n<!-- \/ Yoast SEO plugin. -->","yoast_head_json":{"title":"YF60VRX LEAF BLOWER - YARDFORCE Canada","robots":{"index":"index","follow":"follow","max-snippet":"max-snippet:-1","max-image-preview":"max-image-preview:large","max-video-preview":"max-video-preview:-1"},"canonical":"https:\/\/yardforceca.com\/fr\/produit\/yf60vrx-leaf-blower\/","og_locale":"fr_CA","og_type":"article","og_title":"YF60VRX LEAF BLOWER - YARDFORCE Canada","og_description":"Superior Features in its Class: 60v Lithium-Ion with Brushless Motor with power boost is the most powerful in its class. 3 Touch-Control speed settings and cruise control Turbo air intake Balanced handle configuration 2 nozzle options for different applications 5-Year Warranty Specifications: Power: 60v DC Brushless Motor Battery: 60vRX Lithium-Ion XTRA Battery Capacity: 2.5 Ah [&hellip;]","og_url":"https:\/\/yardforceca.com\/fr\/produit\/yf60vrx-leaf-blower\/","og_site_name":"YARDFORCE Canada","article_modified_time":"2023-05-29T20:29:33+00:00","og_image":[{"width":611,"height":404,"url":"https:\/\/yardforceca.com\/wp-content\/uploads\/2023\/05\/YF60vRX-Leaf-Blower-FR.webp","type":"image\/webp"}],"twitter_card":"summary_large_image","twitter_misc":{"Estimation du temps de lecture":"1 minute"},"schema":{"@context":"https:\/\/schema.org","@graph":[{"@type":"WebPage","@id":"https:\/\/yardforceca.com\/product\/yf60vrx-leaf-blower\/","url":"https:\/\/yardforceca.com\/product\/yf60vrx-leaf-blower\/","name":"YF60VRX LEAF BLOWER - YARDFORCE Canada","isPartOf":{"@id":"https:\/\/yardforceca.com\/#website"},"primaryImageOfPage":{"@id":"https:\/\/yardforceca.com\/product\/yf60vrx-leaf-blower\/#primaryimage"},"image":{"@id":"https:\/\/yardforceca.com\/product\/yf60vrx-leaf-blower\/#primaryimage"},"thumbnailUrl":"https:\/\/yardforceca.com\/wp-content\/uploads\/2023\/05\/YF60vRX-Leaf-Blower-FR.webp","datePublished":"2023-05-15T06:30:51+00:00","dateModified":"2023-05-29T20:29:33+00:00","breadcrumb":{"@id":"https:\/\/yardforceca.com\/product\/yf60vrx-leaf-blower\/#breadcrumb"},"inLanguage":"fr-CA","potentialAction":[{"@type":"ReadAction","target":["https:\/\/yardforceca.com\/product\/yf60vrx-leaf-blower\/"]}]},{"@type":"ImageObject","inLanguage":"fr-CA","@id":"https:\/\/yardforceca.com\/product\/yf60vrx-leaf-blower\/#primaryimage","url":"https:\/\/yardforceca.com\/wp-content\/uploads\/2023\/05\/YF60vRX-Leaf-Blower-FR.webp","contentUrl":"https:\/\/yardforceca.com\/wp-content\/uploads\/2023\/05\/YF60vRX-Leaf-Blower-FR.webp","width":611,"height":404},{"@type":"BreadcrumbList","@id":"https:\/\/yardforceca.com\/product\/yf60vrx-leaf-blower\/#breadcrumb","itemListElement":[{"@type":"ListItem","position":1,"name":"Home","item":"https:\/\/yardforceca.com\/"},{"@type":"ListItem","position":2,"name":"Shop","item":"https:\/\/yardforceca.com\/shop\/"},{"@type":"ListItem","position":3,"name":"YF60VRX LEAF BLOWER"}]},{"@type":"WebSite","@id":"https:\/\/yardforceca.com\/#website","url":"https:\/\/yardforceca.com\/","name":"YARDFORCE Canada","description":"L'entretien de la cour simplifi\u00e9.","potentialAction":[{"@type":"SearchAction","target":{"@type":"EntryPoint","urlTemplate":"https:\/\/yardforceca.com\/?s={search_term_string}"},"query-input":{"@type":"PropertyValueSpecification","valueRequired":true,"valueName":"search_term_string"}}],"inLanguage":"fr-CA"}]}},"_links":{"self":[{"href":"https:\/\/yardforceca.com\/fr\/wp-json\/wp\/v2\/product\/1244","targetHints":{"allow":["GET"]}}],"collection":[{"href":"https:\/\/yardforceca.com\/fr\/wp-json\/wp\/v2\/product"}],"about":[{"href":"https:\/\/yardforceca.com\/fr\/wp-json\/wp\/v2\/types\/product"}],"replies":[{"embeddable":true,"href":"https:\/\/yardforceca.com\/fr\/wp-json\/wp\/v2\/comments?post=1244"}],"wp:featuredmedia":[{"embeddable":true,"href":"https:\/\/yardforceca.com\/fr\/wp-json\/wp\/v2\/media\/1289"}],"wp:attachment":[{"href":"https:\/\/yardforceca.com\/fr\/wp-json\/wp\/v2\/media?parent=1244"}],"wp:term":[{"taxonomy":"product_brand","embeddable":true,"href":"https:\/\/yardforceca.com\/fr\/wp-json\/wp\/v2\/product_brand?post=1244"},{"taxonomy":"product_cat","embeddable":true,"href":"https:\/\/yardforceca.com\/fr\/wp-json\/wp\/v2\/product_cat?post=1244"},{"taxonomy":"product_tag","embeddable":true,"href":"https:\/\/yardforceca.com\/fr\/wp-json\/wp\/v2\/product_tag?post=1244"}],"curies":[{"name":"wp","href":"https:\/\/api.w.org\/{rel}","templated":true}]}}