{"id":1246,"date":"2023-05-15T06:32:02","date_gmt":"2023-05-15T06:32:02","guid":{"rendered":"https:\/\/yardforceca.com\/?post_type=product&#038;p=1246"},"modified":"2023-06-01T17:06:26","modified_gmt":"2023-06-01T17:06:26","slug":"yf120vrx-snow-blower","status":"publish","type":"product","link":"https:\/\/yardforceca.com\/fr\/produit\/yf120vrx-snow-blower\/","title":{"rendered":"YF120vRX SNOW BLOWER"},"content":{"rendered":"<p style=\"font-weight: 400;\"><strong>Caract\u00e9ristiques sup\u00e9rieures de sa cat\u00e9gorie :<\/strong><\/p>\n<ul>\n<li style=\"font-weight: 400;\">120v Lithium-Ion with Brushless Motor with power boost is the most powerful in its class.<\/li>\n<li style=\"font-weight: 400;\">Clearing Width: 24 inch<\/li>\n<li style=\"font-weight: 400;\">Depth of Snow Cut: 21 inch<\/li>\n<li style=\"font-weight: 400;\">Manual chute adjustment: 180\u00b0<\/li>\n<li style=\"font-weight: 400;\">Throwing distance: 40\u2019<\/li>\n<li style=\"font-weight: 400;\">FEATURES: Simultaneous Engagement System (Interlock system between drive and auger lever), Built-in power steering system, Steel auger and housing, Steel chute and deflector, 16&#8243; pneumatic wheels, LED light, Chute cleaning stick<\/li>\n<li style=\"font-weight: 400;\">5-Year Warranty<\/li>\n<\/ul>\n<p>YARDFORCE powerful 120v Lithium-Ion battery produces up to 30 minutes of whisper-quiet runtime on a fully charged 4.0 Ah battery (battery and charger included).<\/p>\n<p>&nbsp;<\/p>\n<div class=\"prod-btn\"><a href=\"https:\/\/yardforceca.com\/wp-content\/uploads\/2023\/05\/YF120vRX-Snow-Blower.mp4\" target=\"_blank\" rel=\"noopener\">En savoir plus<\/a><\/div>","protected":false},"excerpt":{"rendered":"<p>Superior Features in its Class: 120v Lithium-Ion with Brushless Motor with power boost is the most powerful in its class. Clearing Width: 24 inch Depth of Snow Cut: 21 inch Manual chute adjustment: 180\u00b0 Throwing distance: 40\u2019 FEATURES: Simultaneous Engagement System (Interlock system between drive and auger lever), Built-in power steering system, Steel auger and [&hellip;]<\/p>","protected":false},"featured_media":1305,"comment_status":"open","ping_status":"closed","template":"","meta":{"_acf_changed":false,"_et_pb_use_builder":"","_et_pb_old_content":"","_et_gb_content_width":""},"product_brand":[],"product_cat":[27],"product_tag":[],"class_list":{"0":"post-1246","1":"product","2":"type-product","3":"status-publish","4":"has-post-thumbnail","6":"product_cat-snow-blowers","8":"first","9":"instock","10":"shipping-taxable","11":"product-type-simple"},"acf":[],"yoast_head":"<!-- This site is optimized with the Yoast SEO plugin v27.5 - https:\/\/yoast.com\/product\/yoast-seo-wordpress\/ -->\n<title>YF120vRX SNOW BLOWER - YARDFORCE Canada<\/title>\n<meta name=\"robots\" content=\"index, follow, max-snippet:-1, max-image-preview:large, max-video-preview:-1\" \/>\n<link rel=\"canonical\" href=\"https:\/\/yardforceca.com\/fr\/produit\/yf120vrx-snow-blower\/\" \/>\n<meta property=\"og:locale\" content=\"fr_CA\" \/>\n<meta property=\"og:type\" content=\"article\" \/>\n<meta property=\"og:title\" content=\"YF120vRX SNOW BLOWER - YARDFORCE Canada\" \/>\n<meta property=\"og:description\" content=\"Superior Features in its Class: 120v Lithium-Ion with Brushless Motor with power boost is the most powerful in its class. Clearing Width: 24 inch Depth of Snow Cut: 21 inch Manual chute adjustment: 180\u00b0 Throwing distance: 40\u2019 FEATURES: Simultaneous Engagement System (Interlock system between drive and auger lever), Built-in power steering system, Steel auger and [&hellip;]\" \/>\n<meta property=\"og:url\" content=\"https:\/\/yardforceca.com\/fr\/produit\/yf120vrx-snow-blower\/\" \/>\n<meta property=\"og:site_name\" content=\"YARDFORCE Canada\" \/>\n<meta property=\"article:modified_time\" content=\"2023-06-01T17:06:26+00:00\" \/>\n<meta property=\"og:image\" content=\"https:\/\/yardforceca.com\/wp-content\/uploads\/2023\/05\/YF120vRX-Snow-Blower-Drama.webp\" \/>\n\t<meta property=\"og:image:width\" content=\"452\" \/>\n\t<meta property=\"og:image:height\" content=\"451\" \/>\n\t<meta property=\"og:image:type\" content=\"image\/webp\" \/>\n<meta name=\"twitter:card\" content=\"summary_large_image\" \/>\n<meta name=\"twitter:label1\" content=\"Estimation du temps de lecture\" \/>\n\t<meta name=\"twitter:data1\" content=\"1 minute\" \/>\n<script type=\"application\/ld+json\" class=\"yoast-schema-graph\">{\"@context\":\"https:\\\/\\\/schema.org\",\"@graph\":[{\"@type\":\"WebPage\",\"@id\":\"https:\\\/\\\/yardforceca.com\\\/product\\\/yf120vrx-snow-blower\\\/\",\"url\":\"https:\\\/\\\/yardforceca.com\\\/product\\\/yf120vrx-snow-blower\\\/\",\"name\":\"YF120vRX SNOW BLOWER - YARDFORCE Canada\",\"isPartOf\":{\"@id\":\"https:\\\/\\\/yardforceca.com\\\/#website\"},\"primaryImageOfPage\":{\"@id\":\"https:\\\/\\\/yardforceca.com\\\/product\\\/yf120vrx-snow-blower\\\/#primaryimage\"},\"image\":{\"@id\":\"https:\\\/\\\/yardforceca.com\\\/product\\\/yf120vrx-snow-blower\\\/#primaryimage\"},\"thumbnailUrl\":\"https:\\\/\\\/yardforceca.com\\\/wp-content\\\/uploads\\\/2023\\\/05\\\/YF120vRX-Snow-Blower-Drama.webp\",\"datePublished\":\"2023-05-15T06:32:02+00:00\",\"dateModified\":\"2023-06-01T17:06:26+00:00\",\"breadcrumb\":{\"@id\":\"https:\\\/\\\/yardforceca.com\\\/product\\\/yf120vrx-snow-blower\\\/#breadcrumb\"},\"inLanguage\":\"fr-CA\",\"potentialAction\":[{\"@type\":\"ReadAction\",\"target\":[\"https:\\\/\\\/yardforceca.com\\\/product\\\/yf120vrx-snow-blower\\\/\"]}]},{\"@type\":\"ImageObject\",\"inLanguage\":\"fr-CA\",\"@id\":\"https:\\\/\\\/yardforceca.com\\\/product\\\/yf120vrx-snow-blower\\\/#primaryimage\",\"url\":\"https:\\\/\\\/yardforceca.com\\\/wp-content\\\/uploads\\\/2023\\\/05\\\/YF120vRX-Snow-Blower-Drama.webp\",\"contentUrl\":\"https:\\\/\\\/yardforceca.com\\\/wp-content\\\/uploads\\\/2023\\\/05\\\/YF120vRX-Snow-Blower-Drama.webp\",\"width\":452,\"height\":451},{\"@type\":\"BreadcrumbList\",\"@id\":\"https:\\\/\\\/yardforceca.com\\\/product\\\/yf120vrx-snow-blower\\\/#breadcrumb\",\"itemListElement\":[{\"@type\":\"ListItem\",\"position\":1,\"name\":\"Home\",\"item\":\"https:\\\/\\\/yardforceca.com\\\/\"},{\"@type\":\"ListItem\",\"position\":2,\"name\":\"Shop\",\"item\":\"https:\\\/\\\/yardforceca.com\\\/shop\\\/\"},{\"@type\":\"ListItem\",\"position\":3,\"name\":\"YF120vRX SNOW BLOWER\"}]},{\"@type\":\"WebSite\",\"@id\":\"https:\\\/\\\/yardforceca.com\\\/#website\",\"url\":\"https:\\\/\\\/yardforceca.com\\\/\",\"name\":\"YARDFORCE Canada\",\"description\":\"Yard Work Made Easy\",\"potentialAction\":[{\"@type\":\"SearchAction\",\"target\":{\"@type\":\"EntryPoint\",\"urlTemplate\":\"https:\\\/\\\/yardforceca.com\\\/?s={search_term_string}\"},\"query-input\":{\"@type\":\"PropertyValueSpecification\",\"valueRequired\":true,\"valueName\":\"search_term_string\"}}],\"inLanguage\":\"fr-CA\"}]}<\/script>\n<!-- \/ Yoast SEO plugin. -->","yoast_head_json":{"title":"YF120vRX SNOW BLOWER - YARDFORCE Canada","robots":{"index":"index","follow":"follow","max-snippet":"max-snippet:-1","max-image-preview":"max-image-preview:large","max-video-preview":"max-video-preview:-1"},"canonical":"https:\/\/yardforceca.com\/fr\/produit\/yf120vrx-snow-blower\/","og_locale":"fr_CA","og_type":"article","og_title":"YF120vRX SNOW BLOWER - YARDFORCE Canada","og_description":"Superior Features in its Class: 120v Lithium-Ion with Brushless Motor with power boost is the most powerful in its class. Clearing Width: 24 inch Depth of Snow Cut: 21 inch Manual chute adjustment: 180\u00b0 Throwing distance: 40\u2019 FEATURES: Simultaneous Engagement System (Interlock system between drive and auger lever), Built-in power steering system, Steel auger and [&hellip;]","og_url":"https:\/\/yardforceca.com\/fr\/produit\/yf120vrx-snow-blower\/","og_site_name":"YARDFORCE Canada","article_modified_time":"2023-06-01T17:06:26+00:00","og_image":[{"width":452,"height":451,"url":"https:\/\/yardforceca.com\/wp-content\/uploads\/2023\/05\/YF120vRX-Snow-Blower-Drama.webp","type":"image\/webp"}],"twitter_card":"summary_large_image","twitter_misc":{"Estimation du temps de lecture":"1 minute"},"schema":{"@context":"https:\/\/schema.org","@graph":[{"@type":"WebPage","@id":"https:\/\/yardforceca.com\/product\/yf120vrx-snow-blower\/","url":"https:\/\/yardforceca.com\/product\/yf120vrx-snow-blower\/","name":"YF120vRX SNOW BLOWER - YARDFORCE Canada","isPartOf":{"@id":"https:\/\/yardforceca.com\/#website"},"primaryImageOfPage":{"@id":"https:\/\/yardforceca.com\/product\/yf120vrx-snow-blower\/#primaryimage"},"image":{"@id":"https:\/\/yardforceca.com\/product\/yf120vrx-snow-blower\/#primaryimage"},"thumbnailUrl":"https:\/\/yardforceca.com\/wp-content\/uploads\/2023\/05\/YF120vRX-Snow-Blower-Drama.webp","datePublished":"2023-05-15T06:32:02+00:00","dateModified":"2023-06-01T17:06:26+00:00","breadcrumb":{"@id":"https:\/\/yardforceca.com\/product\/yf120vrx-snow-blower\/#breadcrumb"},"inLanguage":"fr-CA","potentialAction":[{"@type":"ReadAction","target":["https:\/\/yardforceca.com\/product\/yf120vrx-snow-blower\/"]}]},{"@type":"ImageObject","inLanguage":"fr-CA","@id":"https:\/\/yardforceca.com\/product\/yf120vrx-snow-blower\/#primaryimage","url":"https:\/\/yardforceca.com\/wp-content\/uploads\/2023\/05\/YF120vRX-Snow-Blower-Drama.webp","contentUrl":"https:\/\/yardforceca.com\/wp-content\/uploads\/2023\/05\/YF120vRX-Snow-Blower-Drama.webp","width":452,"height":451},{"@type":"BreadcrumbList","@id":"https:\/\/yardforceca.com\/product\/yf120vrx-snow-blower\/#breadcrumb","itemListElement":[{"@type":"ListItem","position":1,"name":"Home","item":"https:\/\/yardforceca.com\/"},{"@type":"ListItem","position":2,"name":"Shop","item":"https:\/\/yardforceca.com\/shop\/"},{"@type":"ListItem","position":3,"name":"YF120vRX SNOW BLOWER"}]},{"@type":"WebSite","@id":"https:\/\/yardforceca.com\/#website","url":"https:\/\/yardforceca.com\/","name":"YARDFORCE Canada","description":"L'entretien de la cour simplifi\u00e9.","potentialAction":[{"@type":"SearchAction","target":{"@type":"EntryPoint","urlTemplate":"https:\/\/yardforceca.com\/?s={search_term_string}"},"query-input":{"@type":"PropertyValueSpecification","valueRequired":true,"valueName":"search_term_string"}}],"inLanguage":"fr-CA"}]}},"_links":{"self":[{"href":"https:\/\/yardforceca.com\/fr\/wp-json\/wp\/v2\/product\/1246","targetHints":{"allow":["GET"]}}],"collection":[{"href":"https:\/\/yardforceca.com\/fr\/wp-json\/wp\/v2\/product"}],"about":[{"href":"https:\/\/yardforceca.com\/fr\/wp-json\/wp\/v2\/types\/product"}],"replies":[{"embeddable":true,"href":"https:\/\/yardforceca.com\/fr\/wp-json\/wp\/v2\/comments?post=1246"}],"wp:featuredmedia":[{"embeddable":true,"href":"https:\/\/yardforceca.com\/fr\/wp-json\/wp\/v2\/media\/1305"}],"wp:attachment":[{"href":"https:\/\/yardforceca.com\/fr\/wp-json\/wp\/v2\/media?parent=1246"}],"wp:term":[{"taxonomy":"product_brand","embeddable":true,"href":"https:\/\/yardforceca.com\/fr\/wp-json\/wp\/v2\/product_brand?post=1246"},{"taxonomy":"product_cat","embeddable":true,"href":"https:\/\/yardforceca.com\/fr\/wp-json\/wp\/v2\/product_cat?post=1246"},{"taxonomy":"product_tag","embeddable":true,"href":"https:\/\/yardforceca.com\/fr\/wp-json\/wp\/v2\/product_tag?post=1246"}],"curies":[{"name":"wp","href":"https:\/\/api.w.org\/{rel}","templated":true}]}}