{"id":2533,"date":"2023-05-15T06:32:02","date_gmt":"2023-05-15T06:32:02","guid":{"rendered":"https:\/\/yardforceca.com\/product\/souffleuse-yf120vrx\/"},"modified":"2023-05-15T06:32:02","modified_gmt":"2023-05-15T06:32:02","slug":"souffleuse-yf120vrx","status":"publish","type":"product","link":"https:\/\/yardforceca.com\/fr\/produit\/souffleuse-yf120vrx\/","title":{"rendered":"Souffleuse YF120vRX"},"content":{"rendered":"<p style=\"font-weight: 400;\"><strong>Caract\u00e9ristiques sup\u00e9rieures \u00e0 celles de sa cat\u00e9gorie :<\/strong><\/p>\n<ul>\n<li style=\"font-weight: 400;\">Le moteur sans balais 120v Lithium-Ion avec Power Boost est le plus puissant de sa cat\u00e9gorie.<\/li>\n<li style=\"font-weight: 400;\">Largeur de d\u00e9gagement : 24 pouces<\/li>\n<li style=\"font-weight: 400;\">\u00c9paisseur de la neige coup\u00e9e : 21 pouces<\/li>\n<li style=\"font-weight: 400;\">R\u00e9glage manuel de la goulotte : 180\u00b0<\/li>\n<li style=\"font-weight: 400;\">Distance de lancement : 40&#8242;<\/li>\n<li style=\"font-weight: 400;\">CARACT\u00c9RISTIQUES : Syst\u00e8me d&#8217;engagement simultan\u00e9 (syst\u00e8me d&#8217;interverrouillage entre le levier d&#8217;entra\u00eenement et celui de la vis sans fin), syst\u00e8me de direction assist\u00e9e int\u00e9gr\u00e9, vis sans fin et carter en acier, goulotte et d\u00e9flecteur en acier, roues pneumatiques de 16&#8243;, \u00e9clairage LED, b\u00e2ton de nettoyage de la goulotte.<\/li>\n<li style=\"font-weight: 400;\">Garantie de 5 ans<\/li>\n<\/ul>\n<p>  La puissante batterie au lithium-ion de 120 V de YARDFORCE produit jusqu&#8217;\u00e0 30 minutes d&#8217;autonomie silencieuse avec une batterie de 4,0 Ah enti\u00e8rement charg\u00e9e (batterie et chargeur inclus).  &nbsp;<\/p>\n<div class=\"prod-btn\"><a href=\"https:\/\/yardforceca.com\/wp-content\/uploads\/2023\/05\/YF120vRX-Snow-Blower.mp4\" target=\"_blank\" rel=\"noopener\">En savoir plus<\/a><\/div>","protected":false},"excerpt":{"rendered":"<p>Caract\u00e9ristiques sup\u00e9rieures \u00e0 celles de sa cat\u00e9gorie : Le moteur sans balais 120v Lithium-Ion avec Power Boost est le plus puissant de sa cat\u00e9gorie. Largeur de d\u00e9gagement : 24 pouces \u00c9paisseur de la neige coup\u00e9e : 21 pouces R\u00e9glage manuel de la goulotte : 180\u00b0 Distance de lancement : 40&#8242; CARACT\u00c9RISTIQUES : Syst\u00e8me d&#8217;engagement simultan\u00e9 [&hellip;]<\/p>","protected":false},"featured_media":2497,"comment_status":"open","ping_status":"closed","template":"","meta":{"_acf_changed":false,"_et_pb_use_builder":"","_et_pb_old_content":"","_et_gb_content_width":""},"product_brand":[],"product_cat":[38],"product_tag":[],"class_list":{"0":"post-2533","1":"product","2":"type-product","3":"status-publish","4":"has-post-thumbnail","6":"product_cat-souffleurs-de-neige","8":"first","9":"instock","10":"shipping-taxable","11":"product-type-simple"},"acf":[],"yoast_head":"<!-- This site is optimized with the Yoast SEO plugin v27.5 - https:\/\/yoast.com\/product\/yoast-seo-wordpress\/ -->\n<title>Souffleuse YF120vRX - YARDFORCE Canada<\/title>\n<meta name=\"robots\" content=\"index, follow, max-snippet:-1, max-image-preview:large, max-video-preview:-1\" \/>\n<link rel=\"canonical\" href=\"https:\/\/yardforceca.com\/fr\/product\/souffleuse-yf120vrx\/\" \/>\n<meta property=\"og:locale\" content=\"fr_CA\" \/>\n<meta property=\"og:type\" content=\"article\" \/>\n<meta property=\"og:title\" content=\"Souffleuse YF120vRX - YARDFORCE Canada\" \/>\n<meta property=\"og:description\" content=\"Caract\u00e9ristiques sup\u00e9rieures \u00e0 celles de sa cat\u00e9gorie : Le moteur sans balais 120v Lithium-Ion avec Power Boost est le plus puissant de sa cat\u00e9gorie. Largeur de d\u00e9gagement : 24 pouces \u00c9paisseur de la neige coup\u00e9e : 21 pouces R\u00e9glage manuel de la goulotte : 180\u00b0 Distance de lancement : 40&#8242; CARACT\u00c9RISTIQUES : Syst\u00e8me d&#8217;engagement simultan\u00e9 [&hellip;]\" \/>\n<meta property=\"og:url\" content=\"https:\/\/yardforceca.com\/fr\/product\/souffleuse-yf120vrx\/\" \/>\n<meta property=\"og:site_name\" content=\"YARDFORCE Canada\" \/>\n<meta property=\"og:image\" content=\"https:\/\/yardforceca.com\/wp-content\/uploads\/2023\/05\/YF120vRX-Snow-Blower-Drama.webp\" \/>\n\t<meta property=\"og:image:width\" content=\"452\" \/>\n\t<meta property=\"og:image:height\" content=\"451\" \/>\n\t<meta property=\"og:image:type\" content=\"image\/webp\" \/>\n<meta name=\"twitter:card\" content=\"summary_large_image\" \/>\n<meta name=\"twitter:label1\" content=\"Estimation du temps de lecture\" \/>\n\t<meta name=\"twitter:data1\" content=\"1 minute\" \/>\n<script type=\"application\/ld+json\" class=\"yoast-schema-graph\">{\"@context\":\"https:\\\/\\\/schema.org\",\"@graph\":[{\"@type\":\"WebPage\",\"@id\":\"https:\\\/\\\/yardforceca.com\\\/fr\\\/product\\\/souffleuse-yf120vrx\\\/\",\"url\":\"https:\\\/\\\/yardforceca.com\\\/fr\\\/product\\\/souffleuse-yf120vrx\\\/\",\"name\":\"Souffleuse YF120vRX - YARDFORCE Canada\",\"isPartOf\":{\"@id\":\"https:\\\/\\\/yardforceca.com\\\/#website\"},\"primaryImageOfPage\":{\"@id\":\"https:\\\/\\\/yardforceca.com\\\/fr\\\/product\\\/souffleuse-yf120vrx\\\/#primaryimage\"},\"image\":{\"@id\":\"https:\\\/\\\/yardforceca.com\\\/fr\\\/product\\\/souffleuse-yf120vrx\\\/#primaryimage\"},\"thumbnailUrl\":\"https:\\\/\\\/yardforceca.com\\\/wp-content\\\/uploads\\\/2023\\\/05\\\/YF120vRX-Snow-Blower-Drama.webp\",\"datePublished\":\"2023-05-15T06:32:02+00:00\",\"breadcrumb\":{\"@id\":\"https:\\\/\\\/yardforceca.com\\\/fr\\\/product\\\/souffleuse-yf120vrx\\\/#breadcrumb\"},\"inLanguage\":\"fr-CA\",\"potentialAction\":[{\"@type\":\"ReadAction\",\"target\":[\"https:\\\/\\\/yardforceca.com\\\/fr\\\/product\\\/souffleuse-yf120vrx\\\/\"]}]},{\"@type\":\"ImageObject\",\"inLanguage\":\"fr-CA\",\"@id\":\"https:\\\/\\\/yardforceca.com\\\/fr\\\/product\\\/souffleuse-yf120vrx\\\/#primaryimage\",\"url\":\"https:\\\/\\\/yardforceca.com\\\/wp-content\\\/uploads\\\/2023\\\/05\\\/YF120vRX-Snow-Blower-Drama.webp\",\"contentUrl\":\"https:\\\/\\\/yardforceca.com\\\/wp-content\\\/uploads\\\/2023\\\/05\\\/YF120vRX-Snow-Blower-Drama.webp\",\"width\":452,\"height\":451},{\"@type\":\"BreadcrumbList\",\"@id\":\"https:\\\/\\\/yardforceca.com\\\/fr\\\/product\\\/souffleuse-yf120vrx\\\/#breadcrumb\",\"itemListElement\":[{\"@type\":\"ListItem\",\"position\":1,\"name\":\"Home\",\"item\":\"https:\\\/\\\/yardforceca.com\\\/\"},{\"@type\":\"ListItem\",\"position\":2,\"name\":\"Shop\",\"item\":\"https:\\\/\\\/yardforceca.com\\\/shop\\\/\"},{\"@type\":\"ListItem\",\"position\":3,\"name\":\"Souffleuse YF120vRX\"}]},{\"@type\":\"WebSite\",\"@id\":\"https:\\\/\\\/yardforceca.com\\\/#website\",\"url\":\"https:\\\/\\\/yardforceca.com\\\/\",\"name\":\"YARDFORCE Canada\",\"description\":\"Yard Work Made Easy\",\"potentialAction\":[{\"@type\":\"SearchAction\",\"target\":{\"@type\":\"EntryPoint\",\"urlTemplate\":\"https:\\\/\\\/yardforceca.com\\\/?s={search_term_string}\"},\"query-input\":{\"@type\":\"PropertyValueSpecification\",\"valueRequired\":true,\"valueName\":\"search_term_string\"}}],\"inLanguage\":\"fr-CA\"}]}<\/script>\n<!-- \/ Yoast SEO plugin. -->","yoast_head_json":{"title":"Souffleuse YF120vRX - YARDFORCE Canada","robots":{"index":"index","follow":"follow","max-snippet":"max-snippet:-1","max-image-preview":"max-image-preview:large","max-video-preview":"max-video-preview:-1"},"canonical":"https:\/\/yardforceca.com\/fr\/product\/souffleuse-yf120vrx\/","og_locale":"fr_CA","og_type":"article","og_title":"Souffleuse YF120vRX - YARDFORCE Canada","og_description":"Caract\u00e9ristiques sup\u00e9rieures \u00e0 celles de sa cat\u00e9gorie : Le moteur sans balais 120v Lithium-Ion avec Power Boost est le plus puissant de sa cat\u00e9gorie. Largeur de d\u00e9gagement : 24 pouces \u00c9paisseur de la neige coup\u00e9e : 21 pouces R\u00e9glage manuel de la goulotte : 180\u00b0 Distance de lancement : 40&#8242; CARACT\u00c9RISTIQUES : Syst\u00e8me d&#8217;engagement simultan\u00e9 [&hellip;]","og_url":"https:\/\/yardforceca.com\/fr\/product\/souffleuse-yf120vrx\/","og_site_name":"YARDFORCE Canada","og_image":[{"width":452,"height":451,"url":"https:\/\/yardforceca.com\/wp-content\/uploads\/2023\/05\/YF120vRX-Snow-Blower-Drama.webp","type":"image\/webp"}],"twitter_card":"summary_large_image","twitter_misc":{"Estimation du temps de lecture":"1 minute"},"schema":{"@context":"https:\/\/schema.org","@graph":[{"@type":"WebPage","@id":"https:\/\/yardforceca.com\/fr\/product\/souffleuse-yf120vrx\/","url":"https:\/\/yardforceca.com\/fr\/product\/souffleuse-yf120vrx\/","name":"Souffleuse YF120vRX - YARDFORCE Canada","isPartOf":{"@id":"https:\/\/yardforceca.com\/#website"},"primaryImageOfPage":{"@id":"https:\/\/yardforceca.com\/fr\/product\/souffleuse-yf120vrx\/#primaryimage"},"image":{"@id":"https:\/\/yardforceca.com\/fr\/product\/souffleuse-yf120vrx\/#primaryimage"},"thumbnailUrl":"https:\/\/yardforceca.com\/wp-content\/uploads\/2023\/05\/YF120vRX-Snow-Blower-Drama.webp","datePublished":"2023-05-15T06:32:02+00:00","breadcrumb":{"@id":"https:\/\/yardforceca.com\/fr\/product\/souffleuse-yf120vrx\/#breadcrumb"},"inLanguage":"fr-CA","potentialAction":[{"@type":"ReadAction","target":["https:\/\/yardforceca.com\/fr\/product\/souffleuse-yf120vrx\/"]}]},{"@type":"ImageObject","inLanguage":"fr-CA","@id":"https:\/\/yardforceca.com\/fr\/product\/souffleuse-yf120vrx\/#primaryimage","url":"https:\/\/yardforceca.com\/wp-content\/uploads\/2023\/05\/YF120vRX-Snow-Blower-Drama.webp","contentUrl":"https:\/\/yardforceca.com\/wp-content\/uploads\/2023\/05\/YF120vRX-Snow-Blower-Drama.webp","width":452,"height":451},{"@type":"BreadcrumbList","@id":"https:\/\/yardforceca.com\/fr\/product\/souffleuse-yf120vrx\/#breadcrumb","itemListElement":[{"@type":"ListItem","position":1,"name":"Home","item":"https:\/\/yardforceca.com\/"},{"@type":"ListItem","position":2,"name":"Shop","item":"https:\/\/yardforceca.com\/shop\/"},{"@type":"ListItem","position":3,"name":"Souffleuse YF120vRX"}]},{"@type":"WebSite","@id":"https:\/\/yardforceca.com\/#website","url":"https:\/\/yardforceca.com\/","name":"YARDFORCE Canada","description":"L'entretien de la cour simplifi\u00e9.","potentialAction":[{"@type":"SearchAction","target":{"@type":"EntryPoint","urlTemplate":"https:\/\/yardforceca.com\/?s={search_term_string}"},"query-input":{"@type":"PropertyValueSpecification","valueRequired":true,"valueName":"search_term_string"}}],"inLanguage":"fr-CA"}]}},"_links":{"self":[{"href":"https:\/\/yardforceca.com\/fr\/wp-json\/wp\/v2\/product\/2533","targetHints":{"allow":["GET"]}}],"collection":[{"href":"https:\/\/yardforceca.com\/fr\/wp-json\/wp\/v2\/product"}],"about":[{"href":"https:\/\/yardforceca.com\/fr\/wp-json\/wp\/v2\/types\/product"}],"replies":[{"embeddable":true,"href":"https:\/\/yardforceca.com\/fr\/wp-json\/wp\/v2\/comments?post=2533"}],"wp:featuredmedia":[{"embeddable":true,"href":"https:\/\/yardforceca.com\/fr\/wp-json\/wp\/v2\/media\/2497"}],"wp:attachment":[{"href":"https:\/\/yardforceca.com\/fr\/wp-json\/wp\/v2\/media?parent=2533"}],"wp:term":[{"taxonomy":"product_brand","embeddable":true,"href":"https:\/\/yardforceca.com\/fr\/wp-json\/wp\/v2\/product_brand?post=2533"},{"taxonomy":"product_cat","embeddable":true,"href":"https:\/\/yardforceca.com\/fr\/wp-json\/wp\/v2\/product_cat?post=2533"},{"taxonomy":"product_tag","embeddable":true,"href":"https:\/\/yardforceca.com\/fr\/wp-json\/wp\/v2\/product_tag?post=2533"}],"curies":[{"name":"wp","href":"https:\/\/api.w.org\/{rel}","templated":true}]}}