{"id":2539,"date":"2023-05-15T06:32:03","date_gmt":"2023-05-15T06:32:03","guid":{"rendered":"https:\/\/yardforceca.com\/product\/souffleuse-a-neige-a-deux-etages-yf24-ds21-gsb2\/"},"modified":"2023-05-15T06:32:03","modified_gmt":"2023-05-15T06:32:03","slug":"souffleuse-a-neige-a-deux-etages-yf24-ds21-gsb2","status":"publish","type":"product","link":"https:\/\/yardforceca.com\/fr\/produit\/souffleuse-a-neige-a-deux-etages-yf24-ds21-gsb2\/","title":{"rendered":"Souffleuse \u00e0 neige \u00e0 deux \u00e9tages YF24-DS21-GSB2"},"content":{"rendered":"<p><strong>Caract\u00e9ristiques sup\u00e9rieures \u00e0 celles de sa cat\u00e9gorie :<\/strong><\/p>\n<ul>\n<li>Briggs &amp; Stratton CR950 208cc Winter Engine avec d\u00e9marrage \u00e9lectrique \/ manuel<\/li>\n<li>R\u00e9glage du d\u00e9flecteur du joystick<\/li>\n<li>6 vitesses avant + 2 vitesses arri\u00e8re<\/li>\n<li>Syst\u00e8me d&#8217;engagement simultan\u00e9 (syst\u00e8me de verrouillage entre l&#8217;entra\u00eenement et le levier de la vis sans fin)<\/li>\n<li>Syst\u00e8me de direction assist\u00e9e int\u00e9gr\u00e9<\/li>\n<li>Vis sans fin et bo\u00eetier en acier<\/li>\n<li>Roues pneumatiques de 16 pouces<\/li>\n<li>Lumi\u00e8re LED SUPERBRITE<\/li>\n<\/ul>\n<p><strong>Sp\u00e9cifications :<\/strong><\/p>\n<ul>\n<li>Moteur : Briggs &amp; Stratton CR950 208cc Winter Engine<\/li>\n<li>Largeur de d\u00e9gagement : 24 ou 26 pouces<\/li>\n<li>\u00c9paisseur de la neige coup\u00e9e : 21 pouces<\/li>\n<li>R\u00e9glage de la goulotte par le joystick : 180 degr\u00e9s<\/li>\n<li>Distance de lancement : 35 pieds<\/li>\n<li>B\u00e2ton de d\u00e9gagement de la goulotte inclus&#8221;<\/li>\n<\/ul>\n<div class=\"prod-btn\"><a href=\"https:\/\/yardforceca.com\/wp-content\/uploads\/2023\/05\/YF24-DS21-GSB2-Dual-Stage-Snow-Blower.mp4\" target=\"_blank\" rel=\"noopener\">En savoir plus<\/a><\/div>","protected":false},"excerpt":{"rendered":"<p>Caract\u00e9ristiques sup\u00e9rieures \u00e0 celles de sa cat\u00e9gorie : Briggs &amp; Stratton CR950 208cc Winter Engine avec d\u00e9marrage \u00e9lectrique \/ manuel R\u00e9glage du d\u00e9flecteur du joystick 6 vitesses avant + 2 vitesses arri\u00e8re Syst\u00e8me d&#8217;engagement simultan\u00e9 (syst\u00e8me de verrouillage entre l&#8217;entra\u00eenement et le levier de la vis sans fin) Syst\u00e8me de direction assist\u00e9e int\u00e9gr\u00e9 Vis sans [&hellip;]<\/p>","protected":false},"featured_media":2496,"comment_status":"open","ping_status":"closed","template":"","meta":{"_acf_changed":false,"_et_pb_use_builder":"off","_et_pb_old_content":"<strong>Caract\u00e9ristiques sup\u00e9rieures \u00e0 celles de sa cat\u00e9gorie :<\/strong>\n<ul>\n \t<li>Briggs & Stratton CR950 208cc Winter Engine avec d\u00e9marrage \u00e9lectrique \/ manuel<\/li>\n \t<li>R\u00e9glage du d\u00e9flecteur du joystick<\/li>\n \t<li>6 vitesses avant + 2 vitesses arri\u00e8re<\/li>\n \t<li>Syst\u00e8me d'engagement simultan\u00e9 (syst\u00e8me de verrouillage entre l'entra\u00eenement et le levier de la vis sans fin)<\/li>\n \t<li>Syst\u00e8me de direction assist\u00e9e int\u00e9gr\u00e9<\/li>\n \t<li>Vis sans fin et bo\u00eetier en acier<\/li>\n \t<li>Roues pneumatiques de 16 pouces<\/li>\n \t<li>Lumi\u00e8re LED SUPERBRITE<\/li>\n<\/ul>\n<strong>Sp\u00e9cifications :<\/strong>\n<ul>\n \t<li>Moteur : Briggs & Stratton CR950 208cc Winter Engine<\/li>\n \t<li>Largeur de d\u00e9gagement : 24 ou 26 pouces<\/li>\n \t<li>\u00c9paisseur de la neige coup\u00e9e : 21 pouces<\/li>\n \t<li>R\u00e9glage de la goulotte par le joystick : 180 degr\u00e9s<\/li>\n \t<li>Distance de lancement : 35 pieds<\/li>\n \t<li>B\u00e2ton de d\u00e9gagement de la goulotte inclus\"<\/li>\n<\/ul>\n<div class=\"prod-btn\"><a href=\"https:\/\/yardforceca.com\/wp-content\/uploads\/2023\/05\/YF24-DS21-GSB2-Dual-Stage-Snow-Blower.mp4\" target=\"_blank\" rel=\"noopener\">En savoir plus<\/a><\/div>","_et_gb_content_width":""},"product_brand":[],"product_cat":[38],"product_tag":[],"class_list":{"0":"post-2539","1":"product","2":"type-product","3":"status-publish","4":"has-post-thumbnail","6":"product_cat-souffleurs-de-neige","8":"first","9":"instock","10":"shipping-taxable","11":"product-type-simple"},"acf":[],"yoast_head":"<!-- This site is optimized with the Yoast SEO plugin v27.5 - https:\/\/yoast.com\/product\/yoast-seo-wordpress\/ -->\n<title>Souffleuse \u00e0 neige \u00e0 deux \u00e9tages YF24-DS21-GSB2 - YARDFORCE Canada<\/title>\n<meta name=\"robots\" content=\"index, follow, max-snippet:-1, max-image-preview:large, max-video-preview:-1\" \/>\n<link rel=\"canonical\" href=\"https:\/\/yardforceca.com\/fr\/product\/souffleuse-a-neige-a-deux-etages-yf24-ds21-gsb2\/\" \/>\n<meta property=\"og:locale\" content=\"fr_CA\" \/>\n<meta property=\"og:type\" content=\"article\" \/>\n<meta property=\"og:title\" content=\"Souffleuse \u00e0 neige \u00e0 deux \u00e9tages YF24-DS21-GSB2 - YARDFORCE Canada\" \/>\n<meta property=\"og:description\" content=\"Caract\u00e9ristiques sup\u00e9rieures \u00e0 celles de sa cat\u00e9gorie : Briggs &amp; Stratton CR950 208cc Winter Engine avec d\u00e9marrage \u00e9lectrique \/ manuel R\u00e9glage du d\u00e9flecteur du joystick 6 vitesses avant + 2 vitesses arri\u00e8re Syst\u00e8me d&#8217;engagement simultan\u00e9 (syst\u00e8me de verrouillage entre l&#8217;entra\u00eenement et le levier de la vis sans fin) Syst\u00e8me de direction assist\u00e9e int\u00e9gr\u00e9 Vis sans [&hellip;]\" \/>\n<meta property=\"og:url\" content=\"https:\/\/yardforceca.com\/fr\/product\/souffleuse-a-neige-a-deux-etages-yf24-ds21-gsb2\/\" \/>\n<meta property=\"og:site_name\" content=\"YARDFORCE Canada\" \/>\n<meta property=\"og:image\" content=\"https:\/\/yardforceca.com\/wp-content\/uploads\/2023\/05\/43ed03_04bfb77cac684af8aee079a8f1d030acmv2.webp\" \/>\n\t<meta property=\"og:image:width\" content=\"406\" \/>\n\t<meta property=\"og:image:height\" content=\"400\" \/>\n\t<meta property=\"og:image:type\" content=\"image\/webp\" \/>\n<meta name=\"twitter:card\" content=\"summary_large_image\" \/>\n<meta name=\"twitter:label1\" content=\"Estimation du temps de lecture\" \/>\n\t<meta name=\"twitter:data1\" content=\"1 minute\" \/>\n<script type=\"application\/ld+json\" class=\"yoast-schema-graph\">{\"@context\":\"https:\\\/\\\/schema.org\",\"@graph\":[{\"@type\":\"WebPage\",\"@id\":\"https:\\\/\\\/yardforceca.com\\\/fr\\\/product\\\/souffleuse-a-neige-a-deux-etages-yf24-ds21-gsb2\\\/\",\"url\":\"https:\\\/\\\/yardforceca.com\\\/fr\\\/product\\\/souffleuse-a-neige-a-deux-etages-yf24-ds21-gsb2\\\/\",\"name\":\"Souffleuse \u00e0 neige \u00e0 deux \u00e9tages YF24-DS21-GSB2 - YARDFORCE Canada\",\"isPartOf\":{\"@id\":\"https:\\\/\\\/yardforceca.com\\\/#website\"},\"primaryImageOfPage\":{\"@id\":\"https:\\\/\\\/yardforceca.com\\\/fr\\\/product\\\/souffleuse-a-neige-a-deux-etages-yf24-ds21-gsb2\\\/#primaryimage\"},\"image\":{\"@id\":\"https:\\\/\\\/yardforceca.com\\\/fr\\\/product\\\/souffleuse-a-neige-a-deux-etages-yf24-ds21-gsb2\\\/#primaryimage\"},\"thumbnailUrl\":\"https:\\\/\\\/yardforceca.com\\\/wp-content\\\/uploads\\\/2023\\\/05\\\/43ed03_04bfb77cac684af8aee079a8f1d030acmv2.webp\",\"datePublished\":\"2023-05-15T06:32:03+00:00\",\"breadcrumb\":{\"@id\":\"https:\\\/\\\/yardforceca.com\\\/fr\\\/product\\\/souffleuse-a-neige-a-deux-etages-yf24-ds21-gsb2\\\/#breadcrumb\"},\"inLanguage\":\"fr-CA\",\"potentialAction\":[{\"@type\":\"ReadAction\",\"target\":[\"https:\\\/\\\/yardforceca.com\\\/fr\\\/product\\\/souffleuse-a-neige-a-deux-etages-yf24-ds21-gsb2\\\/\"]}]},{\"@type\":\"ImageObject\",\"inLanguage\":\"fr-CA\",\"@id\":\"https:\\\/\\\/yardforceca.com\\\/fr\\\/product\\\/souffleuse-a-neige-a-deux-etages-yf24-ds21-gsb2\\\/#primaryimage\",\"url\":\"https:\\\/\\\/yardforceca.com\\\/wp-content\\\/uploads\\\/2023\\\/05\\\/43ed03_04bfb77cac684af8aee079a8f1d030acmv2.webp\",\"contentUrl\":\"https:\\\/\\\/yardforceca.com\\\/wp-content\\\/uploads\\\/2023\\\/05\\\/43ed03_04bfb77cac684af8aee079a8f1d030acmv2.webp\",\"width\":406,\"height\":400},{\"@type\":\"BreadcrumbList\",\"@id\":\"https:\\\/\\\/yardforceca.com\\\/fr\\\/product\\\/souffleuse-a-neige-a-deux-etages-yf24-ds21-gsb2\\\/#breadcrumb\",\"itemListElement\":[{\"@type\":\"ListItem\",\"position\":1,\"name\":\"Home\",\"item\":\"https:\\\/\\\/yardforceca.com\\\/\"},{\"@type\":\"ListItem\",\"position\":2,\"name\":\"Shop\",\"item\":\"https:\\\/\\\/yardforceca.com\\\/shop\\\/\"},{\"@type\":\"ListItem\",\"position\":3,\"name\":\"Souffleuse \u00e0 neige \u00e0 deux \u00e9tages YF24-DS21-GSB2\"}]},{\"@type\":\"WebSite\",\"@id\":\"https:\\\/\\\/yardforceca.com\\\/#website\",\"url\":\"https:\\\/\\\/yardforceca.com\\\/\",\"name\":\"YARDFORCE Canada\",\"description\":\"Yard Work Made Easy\",\"potentialAction\":[{\"@type\":\"SearchAction\",\"target\":{\"@type\":\"EntryPoint\",\"urlTemplate\":\"https:\\\/\\\/yardforceca.com\\\/?s={search_term_string}\"},\"query-input\":{\"@type\":\"PropertyValueSpecification\",\"valueRequired\":true,\"valueName\":\"search_term_string\"}}],\"inLanguage\":\"fr-CA\"}]}<\/script>\n<!-- \/ Yoast SEO plugin. -->","yoast_head_json":{"title":"Souffleuse \u00e0 neige \u00e0 deux \u00e9tages YF24-DS21-GSB2 - YARDFORCE Canada","robots":{"index":"index","follow":"follow","max-snippet":"max-snippet:-1","max-image-preview":"max-image-preview:large","max-video-preview":"max-video-preview:-1"},"canonical":"https:\/\/yardforceca.com\/fr\/product\/souffleuse-a-neige-a-deux-etages-yf24-ds21-gsb2\/","og_locale":"fr_CA","og_type":"article","og_title":"Souffleuse \u00e0 neige \u00e0 deux \u00e9tages YF24-DS21-GSB2 - YARDFORCE Canada","og_description":"Caract\u00e9ristiques sup\u00e9rieures \u00e0 celles de sa cat\u00e9gorie : Briggs &amp; Stratton CR950 208cc Winter Engine avec d\u00e9marrage \u00e9lectrique \/ manuel R\u00e9glage du d\u00e9flecteur du joystick 6 vitesses avant + 2 vitesses arri\u00e8re Syst\u00e8me d&#8217;engagement simultan\u00e9 (syst\u00e8me de verrouillage entre l&#8217;entra\u00eenement et le levier de la vis sans fin) Syst\u00e8me de direction assist\u00e9e int\u00e9gr\u00e9 Vis sans [&hellip;]","og_url":"https:\/\/yardforceca.com\/fr\/product\/souffleuse-a-neige-a-deux-etages-yf24-ds21-gsb2\/","og_site_name":"YARDFORCE Canada","og_image":[{"width":406,"height":400,"url":"https:\/\/yardforceca.com\/wp-content\/uploads\/2023\/05\/43ed03_04bfb77cac684af8aee079a8f1d030acmv2.webp","type":"image\/webp"}],"twitter_card":"summary_large_image","twitter_misc":{"Estimation du temps de lecture":"1 minute"},"schema":{"@context":"https:\/\/schema.org","@graph":[{"@type":"WebPage","@id":"https:\/\/yardforceca.com\/fr\/product\/souffleuse-a-neige-a-deux-etages-yf24-ds21-gsb2\/","url":"https:\/\/yardforceca.com\/fr\/product\/souffleuse-a-neige-a-deux-etages-yf24-ds21-gsb2\/","name":"Souffleuse \u00e0 neige \u00e0 deux \u00e9tages YF24-DS21-GSB2 - YARDFORCE Canada","isPartOf":{"@id":"https:\/\/yardforceca.com\/#website"},"primaryImageOfPage":{"@id":"https:\/\/yardforceca.com\/fr\/product\/souffleuse-a-neige-a-deux-etages-yf24-ds21-gsb2\/#primaryimage"},"image":{"@id":"https:\/\/yardforceca.com\/fr\/product\/souffleuse-a-neige-a-deux-etages-yf24-ds21-gsb2\/#primaryimage"},"thumbnailUrl":"https:\/\/yardforceca.com\/wp-content\/uploads\/2023\/05\/43ed03_04bfb77cac684af8aee079a8f1d030acmv2.webp","datePublished":"2023-05-15T06:32:03+00:00","breadcrumb":{"@id":"https:\/\/yardforceca.com\/fr\/product\/souffleuse-a-neige-a-deux-etages-yf24-ds21-gsb2\/#breadcrumb"},"inLanguage":"fr-CA","potentialAction":[{"@type":"ReadAction","target":["https:\/\/yardforceca.com\/fr\/product\/souffleuse-a-neige-a-deux-etages-yf24-ds21-gsb2\/"]}]},{"@type":"ImageObject","inLanguage":"fr-CA","@id":"https:\/\/yardforceca.com\/fr\/product\/souffleuse-a-neige-a-deux-etages-yf24-ds21-gsb2\/#primaryimage","url":"https:\/\/yardforceca.com\/wp-content\/uploads\/2023\/05\/43ed03_04bfb77cac684af8aee079a8f1d030acmv2.webp","contentUrl":"https:\/\/yardforceca.com\/wp-content\/uploads\/2023\/05\/43ed03_04bfb77cac684af8aee079a8f1d030acmv2.webp","width":406,"height":400},{"@type":"BreadcrumbList","@id":"https:\/\/yardforceca.com\/fr\/product\/souffleuse-a-neige-a-deux-etages-yf24-ds21-gsb2\/#breadcrumb","itemListElement":[{"@type":"ListItem","position":1,"name":"Home","item":"https:\/\/yardforceca.com\/"},{"@type":"ListItem","position":2,"name":"Shop","item":"https:\/\/yardforceca.com\/shop\/"},{"@type":"ListItem","position":3,"name":"Souffleuse \u00e0 neige \u00e0 deux \u00e9tages YF24-DS21-GSB2"}]},{"@type":"WebSite","@id":"https:\/\/yardforceca.com\/#website","url":"https:\/\/yardforceca.com\/","name":"YARDFORCE Canada","description":"L'entretien de la cour simplifi\u00e9.","potentialAction":[{"@type":"SearchAction","target":{"@type":"EntryPoint","urlTemplate":"https:\/\/yardforceca.com\/?s={search_term_string}"},"query-input":{"@type":"PropertyValueSpecification","valueRequired":true,"valueName":"search_term_string"}}],"inLanguage":"fr-CA"}]}},"_links":{"self":[{"href":"https:\/\/yardforceca.com\/fr\/wp-json\/wp\/v2\/product\/2539","targetHints":{"allow":["GET"]}}],"collection":[{"href":"https:\/\/yardforceca.com\/fr\/wp-json\/wp\/v2\/product"}],"about":[{"href":"https:\/\/yardforceca.com\/fr\/wp-json\/wp\/v2\/types\/product"}],"replies":[{"embeddable":true,"href":"https:\/\/yardforceca.com\/fr\/wp-json\/wp\/v2\/comments?post=2539"}],"wp:featuredmedia":[{"embeddable":true,"href":"https:\/\/yardforceca.com\/fr\/wp-json\/wp\/v2\/media\/2496"}],"wp:attachment":[{"href":"https:\/\/yardforceca.com\/fr\/wp-json\/wp\/v2\/media?parent=2539"}],"wp:term":[{"taxonomy":"product_brand","embeddable":true,"href":"https:\/\/yardforceca.com\/fr\/wp-json\/wp\/v2\/product_brand?post=2539"},{"taxonomy":"product_cat","embeddable":true,"href":"https:\/\/yardforceca.com\/fr\/wp-json\/wp\/v2\/product_cat?post=2539"},{"taxonomy":"product_tag","embeddable":true,"href":"https:\/\/yardforceca.com\/fr\/wp-json\/wp\/v2\/product_tag?post=2539"}],"curies":[{"name":"wp","href":"https:\/\/api.w.org\/{rel}","templated":true}]}}