{"id":2554,"date":"2023-06-01T15:57:57","date_gmt":"2023-06-01T15:57:57","guid":{"rendered":"https:\/\/yardforceca.com\/product\/aspirateur-de-fenetre-4v\/"},"modified":"2023-06-01T15:57:57","modified_gmt":"2023-06-01T15:57:57","slug":"aspirateur-de-fenetre-4v","status":"publish","type":"product","link":"https:\/\/yardforceca.com\/fr\/produit\/aspirateur-de-fenetre-4v\/","title":{"rendered":"Aspirateur de fen\u00eatre 4V"},"content":{"rendered":"<p>Le nettoyeur de vitres YARDFORCE 4V Vita nettoie facilement les vitres, les carreaux, les miroirs et autres surfaces planes. Sa conception compacte et l\u00e9g\u00e8re permet de nettoyer rapidement les espaces difficiles d&#8217;acc\u00e8s. La batterie de poche dispose \u00e9galement d&#8217;une lampe de poche int\u00e9gr\u00e9e et d&#8217;un connecteur USB pour alimenter d&#8217;autres appareils.  <\/p>\n<ul>\n<li>Batterie Li-Ion 4V 4.0Ah &#8211; \u00e9quip\u00e9e d&#8217;une lumi\u00e8re et d&#8217;une sortie USB pour charger votre t\u00e9l\u00e9phone<\/li>\n<li>Le nettoyant pour vitres Vita est id\u00e9al pour le nettoyage de surfaces multiples telles que les vitres, les miroirs et les carreaux.<\/li>\n<li>Largeur de travail de 28 cm<\/li>\n<li>L\u00e9ger et ergonomique<\/li>\n<\/ul>\n<p>&nbsp;<\/p>\n<p><a href=\"https:\/\/yardforceca.com\/wp-content\/uploads\/2023\/06\/4V-VITA-Window-Vac.mp4\" target=\"_blank\" rel=\"noopener\">En savoir plus<\/a><\/p>","protected":false},"excerpt":{"rendered":"<p>Le nettoyeur de vitres YARDFORCE 4V Vita nettoie facilement les vitres, les carreaux, les miroirs et autres surfaces planes. Sa conception compacte et l\u00e9g\u00e8re permet de nettoyer rapidement les espaces difficiles d&#8217;acc\u00e8s. La batterie de poche dispose \u00e9galement d&#8217;une lampe de poche int\u00e9gr\u00e9e et d&#8217;un connecteur USB pour alimenter d&#8217;autres appareils. Batterie Li-Ion 4V 4.0Ah [&hellip;]<\/p>","protected":false},"featured_media":2513,"comment_status":"open","ping_status":"closed","template":"","meta":{"_acf_changed":false,"_et_pb_use_builder":"on","_et_pb_old_content":"Le nettoyeur de vitres YARDFORCE 4V Vita nettoie facilement les vitres, les carreaux, les miroirs et autres surfaces planes. Sa conception compacte et l\u00e9g\u00e8re permet de nettoyer rapidement les espaces difficiles d'acc\u00e8s. La batterie de poche dispose \u00e9galement d'une lampe de poche int\u00e9gr\u00e9e et d'un connecteur USB pour alimenter d'autres appareils.  <ul>\n \t<li>Batterie Li-Ion 4V 4.0Ah - \u00e9quip\u00e9e d'une lumi\u00e8re et d'une sortie USB pour charger votre t\u00e9l\u00e9phone<\/li>\n \t<li>Le nettoyant pour vitres Vita est id\u00e9al pour le nettoyage de surfaces multiples telles que les vitres, les miroirs et les carreaux.<\/li>\n \t<li>Largeur de travail de 28 cm<\/li>\n \t<li>L\u00e9ger et ergonomique<\/li>\n<\/ul>\n\u00a0\n\n<a href=\"https:\/\/yardforceca.com\/wp-content\/uploads\/2023\/06\/4V-VITA-Window-Vac.mp4\" target=\"_blank\" rel=\"noopener\">En savoir plus<\/a>","_et_gb_content_width":""},"product_brand":[],"product_cat":[40],"product_tag":[],"class_list":{"0":"post-2554","1":"product","2":"type-product","3":"status-publish","4":"has-post-thumbnail","6":"product_cat-vita-fr","8":"first","9":"instock","10":"shipping-taxable","11":"product-type-simple"},"acf":[],"yoast_head":"<!-- This site is optimized with the Yoast SEO plugin v27.5 - https:\/\/yoast.com\/product\/yoast-seo-wordpress\/ -->\n<title>Aspirateur de fen\u00eatre 4V - YARDFORCE Canada<\/title>\n<meta name=\"robots\" content=\"index, follow, max-snippet:-1, max-image-preview:large, max-video-preview:-1\" \/>\n<link rel=\"canonical\" href=\"https:\/\/yardforceca.com\/fr\/product\/aspirateur-de-fenetre-4v\/\" \/>\n<meta property=\"og:locale\" content=\"fr_CA\" \/>\n<meta property=\"og:type\" content=\"article\" \/>\n<meta property=\"og:title\" content=\"Aspirateur de fen\u00eatre 4V - YARDFORCE Canada\" \/>\n<meta property=\"og:description\" content=\"Le nettoyeur de vitres YARDFORCE 4V Vita nettoie facilement les vitres, les carreaux, les miroirs et autres surfaces planes. Sa conception compacte et l\u00e9g\u00e8re permet de nettoyer rapidement les espaces difficiles d&#039;acc\u00e8s. La batterie de poche dispose \u00e9galement d&#039;une lampe de poche int\u00e9gr\u00e9e et d&#039;un connecteur USB pour alimenter d&#039;autres appareils. Batterie Li-Ion 4V 4.0Ah [&hellip;]\" \/>\n<meta property=\"og:url\" content=\"https:\/\/yardforceca.com\/fr\/product\/aspirateur-de-fenetre-4v\/\" \/>\n<meta property=\"og:site_name\" content=\"YARDFORCE Canada\" \/>\n<meta property=\"og:image\" content=\"https:\/\/yardforceca.com\/wp-content\/uploads\/2023\/06\/Screenshot-2023-05-31-150149.jpg\" \/>\n\t<meta property=\"og:image:width\" content=\"484\" \/>\n\t<meta property=\"og:image:height\" content=\"409\" \/>\n\t<meta property=\"og:image:type\" content=\"image\/jpeg\" \/>\n<meta name=\"twitter:card\" content=\"summary_large_image\" \/>\n<meta name=\"twitter:label1\" content=\"Estimation du temps de lecture\" \/>\n\t<meta name=\"twitter:data1\" content=\"1 minute\" \/>\n<script type=\"application\/ld+json\" class=\"yoast-schema-graph\">{\"@context\":\"https:\\\/\\\/schema.org\",\"@graph\":[{\"@type\":\"WebPage\",\"@id\":\"https:\\\/\\\/yardforceca.com\\\/fr\\\/product\\\/aspirateur-de-fenetre-4v\\\/\",\"url\":\"https:\\\/\\\/yardforceca.com\\\/fr\\\/product\\\/aspirateur-de-fenetre-4v\\\/\",\"name\":\"Aspirateur de fen\u00eatre 4V - YARDFORCE Canada\",\"isPartOf\":{\"@id\":\"https:\\\/\\\/yardforceca.com\\\/#website\"},\"primaryImageOfPage\":{\"@id\":\"https:\\\/\\\/yardforceca.com\\\/fr\\\/product\\\/aspirateur-de-fenetre-4v\\\/#primaryimage\"},\"image\":{\"@id\":\"https:\\\/\\\/yardforceca.com\\\/fr\\\/product\\\/aspirateur-de-fenetre-4v\\\/#primaryimage\"},\"thumbnailUrl\":\"https:\\\/\\\/yardforceca.com\\\/wp-content\\\/uploads\\\/2023\\\/06\\\/Screenshot-2023-05-31-150149.jpg\",\"datePublished\":\"2023-06-01T15:57:57+00:00\",\"breadcrumb\":{\"@id\":\"https:\\\/\\\/yardforceca.com\\\/fr\\\/product\\\/aspirateur-de-fenetre-4v\\\/#breadcrumb\"},\"inLanguage\":\"fr-CA\",\"potentialAction\":[{\"@type\":\"ReadAction\",\"target\":[\"https:\\\/\\\/yardforceca.com\\\/fr\\\/product\\\/aspirateur-de-fenetre-4v\\\/\"]}]},{\"@type\":\"ImageObject\",\"inLanguage\":\"fr-CA\",\"@id\":\"https:\\\/\\\/yardforceca.com\\\/fr\\\/product\\\/aspirateur-de-fenetre-4v\\\/#primaryimage\",\"url\":\"https:\\\/\\\/yardforceca.com\\\/wp-content\\\/uploads\\\/2023\\\/06\\\/Screenshot-2023-05-31-150149.jpg\",\"contentUrl\":\"https:\\\/\\\/yardforceca.com\\\/wp-content\\\/uploads\\\/2023\\\/06\\\/Screenshot-2023-05-31-150149.jpg\",\"width\":484,\"height\":409},{\"@type\":\"BreadcrumbList\",\"@id\":\"https:\\\/\\\/yardforceca.com\\\/fr\\\/product\\\/aspirateur-de-fenetre-4v\\\/#breadcrumb\",\"itemListElement\":[{\"@type\":\"ListItem\",\"position\":1,\"name\":\"Home\",\"item\":\"https:\\\/\\\/yardforceca.com\\\/\"},{\"@type\":\"ListItem\",\"position\":2,\"name\":\"Shop\",\"item\":\"https:\\\/\\\/yardforceca.com\\\/shop\\\/\"},{\"@type\":\"ListItem\",\"position\":3,\"name\":\"Aspirateur de fen\u00eatre 4V\"}]},{\"@type\":\"WebSite\",\"@id\":\"https:\\\/\\\/yardforceca.com\\\/#website\",\"url\":\"https:\\\/\\\/yardforceca.com\\\/\",\"name\":\"YARDFORCE Canada\",\"description\":\"Yard Work Made Easy\",\"potentialAction\":[{\"@type\":\"SearchAction\",\"target\":{\"@type\":\"EntryPoint\",\"urlTemplate\":\"https:\\\/\\\/yardforceca.com\\\/?s={search_term_string}\"},\"query-input\":{\"@type\":\"PropertyValueSpecification\",\"valueRequired\":true,\"valueName\":\"search_term_string\"}}],\"inLanguage\":\"fr-CA\"}]}<\/script>\n<!-- \/ Yoast SEO plugin. -->","yoast_head_json":{"title":"Aspirateur de fen\u00eatre 4V - YARDFORCE Canada","robots":{"index":"index","follow":"follow","max-snippet":"max-snippet:-1","max-image-preview":"max-image-preview:large","max-video-preview":"max-video-preview:-1"},"canonical":"https:\/\/yardforceca.com\/fr\/product\/aspirateur-de-fenetre-4v\/","og_locale":"fr_CA","og_type":"article","og_title":"Aspirateur de fen\u00eatre 4V - YARDFORCE Canada","og_description":"Le nettoyeur de vitres YARDFORCE 4V Vita nettoie facilement les vitres, les carreaux, les miroirs et autres surfaces planes. Sa conception compacte et l\u00e9g\u00e8re permet de nettoyer rapidement les espaces difficiles d'acc\u00e8s. La batterie de poche dispose \u00e9galement d'une lampe de poche int\u00e9gr\u00e9e et d'un connecteur USB pour alimenter d'autres appareils. Batterie Li-Ion 4V 4.0Ah [&hellip;]","og_url":"https:\/\/yardforceca.com\/fr\/product\/aspirateur-de-fenetre-4v\/","og_site_name":"YARDFORCE Canada","og_image":[{"width":484,"height":409,"url":"https:\/\/yardforceca.com\/wp-content\/uploads\/2023\/06\/Screenshot-2023-05-31-150149.jpg","type":"image\/jpeg"}],"twitter_card":"summary_large_image","twitter_misc":{"Estimation du temps de lecture":"1 minute"},"schema":{"@context":"https:\/\/schema.org","@graph":[{"@type":"WebPage","@id":"https:\/\/yardforceca.com\/fr\/product\/aspirateur-de-fenetre-4v\/","url":"https:\/\/yardforceca.com\/fr\/product\/aspirateur-de-fenetre-4v\/","name":"Aspirateur de fen\u00eatre 4V - YARDFORCE Canada","isPartOf":{"@id":"https:\/\/yardforceca.com\/#website"},"primaryImageOfPage":{"@id":"https:\/\/yardforceca.com\/fr\/product\/aspirateur-de-fenetre-4v\/#primaryimage"},"image":{"@id":"https:\/\/yardforceca.com\/fr\/product\/aspirateur-de-fenetre-4v\/#primaryimage"},"thumbnailUrl":"https:\/\/yardforceca.com\/wp-content\/uploads\/2023\/06\/Screenshot-2023-05-31-150149.jpg","datePublished":"2023-06-01T15:57:57+00:00","breadcrumb":{"@id":"https:\/\/yardforceca.com\/fr\/product\/aspirateur-de-fenetre-4v\/#breadcrumb"},"inLanguage":"fr-CA","potentialAction":[{"@type":"ReadAction","target":["https:\/\/yardforceca.com\/fr\/product\/aspirateur-de-fenetre-4v\/"]}]},{"@type":"ImageObject","inLanguage":"fr-CA","@id":"https:\/\/yardforceca.com\/fr\/product\/aspirateur-de-fenetre-4v\/#primaryimage","url":"https:\/\/yardforceca.com\/wp-content\/uploads\/2023\/06\/Screenshot-2023-05-31-150149.jpg","contentUrl":"https:\/\/yardforceca.com\/wp-content\/uploads\/2023\/06\/Screenshot-2023-05-31-150149.jpg","width":484,"height":409},{"@type":"BreadcrumbList","@id":"https:\/\/yardforceca.com\/fr\/product\/aspirateur-de-fenetre-4v\/#breadcrumb","itemListElement":[{"@type":"ListItem","position":1,"name":"Home","item":"https:\/\/yardforceca.com\/"},{"@type":"ListItem","position":2,"name":"Shop","item":"https:\/\/yardforceca.com\/shop\/"},{"@type":"ListItem","position":3,"name":"Aspirateur de fen\u00eatre 4V"}]},{"@type":"WebSite","@id":"https:\/\/yardforceca.com\/#website","url":"https:\/\/yardforceca.com\/","name":"YARDFORCE Canada","description":"L'entretien de la cour simplifi\u00e9.","potentialAction":[{"@type":"SearchAction","target":{"@type":"EntryPoint","urlTemplate":"https:\/\/yardforceca.com\/?s={search_term_string}"},"query-input":{"@type":"PropertyValueSpecification","valueRequired":true,"valueName":"search_term_string"}}],"inLanguage":"fr-CA"}]}},"_links":{"self":[{"href":"https:\/\/yardforceca.com\/fr\/wp-json\/wp\/v2\/product\/2554","targetHints":{"allow":["GET"]}}],"collection":[{"href":"https:\/\/yardforceca.com\/fr\/wp-json\/wp\/v2\/product"}],"about":[{"href":"https:\/\/yardforceca.com\/fr\/wp-json\/wp\/v2\/types\/product"}],"replies":[{"embeddable":true,"href":"https:\/\/yardforceca.com\/fr\/wp-json\/wp\/v2\/comments?post=2554"}],"wp:featuredmedia":[{"embeddable":true,"href":"https:\/\/yardforceca.com\/fr\/wp-json\/wp\/v2\/media\/2513"}],"wp:attachment":[{"href":"https:\/\/yardforceca.com\/fr\/wp-json\/wp\/v2\/media?parent=2554"}],"wp:term":[{"taxonomy":"product_brand","embeddable":true,"href":"https:\/\/yardforceca.com\/fr\/wp-json\/wp\/v2\/product_brand?post=2554"},{"taxonomy":"product_cat","embeddable":true,"href":"https:\/\/yardforceca.com\/fr\/wp-json\/wp\/v2\/product_cat?post=2554"},{"taxonomy":"product_tag","embeddable":true,"href":"https:\/\/yardforceca.com\/fr\/wp-json\/wp\/v2\/product_tag?post=2554"}],"curies":[{"name":"wp","href":"https:\/\/api.w.org\/{rel}","templated":true}]}}