{"id":2657,"date":"2023-05-15T05:53:48","date_gmt":"2023-05-15T05:53:48","guid":{"rendered":"https:\/\/yardforceca.com\/product\/tondeuse-robotisee-nx100i\/"},"modified":"2023-05-15T05:53:48","modified_gmt":"2023-05-15T05:53:48","slug":"tondeuse-robotisee-nx100i","status":"publish","type":"product","link":"https:\/\/yardforceca.com\/fr\/produit\/tondeuse-robotisee-nx100i\/","title":{"rendered":"TONDEUSE ROBOTIS\u00c9E NX100I"},"content":{"rendered":"<p><strong>Caract\u00e9ristiques sup\u00e9rieures \u00e0 celles de sa cat\u00e9gorie :<\/strong><\/p>\n<ul>\n<li>Convient pour les pelouses jusqu&#8217;\u00e0 1\/3 d&#8217;acre, retourne \u00e0 la station de charge lorsque la batterie est faible.<\/li>\n<li>Capteurs ultrasoniques de s\u00e9curit\u00e9 active int\u00e9gr\u00e9s, la fonction la plus avanc\u00e9e dans le domaine de la tonte robotis\u00e9e.<\/li>\n<li>Gr\u00e2ce au syst\u00e8me de paillage \u00e0 3 lames tranchantes, les brins d&#8217;herbe coup\u00e9s peuvent \u00eatre utilis\u00e9s comme engrais naturel. R\u00e9glage progressif de la hauteur de coupe de 1,3&#8243; \u00e0 3&#8243;.<\/li>\n<li>Protection suppl\u00e9mentaire gr\u00e2ce \u00e0 des capteurs de levage, d&#8217;inclinaison et d&#8217;obstacles.<\/li>\n<li>Le capteur de pluie permet \u00e0 la tondeuse robotis\u00e9e de retourner automatiquement \u00e0 la station de recharge.<\/li>\n<\/ul>\n<p><strong>Sp\u00e9cifications :<\/strong><\/p>\n<ul>\n<li>Batterie : 28V, 4Ah Lithium-Ion<\/li>\n<li>Transmission : Roue arri\u00e8re \u00e0 vitesse variable<\/li>\n<li>Hauteur de coupe : 1.3&#8243;- 3&#8243;.<\/li>\n<li>Taille de la roue : 8&#8243;<\/li>\n<\/ul>\n<div class=\"prod-btn\"><a href=\"https:\/\/yardforceca.com\/wp-content\/uploads\/2023\/05\/YARD-FORCE-NX100i-Video-1.mp4\" target=\"_blank\" rel=\"noopener\">En savoir plus<\/a><\/div>","protected":false},"excerpt":{"rendered":"<p>Caract\u00e9ristiques sup\u00e9rieures \u00e0 celles de sa cat\u00e9gorie : Convient pour les pelouses jusqu&#8217;\u00e0 1\/3 d&#8217;acre, retourne \u00e0 la station de charge lorsque la batterie est faible. Capteurs ultrasoniques de s\u00e9curit\u00e9 active int\u00e9gr\u00e9s, la fonction la plus avanc\u00e9e dans le domaine de la tonte robotis\u00e9e. Gr\u00e2ce au syst\u00e8me de paillage \u00e0 3 lames tranchantes, les brins [&hellip;]<\/p>","protected":false},"featured_media":2484,"comment_status":"open","ping_status":"closed","template":"","meta":{"_acf_changed":false,"_et_pb_use_builder":"off","_et_pb_old_content":"<strong>Caract\u00e9ristiques sup\u00e9rieures \u00e0 celles de sa cat\u00e9gorie :<\/strong>\n<ul>\n \t<li>Convient pour les pelouses jusqu'\u00e0 1\/3 d'acre, retourne \u00e0 la station de charge lorsque la batterie est faible.<\/li>\n \t<li>Capteurs ultrasoniques de s\u00e9curit\u00e9 active int\u00e9gr\u00e9s, la fonction la plus avanc\u00e9e dans le domaine de la tonte robotis\u00e9e.<\/li>\n \t<li>Gr\u00e2ce au syst\u00e8me de paillage \u00e0 3 lames tranchantes, les brins d'herbe coup\u00e9s peuvent \u00eatre utilis\u00e9s comme engrais naturel. R\u00e9glage progressif de la hauteur de coupe de 1,3\" \u00e0 3\".<\/li>\n \t<li>Protection suppl\u00e9mentaire gr\u00e2ce \u00e0 des capteurs de levage, d'inclinaison et d'obstacles.<\/li>\n \t<li>Le capteur de pluie permet \u00e0 la tondeuse robotis\u00e9e de retourner automatiquement \u00e0 la station de recharge.<\/li>\n<\/ul>\n<strong>Sp\u00e9cifications :<\/strong>\n<ul>\n \t<li>Batterie : 28V, 4Ah Lithium-Ion<\/li>\n \t<li>Transmission : Roue arri\u00e8re \u00e0 vitesse variable<\/li>\n \t<li>Hauteur de coupe : 1.3\"- 3\".<\/li>\n \t<li>Taille de la roue : 8\"<\/li>\n<\/ul>\n<div class=\"prod-btn\"><a href=\"https:\/\/yardforceca.com\/wp-content\/uploads\/2023\/05\/YARD-FORCE-NX100i-Video-1.mp4\" target=\"_blank\" rel=\"noopener\">Lire la suite<\/a><\/div>","_et_gb_content_width":""},"product_brand":[],"product_cat":[43],"product_tag":[],"class_list":{"0":"post-2657","1":"product","2":"type-product","3":"status-publish","4":"has-post-thumbnail","6":"product_cat-tondeuses-a-gazon","8":"first","9":"instock","10":"shipping-taxable","11":"product-type-simple"},"acf":[],"yoast_head":"<!-- This site is optimized with the Yoast SEO plugin v27.6 - https:\/\/yoast.com\/product\/yoast-seo-wordpress\/ -->\n<title>TONDEUSE ROBOTIS\u00c9E NX100I - YARDFORCE Canada<\/title>\n<meta name=\"robots\" content=\"index, follow, max-snippet:-1, max-image-preview:large, max-video-preview:-1\" \/>\n<link rel=\"canonical\" href=\"https:\/\/yardforceca.com\/fr\/product\/tondeuse-robotisee-nx100i\/\" \/>\n<meta property=\"og:locale\" content=\"fr_CA\" \/>\n<meta property=\"og:type\" content=\"article\" \/>\n<meta property=\"og:title\" content=\"TONDEUSE ROBOTIS\u00c9E NX100I - YARDFORCE Canada\" \/>\n<meta property=\"og:description\" content=\"Caract\u00e9ristiques sup\u00e9rieures \u00e0 celles de sa cat\u00e9gorie : Convient pour les pelouses jusqu&#8217;\u00e0 1\/3 d&#8217;acre, retourne \u00e0 la station de charge lorsque la batterie est faible. Capteurs ultrasoniques de s\u00e9curit\u00e9 active int\u00e9gr\u00e9s, la fonction la plus avanc\u00e9e dans le domaine de la tonte robotis\u00e9e. Gr\u00e2ce au syst\u00e8me de paillage \u00e0 3 lames tranchantes, les brins [&hellip;]\" \/>\n<meta property=\"og:url\" content=\"https:\/\/yardforceca.com\/fr\/product\/tondeuse-robotisee-nx100i\/\" \/>\n<meta property=\"og:site_name\" content=\"YARDFORCE Canada\" \/>\n<meta property=\"og:image\" content=\"https:\/\/yardforceca.com\/wp-content\/uploads\/2023\/05\/NX100i-1.webp\" \/>\n\t<meta property=\"og:image:width\" content=\"513\" \/>\n\t<meta property=\"og:image:height\" content=\"390\" \/>\n\t<meta property=\"og:image:type\" content=\"image\/webp\" \/>\n<meta name=\"twitter:card\" content=\"summary_large_image\" \/>\n<meta name=\"twitter:label1\" content=\"Estimation du temps de lecture\" \/>\n\t<meta name=\"twitter:data1\" content=\"1 minute\" \/>\n<script type=\"application\/ld+json\" class=\"yoast-schema-graph\">{\"@context\":\"https:\\\/\\\/schema.org\",\"@graph\":[{\"@type\":\"WebPage\",\"@id\":\"https:\\\/\\\/yardforceca.com\\\/fr\\\/product\\\/tondeuse-robotisee-nx100i\\\/\",\"url\":\"https:\\\/\\\/yardforceca.com\\\/fr\\\/product\\\/tondeuse-robotisee-nx100i\\\/\",\"name\":\"TONDEUSE ROBOTIS\u00c9E NX100I - YARDFORCE Canada\",\"isPartOf\":{\"@id\":\"https:\\\/\\\/yardforceca.com\\\/#website\"},\"primaryImageOfPage\":{\"@id\":\"https:\\\/\\\/yardforceca.com\\\/fr\\\/product\\\/tondeuse-robotisee-nx100i\\\/#primaryimage\"},\"image\":{\"@id\":\"https:\\\/\\\/yardforceca.com\\\/fr\\\/product\\\/tondeuse-robotisee-nx100i\\\/#primaryimage\"},\"thumbnailUrl\":\"https:\\\/\\\/yardforceca.com\\\/wp-content\\\/uploads\\\/2023\\\/05\\\/NX100i-1.webp\",\"datePublished\":\"2023-05-15T05:53:48+00:00\",\"breadcrumb\":{\"@id\":\"https:\\\/\\\/yardforceca.com\\\/fr\\\/product\\\/tondeuse-robotisee-nx100i\\\/#breadcrumb\"},\"inLanguage\":\"fr-CA\",\"potentialAction\":[{\"@type\":\"ReadAction\",\"target\":[\"https:\\\/\\\/yardforceca.com\\\/fr\\\/product\\\/tondeuse-robotisee-nx100i\\\/\"]}]},{\"@type\":\"ImageObject\",\"inLanguage\":\"fr-CA\",\"@id\":\"https:\\\/\\\/yardforceca.com\\\/fr\\\/product\\\/tondeuse-robotisee-nx100i\\\/#primaryimage\",\"url\":\"https:\\\/\\\/yardforceca.com\\\/wp-content\\\/uploads\\\/2023\\\/05\\\/NX100i-1.webp\",\"contentUrl\":\"https:\\\/\\\/yardforceca.com\\\/wp-content\\\/uploads\\\/2023\\\/05\\\/NX100i-1.webp\",\"width\":513,\"height\":390},{\"@type\":\"BreadcrumbList\",\"@id\":\"https:\\\/\\\/yardforceca.com\\\/fr\\\/product\\\/tondeuse-robotisee-nx100i\\\/#breadcrumb\",\"itemListElement\":[{\"@type\":\"ListItem\",\"position\":1,\"name\":\"Home\",\"item\":\"https:\\\/\\\/yardforceca.com\\\/\"},{\"@type\":\"ListItem\",\"position\":2,\"name\":\"Shop\",\"item\":\"https:\\\/\\\/yardforceca.com\\\/shop\\\/\"},{\"@type\":\"ListItem\",\"position\":3,\"name\":\"TONDEUSE ROBOTIS\u00c9E NX100I\"}]},{\"@type\":\"WebSite\",\"@id\":\"https:\\\/\\\/yardforceca.com\\\/#website\",\"url\":\"https:\\\/\\\/yardforceca.com\\\/\",\"name\":\"YARDFORCE Canada\",\"description\":\"Yard Work Made Easy\",\"potentialAction\":[{\"@type\":\"SearchAction\",\"target\":{\"@type\":\"EntryPoint\",\"urlTemplate\":\"https:\\\/\\\/yardforceca.com\\\/?s={search_term_string}\"},\"query-input\":{\"@type\":\"PropertyValueSpecification\",\"valueRequired\":true,\"valueName\":\"search_term_string\"}}],\"inLanguage\":\"fr-CA\"}]}<\/script>\n<!-- \/ Yoast SEO plugin. -->","yoast_head_json":{"title":"TONDEUSE ROBOTIS\u00c9E NX100I - YARDFORCE Canada","robots":{"index":"index","follow":"follow","max-snippet":"max-snippet:-1","max-image-preview":"max-image-preview:large","max-video-preview":"max-video-preview:-1"},"canonical":"https:\/\/yardforceca.com\/fr\/product\/tondeuse-robotisee-nx100i\/","og_locale":"fr_CA","og_type":"article","og_title":"TONDEUSE ROBOTIS\u00c9E NX100I - YARDFORCE Canada","og_description":"Caract\u00e9ristiques sup\u00e9rieures \u00e0 celles de sa cat\u00e9gorie : Convient pour les pelouses jusqu&#8217;\u00e0 1\/3 d&#8217;acre, retourne \u00e0 la station de charge lorsque la batterie est faible. Capteurs ultrasoniques de s\u00e9curit\u00e9 active int\u00e9gr\u00e9s, la fonction la plus avanc\u00e9e dans le domaine de la tonte robotis\u00e9e. Gr\u00e2ce au syst\u00e8me de paillage \u00e0 3 lames tranchantes, les brins [&hellip;]","og_url":"https:\/\/yardforceca.com\/fr\/product\/tondeuse-robotisee-nx100i\/","og_site_name":"YARDFORCE Canada","og_image":[{"width":513,"height":390,"url":"https:\/\/yardforceca.com\/wp-content\/uploads\/2023\/05\/NX100i-1.webp","type":"image\/webp"}],"twitter_card":"summary_large_image","twitter_misc":{"Estimation du temps de lecture":"1 minute"},"schema":{"@context":"https:\/\/schema.org","@graph":[{"@type":"WebPage","@id":"https:\/\/yardforceca.com\/fr\/product\/tondeuse-robotisee-nx100i\/","url":"https:\/\/yardforceca.com\/fr\/product\/tondeuse-robotisee-nx100i\/","name":"TONDEUSE ROBOTIS\u00c9E NX100I - YARDFORCE Canada","isPartOf":{"@id":"https:\/\/yardforceca.com\/#website"},"primaryImageOfPage":{"@id":"https:\/\/yardforceca.com\/fr\/product\/tondeuse-robotisee-nx100i\/#primaryimage"},"image":{"@id":"https:\/\/yardforceca.com\/fr\/product\/tondeuse-robotisee-nx100i\/#primaryimage"},"thumbnailUrl":"https:\/\/yardforceca.com\/wp-content\/uploads\/2023\/05\/NX100i-1.webp","datePublished":"2023-05-15T05:53:48+00:00","breadcrumb":{"@id":"https:\/\/yardforceca.com\/fr\/product\/tondeuse-robotisee-nx100i\/#breadcrumb"},"inLanguage":"fr-CA","potentialAction":[{"@type":"ReadAction","target":["https:\/\/yardforceca.com\/fr\/product\/tondeuse-robotisee-nx100i\/"]}]},{"@type":"ImageObject","inLanguage":"fr-CA","@id":"https:\/\/yardforceca.com\/fr\/product\/tondeuse-robotisee-nx100i\/#primaryimage","url":"https:\/\/yardforceca.com\/wp-content\/uploads\/2023\/05\/NX100i-1.webp","contentUrl":"https:\/\/yardforceca.com\/wp-content\/uploads\/2023\/05\/NX100i-1.webp","width":513,"height":390},{"@type":"BreadcrumbList","@id":"https:\/\/yardforceca.com\/fr\/product\/tondeuse-robotisee-nx100i\/#breadcrumb","itemListElement":[{"@type":"ListItem","position":1,"name":"Home","item":"https:\/\/yardforceca.com\/"},{"@type":"ListItem","position":2,"name":"Shop","item":"https:\/\/yardforceca.com\/shop\/"},{"@type":"ListItem","position":3,"name":"TONDEUSE ROBOTIS\u00c9E NX100I"}]},{"@type":"WebSite","@id":"https:\/\/yardforceca.com\/#website","url":"https:\/\/yardforceca.com\/","name":"YARDFORCE Canada","description":"L'entretien de la cour simplifi\u00e9.","potentialAction":[{"@type":"SearchAction","target":{"@type":"EntryPoint","urlTemplate":"https:\/\/yardforceca.com\/?s={search_term_string}"},"query-input":{"@type":"PropertyValueSpecification","valueRequired":true,"valueName":"search_term_string"}}],"inLanguage":"fr-CA"}]}},"_links":{"self":[{"href":"https:\/\/yardforceca.com\/fr\/wp-json\/wp\/v2\/product\/2657","targetHints":{"allow":["GET"]}}],"collection":[{"href":"https:\/\/yardforceca.com\/fr\/wp-json\/wp\/v2\/product"}],"about":[{"href":"https:\/\/yardforceca.com\/fr\/wp-json\/wp\/v2\/types\/product"}],"replies":[{"embeddable":true,"href":"https:\/\/yardforceca.com\/fr\/wp-json\/wp\/v2\/comments?post=2657"}],"wp:featuredmedia":[{"embeddable":true,"href":"https:\/\/yardforceca.com\/fr\/wp-json\/wp\/v2\/media\/2484"}],"wp:attachment":[{"href":"https:\/\/yardforceca.com\/fr\/wp-json\/wp\/v2\/media?parent=2657"}],"wp:term":[{"taxonomy":"product_brand","embeddable":true,"href":"https:\/\/yardforceca.com\/fr\/wp-json\/wp\/v2\/product_brand?post=2657"},{"taxonomy":"product_cat","embeddable":true,"href":"https:\/\/yardforceca.com\/fr\/wp-json\/wp\/v2\/product_cat?post=2657"},{"taxonomy":"product_tag","embeddable":true,"href":"https:\/\/yardforceca.com\/fr\/wp-json\/wp\/v2\/product_tag?post=2657"}],"curies":[{"name":"wp","href":"https:\/\/api.w.org\/{rel}","templated":true}]}}