{"id":2659,"date":"2023-05-15T06:23:34","date_gmt":"2023-05-15T06:23:34","guid":{"rendered":"https:\/\/yardforceca.com\/product\/tondeuse-yf60rx\/"},"modified":"2023-05-15T06:23:34","modified_gmt":"2023-05-15T06:23:34","slug":"tondeuse-yf60rx","status":"publish","type":"product","link":"https:\/\/yardforceca.com\/fr\/produit\/tondeuse-yf60rx\/","title":{"rendered":"TONDEUSE YF60RX"},"content":{"rendered":"<p><strong>Caract\u00e9ristiques sup\u00e9rieures \u00e0 celles de sa cat\u00e9gorie :<\/strong><\/p>\n<ul>\n<li>Le moteur sans balais 60v Lithium-Ion avec Power Boost est le plus puissant de sa cat\u00e9gorie.<\/li>\n<li>Aliment\u00e9 par une batterie Lithium-Ion XTRA de 4,0 Ah<\/li>\n<li>Syst\u00e8me automoteur RWD<\/li>\n<li>Tablier en acier de 21&#8243; pour une durabilit\u00e9 saison apr\u00e8s saison<\/li>\n<li>R\u00e9glage de la hauteur par un seul levier<\/li>\n<li>Garantie de 5 ans<\/li>\n<\/ul>\n<p><strong>Sp\u00e9cifications :<\/strong><\/p>\n<ul>\n<li>Puissance : Moteur sans balais 60v DC<\/li>\n<li>Batterie : 60vRX Lithium-Ion<\/li>\n<li>Capacit\u00e9 de la batterie : 4,0 Ah<\/li>\n<li>Chargeur : Chargeur rapide de 4 amp\u00e8res<\/li>\n<li>Pont : 21&#8243; en acier<\/li>\n<li>Hauteur de coupe : Mono-levier \/ 7 positions<\/li>\n<li>Roues : 8&#8243; \u00e0 l&#8217;avant \/ 12&#8243; \u00e0 l&#8217;arri\u00e8re<\/li>\n<li>Sac \u00e0 herbe : 18.5 Gallon<\/li>\n<\/ul>\n<div class=\"prod-btn\"><a href=\"https:\/\/yardforceca.com\/wp-content\/uploads\/2023\/05\/YF60vRX-Series-Dont-Stop-Video.mp4\" target=\"_blank\" rel=\"noopener\">En savoir plus<\/a><\/div>","protected":false},"excerpt":{"rendered":"<p>Caract\u00e9ristiques sup\u00e9rieures \u00e0 celles de sa cat\u00e9gorie : Le moteur sans balais 60v Lithium-Ion avec Power Boost est le plus puissant de sa cat\u00e9gorie. Aliment\u00e9 par une batterie Lithium-Ion XTRA de 4,0 Ah Syst\u00e8me automoteur RWD Tablier en acier de 21&#8243; pour une durabilit\u00e9 saison apr\u00e8s saison R\u00e9glage de la hauteur par un seul levier [&hellip;]<\/p>","protected":false},"featured_media":2487,"comment_status":"open","ping_status":"closed","template":"","meta":{"_acf_changed":false,"_et_pb_use_builder":"","_et_pb_old_content":"","_et_gb_content_width":""},"product_brand":[],"product_cat":[43],"product_tag":[],"class_list":{"0":"post-2659","1":"product","2":"type-product","3":"status-publish","4":"has-post-thumbnail","6":"product_cat-tondeuses-a-gazon","8":"first","9":"instock","10":"shipping-taxable","11":"product-type-simple"},"acf":[],"yoast_head":"<!-- This site is optimized with the Yoast SEO plugin v27.6 - https:\/\/yoast.com\/product\/yoast-seo-wordpress\/ -->\n<title>TONDEUSE YF60RX - YARDFORCE Canada<\/title>\n<meta name=\"robots\" content=\"index, follow, max-snippet:-1, max-image-preview:large, max-video-preview:-1\" \/>\n<link rel=\"canonical\" href=\"https:\/\/yardforceca.com\/fr\/product\/tondeuse-yf60rx\/\" \/>\n<meta property=\"og:locale\" content=\"fr_CA\" \/>\n<meta property=\"og:type\" content=\"article\" \/>\n<meta property=\"og:title\" content=\"TONDEUSE YF60RX - YARDFORCE Canada\" \/>\n<meta property=\"og:description\" content=\"Caract\u00e9ristiques sup\u00e9rieures \u00e0 celles de sa cat\u00e9gorie : Le moteur sans balais 60v Lithium-Ion avec Power Boost est le plus puissant de sa cat\u00e9gorie. Aliment\u00e9 par une batterie Lithium-Ion XTRA de 4,0 Ah Syst\u00e8me automoteur RWD Tablier en acier de 21&#8243; pour une durabilit\u00e9 saison apr\u00e8s saison R\u00e9glage de la hauteur par un seul levier [&hellip;]\" \/>\n<meta property=\"og:url\" content=\"https:\/\/yardforceca.com\/fr\/product\/tondeuse-yf60rx\/\" \/>\n<meta property=\"og:site_name\" content=\"YARDFORCE Canada\" \/>\n<meta property=\"og:image\" content=\"https:\/\/yardforceca.com\/wp-content\/uploads\/2023\/05\/0.png\" \/>\n\t<meta property=\"og:image:width\" content=\"412\" \/>\n\t<meta property=\"og:image:height\" content=\"410\" \/>\n\t<meta property=\"og:image:type\" content=\"image\/png\" \/>\n<meta name=\"twitter:card\" content=\"summary_large_image\" \/>\n<meta name=\"twitter:label1\" content=\"Estimation du temps de lecture\" \/>\n\t<meta name=\"twitter:data1\" content=\"1 minute\" \/>\n<script type=\"application\/ld+json\" class=\"yoast-schema-graph\">{\"@context\":\"https:\\\/\\\/schema.org\",\"@graph\":[{\"@type\":\"WebPage\",\"@id\":\"https:\\\/\\\/yardforceca.com\\\/fr\\\/product\\\/tondeuse-yf60rx\\\/\",\"url\":\"https:\\\/\\\/yardforceca.com\\\/fr\\\/product\\\/tondeuse-yf60rx\\\/\",\"name\":\"TONDEUSE YF60RX - YARDFORCE Canada\",\"isPartOf\":{\"@id\":\"https:\\\/\\\/yardforceca.com\\\/#website\"},\"primaryImageOfPage\":{\"@id\":\"https:\\\/\\\/yardforceca.com\\\/fr\\\/product\\\/tondeuse-yf60rx\\\/#primaryimage\"},\"image\":{\"@id\":\"https:\\\/\\\/yardforceca.com\\\/fr\\\/product\\\/tondeuse-yf60rx\\\/#primaryimage\"},\"thumbnailUrl\":\"https:\\\/\\\/yardforceca.com\\\/wp-content\\\/uploads\\\/2023\\\/05\\\/0.png\",\"datePublished\":\"2023-05-15T06:23:34+00:00\",\"breadcrumb\":{\"@id\":\"https:\\\/\\\/yardforceca.com\\\/fr\\\/product\\\/tondeuse-yf60rx\\\/#breadcrumb\"},\"inLanguage\":\"fr-CA\",\"potentialAction\":[{\"@type\":\"ReadAction\",\"target\":[\"https:\\\/\\\/yardforceca.com\\\/fr\\\/product\\\/tondeuse-yf60rx\\\/\"]}]},{\"@type\":\"ImageObject\",\"inLanguage\":\"fr-CA\",\"@id\":\"https:\\\/\\\/yardforceca.com\\\/fr\\\/product\\\/tondeuse-yf60rx\\\/#primaryimage\",\"url\":\"https:\\\/\\\/yardforceca.com\\\/wp-content\\\/uploads\\\/2023\\\/05\\\/0.png\",\"contentUrl\":\"https:\\\/\\\/yardforceca.com\\\/wp-content\\\/uploads\\\/2023\\\/05\\\/0.png\",\"width\":412,\"height\":410},{\"@type\":\"BreadcrumbList\",\"@id\":\"https:\\\/\\\/yardforceca.com\\\/fr\\\/product\\\/tondeuse-yf60rx\\\/#breadcrumb\",\"itemListElement\":[{\"@type\":\"ListItem\",\"position\":1,\"name\":\"Home\",\"item\":\"https:\\\/\\\/yardforceca.com\\\/\"},{\"@type\":\"ListItem\",\"position\":2,\"name\":\"Shop\",\"item\":\"https:\\\/\\\/yardforceca.com\\\/shop\\\/\"},{\"@type\":\"ListItem\",\"position\":3,\"name\":\"TONDEUSE YF60RX\"}]},{\"@type\":\"WebSite\",\"@id\":\"https:\\\/\\\/yardforceca.com\\\/#website\",\"url\":\"https:\\\/\\\/yardforceca.com\\\/\",\"name\":\"YARDFORCE Canada\",\"description\":\"Yard Work Made Easy\",\"potentialAction\":[{\"@type\":\"SearchAction\",\"target\":{\"@type\":\"EntryPoint\",\"urlTemplate\":\"https:\\\/\\\/yardforceca.com\\\/?s={search_term_string}\"},\"query-input\":{\"@type\":\"PropertyValueSpecification\",\"valueRequired\":true,\"valueName\":\"search_term_string\"}}],\"inLanguage\":\"fr-CA\"}]}<\/script>\n<!-- \/ Yoast SEO plugin. -->","yoast_head_json":{"title":"TONDEUSE YF60RX - YARDFORCE Canada","robots":{"index":"index","follow":"follow","max-snippet":"max-snippet:-1","max-image-preview":"max-image-preview:large","max-video-preview":"max-video-preview:-1"},"canonical":"https:\/\/yardforceca.com\/fr\/product\/tondeuse-yf60rx\/","og_locale":"fr_CA","og_type":"article","og_title":"TONDEUSE YF60RX - YARDFORCE Canada","og_description":"Caract\u00e9ristiques sup\u00e9rieures \u00e0 celles de sa cat\u00e9gorie : Le moteur sans balais 60v Lithium-Ion avec Power Boost est le plus puissant de sa cat\u00e9gorie. Aliment\u00e9 par une batterie Lithium-Ion XTRA de 4,0 Ah Syst\u00e8me automoteur RWD Tablier en acier de 21&#8243; pour une durabilit\u00e9 saison apr\u00e8s saison R\u00e9glage de la hauteur par un seul levier [&hellip;]","og_url":"https:\/\/yardforceca.com\/fr\/product\/tondeuse-yf60rx\/","og_site_name":"YARDFORCE Canada","og_image":[{"width":412,"height":410,"url":"https:\/\/yardforceca.com\/wp-content\/uploads\/2023\/05\/0.png","type":"image\/png"}],"twitter_card":"summary_large_image","twitter_misc":{"Estimation du temps de lecture":"1 minute"},"schema":{"@context":"https:\/\/schema.org","@graph":[{"@type":"WebPage","@id":"https:\/\/yardforceca.com\/fr\/product\/tondeuse-yf60rx\/","url":"https:\/\/yardforceca.com\/fr\/product\/tondeuse-yf60rx\/","name":"TONDEUSE YF60RX - YARDFORCE Canada","isPartOf":{"@id":"https:\/\/yardforceca.com\/#website"},"primaryImageOfPage":{"@id":"https:\/\/yardforceca.com\/fr\/product\/tondeuse-yf60rx\/#primaryimage"},"image":{"@id":"https:\/\/yardforceca.com\/fr\/product\/tondeuse-yf60rx\/#primaryimage"},"thumbnailUrl":"https:\/\/yardforceca.com\/wp-content\/uploads\/2023\/05\/0.png","datePublished":"2023-05-15T06:23:34+00:00","breadcrumb":{"@id":"https:\/\/yardforceca.com\/fr\/product\/tondeuse-yf60rx\/#breadcrumb"},"inLanguage":"fr-CA","potentialAction":[{"@type":"ReadAction","target":["https:\/\/yardforceca.com\/fr\/product\/tondeuse-yf60rx\/"]}]},{"@type":"ImageObject","inLanguage":"fr-CA","@id":"https:\/\/yardforceca.com\/fr\/product\/tondeuse-yf60rx\/#primaryimage","url":"https:\/\/yardforceca.com\/wp-content\/uploads\/2023\/05\/0.png","contentUrl":"https:\/\/yardforceca.com\/wp-content\/uploads\/2023\/05\/0.png","width":412,"height":410},{"@type":"BreadcrumbList","@id":"https:\/\/yardforceca.com\/fr\/product\/tondeuse-yf60rx\/#breadcrumb","itemListElement":[{"@type":"ListItem","position":1,"name":"Home","item":"https:\/\/yardforceca.com\/"},{"@type":"ListItem","position":2,"name":"Shop","item":"https:\/\/yardforceca.com\/shop\/"},{"@type":"ListItem","position":3,"name":"TONDEUSE YF60RX"}]},{"@type":"WebSite","@id":"https:\/\/yardforceca.com\/#website","url":"https:\/\/yardforceca.com\/","name":"YARDFORCE Canada","description":"L'entretien de la cour simplifi\u00e9.","potentialAction":[{"@type":"SearchAction","target":{"@type":"EntryPoint","urlTemplate":"https:\/\/yardforceca.com\/?s={search_term_string}"},"query-input":{"@type":"PropertyValueSpecification","valueRequired":true,"valueName":"search_term_string"}}],"inLanguage":"fr-CA"}]}},"_links":{"self":[{"href":"https:\/\/yardforceca.com\/fr\/wp-json\/wp\/v2\/product\/2659","targetHints":{"allow":["GET"]}}],"collection":[{"href":"https:\/\/yardforceca.com\/fr\/wp-json\/wp\/v2\/product"}],"about":[{"href":"https:\/\/yardforceca.com\/fr\/wp-json\/wp\/v2\/types\/product"}],"replies":[{"embeddable":true,"href":"https:\/\/yardforceca.com\/fr\/wp-json\/wp\/v2\/comments?post=2659"}],"wp:featuredmedia":[{"embeddable":true,"href":"https:\/\/yardforceca.com\/fr\/wp-json\/wp\/v2\/media\/2487"}],"wp:attachment":[{"href":"https:\/\/yardforceca.com\/fr\/wp-json\/wp\/v2\/media?parent=2659"}],"wp:term":[{"taxonomy":"product_brand","embeddable":true,"href":"https:\/\/yardforceca.com\/fr\/wp-json\/wp\/v2\/product_brand?post=2659"},{"taxonomy":"product_cat","embeddable":true,"href":"https:\/\/yardforceca.com\/fr\/wp-json\/wp\/v2\/product_cat?post=2659"},{"taxonomy":"product_tag","embeddable":true,"href":"https:\/\/yardforceca.com\/fr\/wp-json\/wp\/v2\/product_tag?post=2659"}],"curies":[{"name":"wp","href":"https:\/\/api.w.org\/{rel}","templated":true}]}}