{"id":2661,"date":"2023-05-15T06:23:34","date_gmt":"2023-05-15T06:23:34","guid":{"rendered":"https:\/\/yardforceca.com\/product\/tondeuse-autoportee-yf48rx\/"},"modified":"2025-03-12T17:19:29","modified_gmt":"2025-03-12T17:19:29","slug":"tondeuse-autoportee-yf48rx","status":"publish","type":"product","link":"https:\/\/yardforceca.com\/fr\/produit\/tondeuse-autoportee-yf48rx\/","title":{"rendered":"TONDEUSE AUTOPORT\u00c9E YF48RX"},"content":{"rendered":"<p><strong>Caract\u00e9ristiques sup\u00e9rieures \u00e0 celles de sa cat\u00e9gorie :<\/strong><\/p>\n<ul>\n<li>Clean Energy 48v aliment\u00e9 par batterie &#8211; pas de gaz, pas d&#8217;entretien du moteur<\/li>\n<li>Le moteur sans balais et la batterie longue dur\u00e9e de 48 V permettent \u00e0 la tondeuse de couper jusqu&#8217;\u00e0 1,5 hectare avec une charge compl\u00e8te.<\/li>\n<li>Coupe silencieuse \u00e0 moins de 70 dB<\/li>\n<li>Pont en acier \u00e0 deux lames de 38 pouces<\/li>\n<li>R\u00e9glage du plateau en 12 positions : 1,5 pouce &#8211; 4,5 pouces<\/li>\n<li>2 vitesses d&#8217;avancement : 8 MPH pour la conduite \/ 5 MPH pour la coupe<\/li>\n<li>L&#8217;\u00e9cran LCD affiche les performances et les donn\u00e9es historiques<\/li>\n<li>R\u00e9gulateur de vitesse<\/li>\n<li>Phares LED<\/li>\n<li>Chargeur USB<\/li>\n<li>Chargement sur une prise de courant standard de 120 volts<\/li>\n<li>Kit d&#8217;ensachage disponible en accessoire<\/li>\n<\/ul>\n<div class=\"prod-btn\"><a href=\"https:\/\/yardforceca.com\/wp-content\/uploads\/2023\/05\/YF48vRX-RER38-RIDING-LAWN-MOWER-VIDEO.mp4\" target=\"_blank\" rel=\"noopener\">En savoir plus<\/a><\/div>\n<p>&nbsp;<\/p>\n<div class=\"prod-btn\"><a href=\"https:\/\/www.peaveymart.com\/outdoor-equipment\/equipment\/lawn-tractors\/yard-force-38-inch-75ah-battery-riding-lawn-m\/3567905\" target=\"_blank\" rel=\"noopener\">O\u00f9 acheter<\/a><\/div>\n<div><\/div>","protected":false},"excerpt":{"rendered":"<p>Caract\u00e9ristiques sup\u00e9rieures \u00e0 celles de sa cat\u00e9gorie : Clean Energy 48v aliment\u00e9 par batterie &#8211; pas de gaz, pas d&#8217;entretien du moteur Le moteur sans balais et la batterie longue dur\u00e9e de 48 V permettent \u00e0 la tondeuse de couper jusqu&#8217;\u00e0 1,5 hectare avec une charge compl\u00e8te. Coupe silencieuse \u00e0 moins de 70 dB Pont [&hellip;]<\/p>","protected":false},"featured_media":2486,"comment_status":"open","ping_status":"closed","template":"","meta":{"_acf_changed":false,"_et_pb_use_builder":"on","_et_pb_old_content":"<strong>Caract\u00e9ristiques sup\u00e9rieures \u00e0 celles de sa cat\u00e9gorie :<\/strong>\n<ul>\n \t<li>Clean Energy 48v aliment\u00e9 par batterie - pas de gaz, pas d'entretien du moteur<\/li>\n \t<li>Le moteur sans balais et la batterie longue dur\u00e9e de 48 V permettent \u00e0 la tondeuse de couper jusqu'\u00e0 1,5 hectare avec une charge compl\u00e8te.<\/li>\n \t<li>Coupe silencieuse \u00e0 moins de 70 dB<\/li>\n \t<li>Pont en acier \u00e0 deux lames de 38 pouces<\/li>\n \t<li>R\u00e9glage du plateau en 12 positions : 1,5 pouce - 4,5 pouces<\/li>\n \t<li>2 vitesses d'avancement : 8 MPH pour la conduite \/ 5 MPH pour la coupe<\/li>\n \t<li>L'\u00e9cran LCD affiche les performances et les donn\u00e9es historiques<\/li>\n \t<li>R\u00e9gulateur de vitesse<\/li>\n \t<li>Phares LED<\/li>\n \t<li>Chargeur USB<\/li>\n \t<li>Chargement sur une prise de courant standard de 120 volts<\/li>\n \t<li>Kit d'ensachage disponible en accessoire<\/li>\n<\/ul>\n<div class=\"prod-btn\"><a href=\"https:\/\/yardforceca.com\/wp-content\/uploads\/2023\/05\/YF48vRX-RER38-RIDING-LAWN-MOWER-VIDEO.mp4\" target=\"_blank\" rel=\"noopener\">En savoir plus<\/a><\/div>\n<div><\/div>","_et_gb_content_width":""},"product_brand":[],"product_cat":[43],"product_tag":[],"class_list":{"0":"post-2661","1":"product","2":"type-product","3":"status-publish","4":"has-post-thumbnail","6":"product_cat-tondeuses-a-gazon","8":"first","9":"instock","10":"shipping-taxable","11":"product-type-simple"},"acf":[],"yoast_head":"<!-- This site is optimized with the Yoast SEO plugin v27.6 - https:\/\/yoast.com\/product\/yoast-seo-wordpress\/ -->\n<title>TONDEUSE AUTOPORT\u00c9E YF48RX - YARDFORCE Canada<\/title>\n<meta name=\"robots\" content=\"index, follow, max-snippet:-1, max-image-preview:large, max-video-preview:-1\" \/>\n<link rel=\"canonical\" href=\"https:\/\/yardforceca.com\/fr\/product\/tondeuse-autoportee-yf48rx\/\" \/>\n<meta property=\"og:locale\" content=\"fr_CA\" \/>\n<meta property=\"og:type\" content=\"article\" \/>\n<meta property=\"og:title\" content=\"TONDEUSE AUTOPORT\u00c9E YF48RX - YARDFORCE Canada\" \/>\n<meta property=\"og:description\" content=\"Caract\u00e9ristiques sup\u00e9rieures \u00e0 celles de sa cat\u00e9gorie : Clean Energy 48v aliment\u00e9 par batterie - pas de gaz, pas d&#039;entretien du moteur Le moteur sans balais et la batterie longue dur\u00e9e de 48 V permettent \u00e0 la tondeuse de couper jusqu&#039;\u00e0 1,5 hectare avec une charge compl\u00e8te. Coupe silencieuse \u00e0 moins de 70 dB Pont [&hellip;]\" \/>\n<meta property=\"og:url\" content=\"https:\/\/yardforceca.com\/fr\/product\/tondeuse-autoportee-yf48rx\/\" \/>\n<meta property=\"og:site_name\" content=\"YARDFORCE Canada\" \/>\n<meta property=\"article:modified_time\" content=\"2025-03-12T17:19:29+00:00\" \/>\n<meta property=\"og:image\" content=\"https:\/\/yardforceca.com\/wp-content\/uploads\/2023\/05\/YF48vRX-Ride-Mower-1-Drama.webp\" \/>\n\t<meta property=\"og:image:width\" content=\"434\" \/>\n\t<meta property=\"og:image:height\" content=\"393\" \/>\n\t<meta property=\"og:image:type\" content=\"image\/webp\" \/>\n<meta name=\"twitter:card\" content=\"summary_large_image\" \/>\n<meta name=\"twitter:label1\" content=\"Estimation du temps de lecture\" \/>\n\t<meta name=\"twitter:data1\" content=\"1 minute\" \/>\n<script type=\"application\/ld+json\" class=\"yoast-schema-graph\">{\"@context\":\"https:\\\/\\\/schema.org\",\"@graph\":[{\"@type\":\"WebPage\",\"@id\":\"https:\\\/\\\/yardforceca.com\\\/fr\\\/product\\\/tondeuse-autoportee-yf48rx\\\/\",\"url\":\"https:\\\/\\\/yardforceca.com\\\/fr\\\/product\\\/tondeuse-autoportee-yf48rx\\\/\",\"name\":\"TONDEUSE AUTOPORT\u00c9E YF48RX - YARDFORCE Canada\",\"isPartOf\":{\"@id\":\"https:\\\/\\\/yardforceca.com\\\/#website\"},\"primaryImageOfPage\":{\"@id\":\"https:\\\/\\\/yardforceca.com\\\/fr\\\/product\\\/tondeuse-autoportee-yf48rx\\\/#primaryimage\"},\"image\":{\"@id\":\"https:\\\/\\\/yardforceca.com\\\/fr\\\/product\\\/tondeuse-autoportee-yf48rx\\\/#primaryimage\"},\"thumbnailUrl\":\"https:\\\/\\\/yardforceca.com\\\/wp-content\\\/uploads\\\/2023\\\/05\\\/YF48vRX-Ride-Mower-1-Drama.webp\",\"datePublished\":\"2023-05-15T06:23:34+00:00\",\"dateModified\":\"2025-03-12T17:19:29+00:00\",\"breadcrumb\":{\"@id\":\"https:\\\/\\\/yardforceca.com\\\/fr\\\/product\\\/tondeuse-autoportee-yf48rx\\\/#breadcrumb\"},\"inLanguage\":\"fr-CA\",\"potentialAction\":[{\"@type\":\"ReadAction\",\"target\":[\"https:\\\/\\\/yardforceca.com\\\/fr\\\/product\\\/tondeuse-autoportee-yf48rx\\\/\"]}]},{\"@type\":\"ImageObject\",\"inLanguage\":\"fr-CA\",\"@id\":\"https:\\\/\\\/yardforceca.com\\\/fr\\\/product\\\/tondeuse-autoportee-yf48rx\\\/#primaryimage\",\"url\":\"https:\\\/\\\/yardforceca.com\\\/wp-content\\\/uploads\\\/2023\\\/05\\\/YF48vRX-Ride-Mower-1-Drama.webp\",\"contentUrl\":\"https:\\\/\\\/yardforceca.com\\\/wp-content\\\/uploads\\\/2023\\\/05\\\/YF48vRX-Ride-Mower-1-Drama.webp\",\"width\":434,\"height\":393},{\"@type\":\"BreadcrumbList\",\"@id\":\"https:\\\/\\\/yardforceca.com\\\/fr\\\/product\\\/tondeuse-autoportee-yf48rx\\\/#breadcrumb\",\"itemListElement\":[{\"@type\":\"ListItem\",\"position\":1,\"name\":\"Home\",\"item\":\"https:\\\/\\\/yardforceca.com\\\/\"},{\"@type\":\"ListItem\",\"position\":2,\"name\":\"Shop\",\"item\":\"https:\\\/\\\/yardforceca.com\\\/shop\\\/\"},{\"@type\":\"ListItem\",\"position\":3,\"name\":\"TONDEUSE AUTOPORT\u00c9E YF48RX\"}]},{\"@type\":\"WebSite\",\"@id\":\"https:\\\/\\\/yardforceca.com\\\/#website\",\"url\":\"https:\\\/\\\/yardforceca.com\\\/\",\"name\":\"YARDFORCE Canada\",\"description\":\"Yard Work Made Easy\",\"potentialAction\":[{\"@type\":\"SearchAction\",\"target\":{\"@type\":\"EntryPoint\",\"urlTemplate\":\"https:\\\/\\\/yardforceca.com\\\/?s={search_term_string}\"},\"query-input\":{\"@type\":\"PropertyValueSpecification\",\"valueRequired\":true,\"valueName\":\"search_term_string\"}}],\"inLanguage\":\"fr-CA\"}]}<\/script>\n<!-- \/ Yoast SEO plugin. -->","yoast_head_json":{"title":"TONDEUSE AUTOPORT\u00c9E YF48RX - YARDFORCE Canada","robots":{"index":"index","follow":"follow","max-snippet":"max-snippet:-1","max-image-preview":"max-image-preview:large","max-video-preview":"max-video-preview:-1"},"canonical":"https:\/\/yardforceca.com\/fr\/product\/tondeuse-autoportee-yf48rx\/","og_locale":"fr_CA","og_type":"article","og_title":"TONDEUSE AUTOPORT\u00c9E YF48RX - YARDFORCE Canada","og_description":"Caract\u00e9ristiques sup\u00e9rieures \u00e0 celles de sa cat\u00e9gorie : Clean Energy 48v aliment\u00e9 par batterie - pas de gaz, pas d'entretien du moteur Le moteur sans balais et la batterie longue dur\u00e9e de 48 V permettent \u00e0 la tondeuse de couper jusqu'\u00e0 1,5 hectare avec une charge compl\u00e8te. Coupe silencieuse \u00e0 moins de 70 dB Pont [&hellip;]","og_url":"https:\/\/yardforceca.com\/fr\/product\/tondeuse-autoportee-yf48rx\/","og_site_name":"YARDFORCE Canada","article_modified_time":"2025-03-12T17:19:29+00:00","og_image":[{"width":434,"height":393,"url":"https:\/\/yardforceca.com\/wp-content\/uploads\/2023\/05\/YF48vRX-Ride-Mower-1-Drama.webp","type":"image\/webp"}],"twitter_card":"summary_large_image","twitter_misc":{"Estimation du temps de lecture":"1 minute"},"schema":{"@context":"https:\/\/schema.org","@graph":[{"@type":"WebPage","@id":"https:\/\/yardforceca.com\/fr\/product\/tondeuse-autoportee-yf48rx\/","url":"https:\/\/yardforceca.com\/fr\/product\/tondeuse-autoportee-yf48rx\/","name":"TONDEUSE AUTOPORT\u00c9E YF48RX - YARDFORCE Canada","isPartOf":{"@id":"https:\/\/yardforceca.com\/#website"},"primaryImageOfPage":{"@id":"https:\/\/yardforceca.com\/fr\/product\/tondeuse-autoportee-yf48rx\/#primaryimage"},"image":{"@id":"https:\/\/yardforceca.com\/fr\/product\/tondeuse-autoportee-yf48rx\/#primaryimage"},"thumbnailUrl":"https:\/\/yardforceca.com\/wp-content\/uploads\/2023\/05\/YF48vRX-Ride-Mower-1-Drama.webp","datePublished":"2023-05-15T06:23:34+00:00","dateModified":"2025-03-12T17:19:29+00:00","breadcrumb":{"@id":"https:\/\/yardforceca.com\/fr\/product\/tondeuse-autoportee-yf48rx\/#breadcrumb"},"inLanguage":"fr-CA","potentialAction":[{"@type":"ReadAction","target":["https:\/\/yardforceca.com\/fr\/product\/tondeuse-autoportee-yf48rx\/"]}]},{"@type":"ImageObject","inLanguage":"fr-CA","@id":"https:\/\/yardforceca.com\/fr\/product\/tondeuse-autoportee-yf48rx\/#primaryimage","url":"https:\/\/yardforceca.com\/wp-content\/uploads\/2023\/05\/YF48vRX-Ride-Mower-1-Drama.webp","contentUrl":"https:\/\/yardforceca.com\/wp-content\/uploads\/2023\/05\/YF48vRX-Ride-Mower-1-Drama.webp","width":434,"height":393},{"@type":"BreadcrumbList","@id":"https:\/\/yardforceca.com\/fr\/product\/tondeuse-autoportee-yf48rx\/#breadcrumb","itemListElement":[{"@type":"ListItem","position":1,"name":"Home","item":"https:\/\/yardforceca.com\/"},{"@type":"ListItem","position":2,"name":"Shop","item":"https:\/\/yardforceca.com\/shop\/"},{"@type":"ListItem","position":3,"name":"TONDEUSE AUTOPORT\u00c9E YF48RX"}]},{"@type":"WebSite","@id":"https:\/\/yardforceca.com\/#website","url":"https:\/\/yardforceca.com\/","name":"YARDFORCE Canada","description":"L'entretien de la cour simplifi\u00e9.","potentialAction":[{"@type":"SearchAction","target":{"@type":"EntryPoint","urlTemplate":"https:\/\/yardforceca.com\/?s={search_term_string}"},"query-input":{"@type":"PropertyValueSpecification","valueRequired":true,"valueName":"search_term_string"}}],"inLanguage":"fr-CA"}]}},"_links":{"self":[{"href":"https:\/\/yardforceca.com\/fr\/wp-json\/wp\/v2\/product\/2661","targetHints":{"allow":["GET"]}}],"collection":[{"href":"https:\/\/yardforceca.com\/fr\/wp-json\/wp\/v2\/product"}],"about":[{"href":"https:\/\/yardforceca.com\/fr\/wp-json\/wp\/v2\/types\/product"}],"replies":[{"embeddable":true,"href":"https:\/\/yardforceca.com\/fr\/wp-json\/wp\/v2\/comments?post=2661"}],"wp:featuredmedia":[{"embeddable":true,"href":"https:\/\/yardforceca.com\/fr\/wp-json\/wp\/v2\/media\/2486"}],"wp:attachment":[{"href":"https:\/\/yardforceca.com\/fr\/wp-json\/wp\/v2\/media?parent=2661"}],"wp:term":[{"taxonomy":"product_brand","embeddable":true,"href":"https:\/\/yardforceca.com\/fr\/wp-json\/wp\/v2\/product_brand?post=2661"},{"taxonomy":"product_cat","embeddable":true,"href":"https:\/\/yardforceca.com\/fr\/wp-json\/wp\/v2\/product_cat?post=2661"},{"taxonomy":"product_tag","embeddable":true,"href":"https:\/\/yardforceca.com\/fr\/wp-json\/wp\/v2\/product_tag?post=2661"}],"curies":[{"name":"wp","href":"https:\/\/api.w.org\/{rel}","templated":true}]}}