{"id":2665,"date":"2023-05-15T06:30:51","date_gmt":"2023-05-15T06:30:51","guid":{"rendered":"https:\/\/yardforceca.com\/product\/yf60vrx-souffleur-de-feuilles\/"},"modified":"2023-05-15T06:30:51","modified_gmt":"2023-05-15T06:30:51","slug":"yf60vrx-souffleur-de-feuilles","status":"publish","type":"product","link":"https:\/\/yardforceca.com\/fr\/produit\/yf60vrx-souffleur-de-feuilles\/","title":{"rendered":"YF60VRX SOUFFLEUR DE FEUILLES"},"content":{"rendered":"<p><strong>Caract\u00e9ristiques sup\u00e9rieures \u00e0 celles de sa cat\u00e9gorie :<\/strong><\/p>\n<ul>\n<li>Le moteur sans balais 60v Lithium-Ion avec Power Boost est le plus puissant de sa cat\u00e9gorie.<\/li>\n<li>3 r\u00e9glages de vitesse Touch-Control et r\u00e9gulateur de vitesse<\/li>\n<li>Admission d&#8217;air turbo<\/li>\n<li>Configuration de la poign\u00e9e \u00e9quilibr\u00e9e<\/li>\n<li>2 options de buses pour diff\u00e9rentes applications<\/li>\n<li>Garantie de 5 ans<\/li>\n<\/ul>\n<p><strong>Sp\u00e9cifications :<\/strong><\/p>\n<ul>\n<li>Puissance : Moteur sans balais 60v DC<\/li>\n<li>Batterie : 60vRX Lithium-Ion XTRA<\/li>\n<li>Capacit\u00e9 de la batterie : 2,5 Ah<\/li>\n<li>Chargeur : Chargeur rapide de 2,5 amp\u00e8res<\/li>\n<li>Arm\u00e9e de l&#8217;air : 140 MPH<\/li>\n<li>Volume d&#8217;air : 600 CFM&#8221;<\/li>\n<\/ul>\n<div class=\"prod-btn\"><a href=\"https:\/\/yardforceca.com\/wp-content\/uploads\/2023\/05\/YF60vRX-LEAF-BLOWER.mp4\" target=\"_blank\" rel=\"noopener\">En savoir plus<\/a><\/div>","protected":false},"excerpt":{"rendered":"<p>Caract\u00e9ristiques sup\u00e9rieures \u00e0 celles de sa cat\u00e9gorie : Le moteur sans balais 60v Lithium-Ion avec Power Boost est le plus puissant de sa cat\u00e9gorie. 3 r\u00e9glages de vitesse Touch-Control et r\u00e9gulateur de vitesse Admission d&#8217;air turbo Configuration de la poign\u00e9e \u00e9quilibr\u00e9e 2 options de buses pour diff\u00e9rentes applications Garantie de 5 ans Sp\u00e9cifications : Puissance [&hellip;]<\/p>","protected":false},"featured_media":2494,"comment_status":"open","ping_status":"closed","template":"","meta":{"_acf_changed":false,"_et_pb_use_builder":"","_et_pb_old_content":"","_et_gb_content_width":""},"product_brand":[],"product_cat":[45],"product_tag":[],"class_list":{"0":"post-2665","1":"product","2":"type-product","3":"status-publish","4":"has-post-thumbnail","6":"product_cat-souffleurs-de-feuilles","8":"first","9":"instock","10":"shipping-taxable","11":"product-type-simple"},"acf":[],"yoast_head":"<!-- This site is optimized with the Yoast SEO plugin v27.6 - https:\/\/yoast.com\/product\/yoast-seo-wordpress\/ -->\n<title>YF60VRX SOUFFLEUR DE FEUILLES - YARDFORCE Canada<\/title>\n<meta name=\"robots\" content=\"index, follow, max-snippet:-1, max-image-preview:large, max-video-preview:-1\" \/>\n<link rel=\"canonical\" href=\"https:\/\/yardforceca.com\/fr\/product\/yf60vrx-souffleur-de-feuilles\/\" \/>\n<meta property=\"og:locale\" content=\"fr_CA\" \/>\n<meta property=\"og:type\" content=\"article\" \/>\n<meta property=\"og:title\" content=\"YF60VRX SOUFFLEUR DE FEUILLES - YARDFORCE Canada\" \/>\n<meta property=\"og:description\" content=\"Caract\u00e9ristiques sup\u00e9rieures \u00e0 celles de sa cat\u00e9gorie : Le moteur sans balais 60v Lithium-Ion avec Power Boost est le plus puissant de sa cat\u00e9gorie. 3 r\u00e9glages de vitesse Touch-Control et r\u00e9gulateur de vitesse Admission d&#8217;air turbo Configuration de la poign\u00e9e \u00e9quilibr\u00e9e 2 options de buses pour diff\u00e9rentes applications Garantie de 5 ans Sp\u00e9cifications : Puissance [&hellip;]\" \/>\n<meta property=\"og:url\" content=\"https:\/\/yardforceca.com\/fr\/product\/yf60vrx-souffleur-de-feuilles\/\" \/>\n<meta property=\"og:site_name\" content=\"YARDFORCE Canada\" \/>\n<meta property=\"og:image\" content=\"https:\/\/yardforceca.com\/wp-content\/uploads\/2023\/05\/YF60vRX-Leaf-Blower-FR.webp\" \/>\n\t<meta property=\"og:image:width\" content=\"611\" \/>\n\t<meta property=\"og:image:height\" content=\"404\" \/>\n\t<meta property=\"og:image:type\" content=\"image\/webp\" \/>\n<meta name=\"twitter:card\" content=\"summary_large_image\" \/>\n<script type=\"application\/ld+json\" class=\"yoast-schema-graph\">{\"@context\":\"https:\\\/\\\/schema.org\",\"@graph\":[{\"@type\":\"WebPage\",\"@id\":\"https:\\\/\\\/yardforceca.com\\\/fr\\\/product\\\/yf60vrx-souffleur-de-feuilles\\\/\",\"url\":\"https:\\\/\\\/yardforceca.com\\\/fr\\\/product\\\/yf60vrx-souffleur-de-feuilles\\\/\",\"name\":\"YF60VRX SOUFFLEUR DE FEUILLES - YARDFORCE Canada\",\"isPartOf\":{\"@id\":\"https:\\\/\\\/yardforceca.com\\\/#website\"},\"primaryImageOfPage\":{\"@id\":\"https:\\\/\\\/yardforceca.com\\\/fr\\\/product\\\/yf60vrx-souffleur-de-feuilles\\\/#primaryimage\"},\"image\":{\"@id\":\"https:\\\/\\\/yardforceca.com\\\/fr\\\/product\\\/yf60vrx-souffleur-de-feuilles\\\/#primaryimage\"},\"thumbnailUrl\":\"https:\\\/\\\/yardforceca.com\\\/wp-content\\\/uploads\\\/2023\\\/05\\\/YF60vRX-Leaf-Blower-FR.webp\",\"datePublished\":\"2023-05-15T06:30:51+00:00\",\"breadcrumb\":{\"@id\":\"https:\\\/\\\/yardforceca.com\\\/fr\\\/product\\\/yf60vrx-souffleur-de-feuilles\\\/#breadcrumb\"},\"inLanguage\":\"fr-CA\",\"potentialAction\":[{\"@type\":\"ReadAction\",\"target\":[\"https:\\\/\\\/yardforceca.com\\\/fr\\\/product\\\/yf60vrx-souffleur-de-feuilles\\\/\"]}]},{\"@type\":\"ImageObject\",\"inLanguage\":\"fr-CA\",\"@id\":\"https:\\\/\\\/yardforceca.com\\\/fr\\\/product\\\/yf60vrx-souffleur-de-feuilles\\\/#primaryimage\",\"url\":\"https:\\\/\\\/yardforceca.com\\\/wp-content\\\/uploads\\\/2023\\\/05\\\/YF60vRX-Leaf-Blower-FR.webp\",\"contentUrl\":\"https:\\\/\\\/yardforceca.com\\\/wp-content\\\/uploads\\\/2023\\\/05\\\/YF60vRX-Leaf-Blower-FR.webp\",\"width\":611,\"height\":404},{\"@type\":\"BreadcrumbList\",\"@id\":\"https:\\\/\\\/yardforceca.com\\\/fr\\\/product\\\/yf60vrx-souffleur-de-feuilles\\\/#breadcrumb\",\"itemListElement\":[{\"@type\":\"ListItem\",\"position\":1,\"name\":\"Home\",\"item\":\"https:\\\/\\\/yardforceca.com\\\/\"},{\"@type\":\"ListItem\",\"position\":2,\"name\":\"Shop\",\"item\":\"https:\\\/\\\/yardforceca.com\\\/shop\\\/\"},{\"@type\":\"ListItem\",\"position\":3,\"name\":\"YF60VRX SOUFFLEUR DE FEUILLES\"}]},{\"@type\":\"WebSite\",\"@id\":\"https:\\\/\\\/yardforceca.com\\\/#website\",\"url\":\"https:\\\/\\\/yardforceca.com\\\/\",\"name\":\"YARDFORCE Canada\",\"description\":\"Yard Work Made Easy\",\"potentialAction\":[{\"@type\":\"SearchAction\",\"target\":{\"@type\":\"EntryPoint\",\"urlTemplate\":\"https:\\\/\\\/yardforceca.com\\\/?s={search_term_string}\"},\"query-input\":{\"@type\":\"PropertyValueSpecification\",\"valueRequired\":true,\"valueName\":\"search_term_string\"}}],\"inLanguage\":\"fr-CA\"}]}<\/script>\n<!-- \/ Yoast SEO plugin. -->","yoast_head_json":{"title":"YF60VRX SOUFFLEUR DE FEUILLES - YARDFORCE Canada","robots":{"index":"index","follow":"follow","max-snippet":"max-snippet:-1","max-image-preview":"max-image-preview:large","max-video-preview":"max-video-preview:-1"},"canonical":"https:\/\/yardforceca.com\/fr\/product\/yf60vrx-souffleur-de-feuilles\/","og_locale":"fr_CA","og_type":"article","og_title":"YF60VRX SOUFFLEUR DE FEUILLES - YARDFORCE Canada","og_description":"Caract\u00e9ristiques sup\u00e9rieures \u00e0 celles de sa cat\u00e9gorie : Le moteur sans balais 60v Lithium-Ion avec Power Boost est le plus puissant de sa cat\u00e9gorie. 3 r\u00e9glages de vitesse Touch-Control et r\u00e9gulateur de vitesse Admission d&#8217;air turbo Configuration de la poign\u00e9e \u00e9quilibr\u00e9e 2 options de buses pour diff\u00e9rentes applications Garantie de 5 ans Sp\u00e9cifications : Puissance [&hellip;]","og_url":"https:\/\/yardforceca.com\/fr\/product\/yf60vrx-souffleur-de-feuilles\/","og_site_name":"YARDFORCE Canada","og_image":[{"width":611,"height":404,"url":"https:\/\/yardforceca.com\/wp-content\/uploads\/2023\/05\/YF60vRX-Leaf-Blower-FR.webp","type":"image\/webp"}],"twitter_card":"summary_large_image","schema":{"@context":"https:\/\/schema.org","@graph":[{"@type":"WebPage","@id":"https:\/\/yardforceca.com\/fr\/product\/yf60vrx-souffleur-de-feuilles\/","url":"https:\/\/yardforceca.com\/fr\/product\/yf60vrx-souffleur-de-feuilles\/","name":"YF60VRX SOUFFLEUR DE FEUILLES - YARDFORCE Canada","isPartOf":{"@id":"https:\/\/yardforceca.com\/#website"},"primaryImageOfPage":{"@id":"https:\/\/yardforceca.com\/fr\/product\/yf60vrx-souffleur-de-feuilles\/#primaryimage"},"image":{"@id":"https:\/\/yardforceca.com\/fr\/product\/yf60vrx-souffleur-de-feuilles\/#primaryimage"},"thumbnailUrl":"https:\/\/yardforceca.com\/wp-content\/uploads\/2023\/05\/YF60vRX-Leaf-Blower-FR.webp","datePublished":"2023-05-15T06:30:51+00:00","breadcrumb":{"@id":"https:\/\/yardforceca.com\/fr\/product\/yf60vrx-souffleur-de-feuilles\/#breadcrumb"},"inLanguage":"fr-CA","potentialAction":[{"@type":"ReadAction","target":["https:\/\/yardforceca.com\/fr\/product\/yf60vrx-souffleur-de-feuilles\/"]}]},{"@type":"ImageObject","inLanguage":"fr-CA","@id":"https:\/\/yardforceca.com\/fr\/product\/yf60vrx-souffleur-de-feuilles\/#primaryimage","url":"https:\/\/yardforceca.com\/wp-content\/uploads\/2023\/05\/YF60vRX-Leaf-Blower-FR.webp","contentUrl":"https:\/\/yardforceca.com\/wp-content\/uploads\/2023\/05\/YF60vRX-Leaf-Blower-FR.webp","width":611,"height":404},{"@type":"BreadcrumbList","@id":"https:\/\/yardforceca.com\/fr\/product\/yf60vrx-souffleur-de-feuilles\/#breadcrumb","itemListElement":[{"@type":"ListItem","position":1,"name":"Home","item":"https:\/\/yardforceca.com\/"},{"@type":"ListItem","position":2,"name":"Shop","item":"https:\/\/yardforceca.com\/shop\/"},{"@type":"ListItem","position":3,"name":"YF60VRX SOUFFLEUR DE FEUILLES"}]},{"@type":"WebSite","@id":"https:\/\/yardforceca.com\/#website","url":"https:\/\/yardforceca.com\/","name":"YARDFORCE Canada","description":"L'entretien de la cour simplifi\u00e9.","potentialAction":[{"@type":"SearchAction","target":{"@type":"EntryPoint","urlTemplate":"https:\/\/yardforceca.com\/?s={search_term_string}"},"query-input":{"@type":"PropertyValueSpecification","valueRequired":true,"valueName":"search_term_string"}}],"inLanguage":"fr-CA"}]}},"_links":{"self":[{"href":"https:\/\/yardforceca.com\/fr\/wp-json\/wp\/v2\/product\/2665","targetHints":{"allow":["GET"]}}],"collection":[{"href":"https:\/\/yardforceca.com\/fr\/wp-json\/wp\/v2\/product"}],"about":[{"href":"https:\/\/yardforceca.com\/fr\/wp-json\/wp\/v2\/types\/product"}],"replies":[{"embeddable":true,"href":"https:\/\/yardforceca.com\/fr\/wp-json\/wp\/v2\/comments?post=2665"}],"wp:featuredmedia":[{"embeddable":true,"href":"https:\/\/yardforceca.com\/fr\/wp-json\/wp\/v2\/media\/2494"}],"wp:attachment":[{"href":"https:\/\/yardforceca.com\/fr\/wp-json\/wp\/v2\/media?parent=2665"}],"wp:term":[{"taxonomy":"product_brand","embeddable":true,"href":"https:\/\/yardforceca.com\/fr\/wp-json\/wp\/v2\/product_brand?post=2665"},{"taxonomy":"product_cat","embeddable":true,"href":"https:\/\/yardforceca.com\/fr\/wp-json\/wp\/v2\/product_cat?post=2665"},{"taxonomy":"product_tag","embeddable":true,"href":"https:\/\/yardforceca.com\/fr\/wp-json\/wp\/v2\/product_tag?post=2665"}],"curies":[{"name":"wp","href":"https:\/\/api.w.org\/{rel}","templated":true}]}}