{"id":3843,"date":"2026-01-16T09:14:32","date_gmt":"2026-01-16T09:14:32","guid":{"rendered":"https:\/\/yardforceca.com\/?post_type=product&#038;p=3843"},"modified":"2026-01-19T03:38:02","modified_gmt":"2026-01-19T03:38:02","slug":"yf56vrx-z42-riding-mower","status":"publish","type":"product","link":"https:\/\/yardforceca.com\/fr\/produit\/yf56vrx-z42-riding-mower\/","title":{"rendered":"YF56vRX-Z42 Riding Mower"},"content":{"rendered":"<p><strong>Caract\u00e9ristiques sup\u00e9rieures de sa cat\u00e9gorie :<\/strong><\/p>\n<ul>\n<li class=\"wixui-rich-text__text\">\n<p class=\"font_8 wixui-rich-text__text\"><span class=\"wixui-rich-text__text\">Clean and Quiet Energy 56v LFP Battery Powered &#8211; no gas and no engine maintenance, cuts up to 4 acres on a full charge.<\/span><\/p>\n<\/li>\n<li class=\"wixui-rich-text__text\">\n<p class=\"font_8 wixui-rich-text__text\"><span class=\"wixui-rich-text__text\">42-inch stamped steel deck with clean out port for 3-in-1 functionality mulch, side discharge or rear-bag (sold separately).<\/span><\/p>\n<\/li>\n<li class=\"wixui-rich-text__text\">\n<p class=\"font_8 wixui-rich-text__text\"><span class=\"wixui-rich-text__text\">5-inch LCD operator screen displays run-time, battery life, cut\/drive speed, hour meter and more<\/span><\/p>\n<\/li>\n<li class=\"wixui-rich-text__text\">\n<p class=\"font_8 wixui-rich-text__text\"><span class=\"wixui-rich-text__text\">Cup holder, dual bright LED lights, USB charging port and mobile device storage compartment for operator convenience.<\/span><\/p>\n<\/li>\n<li class=\"wixui-rich-text__text\">\n<p class=\"font_8 wixui-rich-text__text\"><span class=\"wixui-rich-text__text\">Comfort seat suspension with dual arm rests<\/span><\/p>\n<\/li>\n<li class=\"wixui-rich-text__text\">\n<p class=\"font_8 wixui-rich-text__text\"><span class=\"wixui-rich-text__text\">6-hour charge time<\/span><\/p>\n<\/li>\n<li class=\"wixui-rich-text__text\">\n<p class=\"font_8 wixui-rich-text__text\"><span class=\"wixui-rich-text__text\">Push-Button transmission control with 4 Forward Speeds 3MPH-7MPH and 1 Reverse speed 3MPH<\/span><\/p>\n<\/li>\n<li class=\"wixui-rich-text__text\">\n<p class=\"font_8 wixui-rich-text__text\"><span class=\"wixui-rich-text__text\">Push-Botton Blade control speed for lower noise environments, 4 settings from 2600rpm to 3200rpm<\/span><\/p>\n<\/li>\n<li class=\"wixui-rich-text__text\">\n<p class=\"font_8 wixui-rich-text__text\"><span class=\"wixui-rich-text__text\">Cutting Height 10 position, 1.5 \u2013 4.5&#8221;<\/span><\/p>\n<\/li>\n<li class=\"wixui-rich-text__text\">\n<p class=\"font_8 wixui-rich-text__text\"><span class=\"wixui-rich-text__text\">Weather resistance IPX4 rated water spray protection.<\/span><\/p>\n<\/li>\n<li class=\"wixui-rich-text__text\">\n<p class=\"font_8 wixui-rich-text__text\"><span class=\"wixui-rich-text__text\">Rear receiver hitch mount for attachments<\/span><\/p>\n<\/li>\n<\/ul>\n<p>&nbsp;<\/p>","protected":false},"excerpt":{"rendered":"<p>Superior Features in its Class: Clean and Quiet Energy 56v LFP Battery Powered &#8211; no gas and no engine maintenance, cuts up to 4 acres on a full charge. 42-inch stamped steel deck with clean out port for 3-in-1 functionality mulch, side discharge or rear-bag (sold separately). 5-inch LCD operator screen displays run-time, battery life, [&hellip;]<\/p>","protected":false},"featured_media":3858,"comment_status":"open","ping_status":"closed","template":"","meta":{"_acf_changed":false,"_et_pb_use_builder":"off","_et_pb_old_content":"<strong>Superior Features in its Class:<\/strong>\r\n<ul>\r\n \t<li>Briggs & Stratton CR950 208cc Winter Engine with Electric \/ Manual start<\/li>\r\n \t<li>Joystick deflector adjustment<\/li>\r\n \t<li>6 forward + 2 reverse speeds<\/li>\r\n \t<li>Simultaneous Engagement System (Interlock system between drive and auger lever)<\/li>\r\n \t<li>Built-in Power steering system<\/li>\r\n \t<li>Steel Auger and Housing<\/li>\r\n \t<li>16\u201d pneaumatic wheels<\/li>\r\n \t<li>SUPERBRITE LED Light<\/li>\r\n<\/ul>\r\n<strong>Specifications:<\/strong>\r\n<ul>\r\n \t<li>Engine: Briggs & Stratton CR950 208cc Winter Engine<\/li>\r\n \t<li>Clearing Width: 24 or 26 Inches<\/li>\r\n \t<li>Depth of Snow Cut: 21 Inches<\/li>\r\n \t<li>Joystick Chute Adjustment: 180 degrees<\/li>\r\n \t<li>Throwing Distance: 35 feet<\/li>\r\n \t<li>Chute clearing stick included\"<\/li>\r\n<\/ul>\r\n<div class=\"prod-btn\"><a href=\"https:\/\/yardforceca.com\/wp-content\/uploads\/2023\/05\/YF24-DS21-GSB2-Dual-Stage-Snow-Blower.mp4\" target=\"_blank\" rel=\"noopener\">Learn More<\/a><\/div>","_et_gb_content_width":""},"product_brand":[],"product_cat":[23],"product_tag":[],"class_list":{"0":"post-3843","1":"product","2":"type-product","3":"status-publish","4":"has-post-thumbnail","6":"product_cat-lawn-mowers","8":"first","9":"instock","10":"shipping-taxable","11":"product-type-simple"},"acf":[],"yoast_head":"<!-- This site is optimized with the Yoast SEO plugin v27.5 - https:\/\/yoast.com\/product\/yoast-seo-wordpress\/ -->\n<title>YF56vRX-Z42 Riding Mower - YARDFORCE Canada<\/title>\n<meta name=\"robots\" content=\"index, follow, max-snippet:-1, max-image-preview:large, max-video-preview:-1\" \/>\n<link rel=\"canonical\" href=\"https:\/\/yardforceca.com\/fr\/produit\/yf56vrx-z42-riding-mower\/\" \/>\n<meta property=\"og:locale\" content=\"fr_CA\" \/>\n<meta property=\"og:type\" content=\"article\" \/>\n<meta property=\"og:title\" content=\"YF56vRX-Z42 Riding Mower - YARDFORCE Canada\" \/>\n<meta property=\"og:description\" content=\"Superior Features in its Class: Clean and Quiet Energy 56v LFP Battery Powered &#8211; no gas and no engine maintenance, cuts up to 4 acres on a full charge. 42-inch stamped steel deck with clean out port for 3-in-1 functionality mulch, side discharge or rear-bag (sold separately). 5-inch LCD operator screen displays run-time, battery life, [&hellip;]\" \/>\n<meta property=\"og:url\" content=\"https:\/\/yardforceca.com\/fr\/produit\/yf56vrx-z42-riding-mower\/\" \/>\n<meta property=\"og:site_name\" content=\"YARDFORCE Canada\" \/>\n<meta property=\"article:modified_time\" content=\"2026-01-19T03:38:02+00:00\" \/>\n<meta property=\"og:image\" content=\"http:\/\/yardforceca.com\/wp-content\/uploads\/2026\/01\/YF56vRX-Z42-2.png\" \/>\n\t<meta property=\"og:image:width\" content=\"800\" \/>\n\t<meta property=\"og:image:height\" content=\"800\" \/>\n\t<meta property=\"og:image:type\" content=\"image\/png\" \/>\n<meta name=\"twitter:card\" content=\"summary_large_image\" \/>\n<meta name=\"twitter:label1\" content=\"Estimation du temps de lecture\" \/>\n\t<meta name=\"twitter:data1\" content=\"1 minute\" \/>\n<script type=\"application\/ld+json\" class=\"yoast-schema-graph\">{\"@context\":\"https:\\\/\\\/schema.org\",\"@graph\":[{\"@type\":\"WebPage\",\"@id\":\"https:\\\/\\\/yardforceca.com\\\/product\\\/yf56vrx-z42-riding-mower\\\/\",\"url\":\"https:\\\/\\\/yardforceca.com\\\/product\\\/yf56vrx-z42-riding-mower\\\/\",\"name\":\"YF56vRX-Z42 Riding Mower - YARDFORCE Canada\",\"isPartOf\":{\"@id\":\"https:\\\/\\\/yardforceca.com\\\/#website\"},\"primaryImageOfPage\":{\"@id\":\"https:\\\/\\\/yardforceca.com\\\/product\\\/yf56vrx-z42-riding-mower\\\/#primaryimage\"},\"image\":{\"@id\":\"https:\\\/\\\/yardforceca.com\\\/product\\\/yf56vrx-z42-riding-mower\\\/#primaryimage\"},\"thumbnailUrl\":\"https:\\\/\\\/yardforceca.com\\\/wp-content\\\/uploads\\\/2026\\\/01\\\/YF56vRX-Z42-2.png\",\"datePublished\":\"2026-01-16T09:14:32+00:00\",\"dateModified\":\"2026-01-19T03:38:02+00:00\",\"breadcrumb\":{\"@id\":\"https:\\\/\\\/yardforceca.com\\\/product\\\/yf56vrx-z42-riding-mower\\\/#breadcrumb\"},\"inLanguage\":\"fr-CA\",\"potentialAction\":[{\"@type\":\"ReadAction\",\"target\":[\"https:\\\/\\\/yardforceca.com\\\/product\\\/yf56vrx-z42-riding-mower\\\/\"]}]},{\"@type\":\"ImageObject\",\"inLanguage\":\"fr-CA\",\"@id\":\"https:\\\/\\\/yardforceca.com\\\/product\\\/yf56vrx-z42-riding-mower\\\/#primaryimage\",\"url\":\"https:\\\/\\\/yardforceca.com\\\/wp-content\\\/uploads\\\/2026\\\/01\\\/YF56vRX-Z42-2.png\",\"contentUrl\":\"https:\\\/\\\/yardforceca.com\\\/wp-content\\\/uploads\\\/2026\\\/01\\\/YF56vRX-Z42-2.png\",\"width\":800,\"height\":800},{\"@type\":\"BreadcrumbList\",\"@id\":\"https:\\\/\\\/yardforceca.com\\\/product\\\/yf56vrx-z42-riding-mower\\\/#breadcrumb\",\"itemListElement\":[{\"@type\":\"ListItem\",\"position\":1,\"name\":\"Home\",\"item\":\"https:\\\/\\\/yardforceca.com\\\/\"},{\"@type\":\"ListItem\",\"position\":2,\"name\":\"Shop\",\"item\":\"https:\\\/\\\/yardforceca.com\\\/shop\\\/\"},{\"@type\":\"ListItem\",\"position\":3,\"name\":\"YF56vRX-Z42 Riding Mower\"}]},{\"@type\":\"WebSite\",\"@id\":\"https:\\\/\\\/yardforceca.com\\\/#website\",\"url\":\"https:\\\/\\\/yardforceca.com\\\/\",\"name\":\"YARDFORCE Canada\",\"description\":\"Yard Work Made Easy\",\"potentialAction\":[{\"@type\":\"SearchAction\",\"target\":{\"@type\":\"EntryPoint\",\"urlTemplate\":\"https:\\\/\\\/yardforceca.com\\\/?s={search_term_string}\"},\"query-input\":{\"@type\":\"PropertyValueSpecification\",\"valueRequired\":true,\"valueName\":\"search_term_string\"}}],\"inLanguage\":\"fr-CA\"}]}<\/script>\n<!-- \/ Yoast SEO plugin. -->","yoast_head_json":{"title":"YF56vRX-Z42 Riding Mower - YARDFORCE Canada","robots":{"index":"index","follow":"follow","max-snippet":"max-snippet:-1","max-image-preview":"max-image-preview:large","max-video-preview":"max-video-preview:-1"},"canonical":"https:\/\/yardforceca.com\/fr\/produit\/yf56vrx-z42-riding-mower\/","og_locale":"fr_CA","og_type":"article","og_title":"YF56vRX-Z42 Riding Mower - YARDFORCE Canada","og_description":"Superior Features in its Class: Clean and Quiet Energy 56v LFP Battery Powered &#8211; no gas and no engine maintenance, cuts up to 4 acres on a full charge. 42-inch stamped steel deck with clean out port for 3-in-1 functionality mulch, side discharge or rear-bag (sold separately). 5-inch LCD operator screen displays run-time, battery life, [&hellip;]","og_url":"https:\/\/yardforceca.com\/fr\/produit\/yf56vrx-z42-riding-mower\/","og_site_name":"YARDFORCE Canada","article_modified_time":"2026-01-19T03:38:02+00:00","og_image":[{"width":800,"height":800,"url":"http:\/\/yardforceca.com\/wp-content\/uploads\/2026\/01\/YF56vRX-Z42-2.png","type":"image\/png"}],"twitter_card":"summary_large_image","twitter_misc":{"Estimation du temps de lecture":"1 minute"},"schema":{"@context":"https:\/\/schema.org","@graph":[{"@type":"WebPage","@id":"https:\/\/yardforceca.com\/product\/yf56vrx-z42-riding-mower\/","url":"https:\/\/yardforceca.com\/product\/yf56vrx-z42-riding-mower\/","name":"YF56vRX-Z42 Riding Mower - YARDFORCE Canada","isPartOf":{"@id":"https:\/\/yardforceca.com\/#website"},"primaryImageOfPage":{"@id":"https:\/\/yardforceca.com\/product\/yf56vrx-z42-riding-mower\/#primaryimage"},"image":{"@id":"https:\/\/yardforceca.com\/product\/yf56vrx-z42-riding-mower\/#primaryimage"},"thumbnailUrl":"https:\/\/yardforceca.com\/wp-content\/uploads\/2026\/01\/YF56vRX-Z42-2.png","datePublished":"2026-01-16T09:14:32+00:00","dateModified":"2026-01-19T03:38:02+00:00","breadcrumb":{"@id":"https:\/\/yardforceca.com\/product\/yf56vrx-z42-riding-mower\/#breadcrumb"},"inLanguage":"fr-CA","potentialAction":[{"@type":"ReadAction","target":["https:\/\/yardforceca.com\/product\/yf56vrx-z42-riding-mower\/"]}]},{"@type":"ImageObject","inLanguage":"fr-CA","@id":"https:\/\/yardforceca.com\/product\/yf56vrx-z42-riding-mower\/#primaryimage","url":"https:\/\/yardforceca.com\/wp-content\/uploads\/2026\/01\/YF56vRX-Z42-2.png","contentUrl":"https:\/\/yardforceca.com\/wp-content\/uploads\/2026\/01\/YF56vRX-Z42-2.png","width":800,"height":800},{"@type":"BreadcrumbList","@id":"https:\/\/yardforceca.com\/product\/yf56vrx-z42-riding-mower\/#breadcrumb","itemListElement":[{"@type":"ListItem","position":1,"name":"Home","item":"https:\/\/yardforceca.com\/"},{"@type":"ListItem","position":2,"name":"Shop","item":"https:\/\/yardforceca.com\/shop\/"},{"@type":"ListItem","position":3,"name":"YF56vRX-Z42 Riding Mower"}]},{"@type":"WebSite","@id":"https:\/\/yardforceca.com\/#website","url":"https:\/\/yardforceca.com\/","name":"YARDFORCE Canada","description":"L'entretien de la cour simplifi\u00e9.","potentialAction":[{"@type":"SearchAction","target":{"@type":"EntryPoint","urlTemplate":"https:\/\/yardforceca.com\/?s={search_term_string}"},"query-input":{"@type":"PropertyValueSpecification","valueRequired":true,"valueName":"search_term_string"}}],"inLanguage":"fr-CA"}]}},"_links":{"self":[{"href":"https:\/\/yardforceca.com\/fr\/wp-json\/wp\/v2\/product\/3843","targetHints":{"allow":["GET"]}}],"collection":[{"href":"https:\/\/yardforceca.com\/fr\/wp-json\/wp\/v2\/product"}],"about":[{"href":"https:\/\/yardforceca.com\/fr\/wp-json\/wp\/v2\/types\/product"}],"replies":[{"embeddable":true,"href":"https:\/\/yardforceca.com\/fr\/wp-json\/wp\/v2\/comments?post=3843"}],"wp:featuredmedia":[{"embeddable":true,"href":"https:\/\/yardforceca.com\/fr\/wp-json\/wp\/v2\/media\/3858"}],"wp:attachment":[{"href":"https:\/\/yardforceca.com\/fr\/wp-json\/wp\/v2\/media?parent=3843"}],"wp:term":[{"taxonomy":"product_brand","embeddable":true,"href":"https:\/\/yardforceca.com\/fr\/wp-json\/wp\/v2\/product_brand?post=3843"},{"taxonomy":"product_cat","embeddable":true,"href":"https:\/\/yardforceca.com\/fr\/wp-json\/wp\/v2\/product_cat?post=3843"},{"taxonomy":"product_tag","embeddable":true,"href":"https:\/\/yardforceca.com\/fr\/wp-json\/wp\/v2\/product_tag?post=3843"}],"curies":[{"name":"wp","href":"https:\/\/api.w.org\/{rel}","templated":true}]}}