{"id":3899,"date":"2026-01-20T02:23:47","date_gmt":"2026-01-20T02:23:47","guid":{"rendered":"https:\/\/yardforceca.com\/?post_type=product&#038;p=3899"},"modified":"2026-01-20T02:25:46","modified_gmt":"2026-01-20T02:25:46","slug":"yf26-ds21-gsb2-26-dual-stage-track-snow-blower","status":"publish","type":"product","link":"https:\/\/yardforceca.com\/fr\/produit\/yf26-ds21-gsb2-26-dual-stage-track-snow-blower\/","title":{"rendered":"YF26-DS21-GSB2 26&#8243; Dual-Stage Track Snow Blower"},"content":{"rendered":"<h5 class=\"font_5 wixui-rich-text__text\"><span class=\"wixui-rich-text__text\">Caract\u00e9ristiques sup\u00e9rieures de sa cat\u00e9gorie :<\/span><\/h5>\n<ul class=\"font_8 wixui-rich-text__text\">\n<li class=\"wixui-rich-text__text\">\n<p class=\"font_8 wixui-rich-text__text\"><span class=\"wixui-rich-text__text\">Briggs &amp; Stratton 1150 250cc Winter Engine with Electric \/ Manual start<\/span><\/p>\n<\/li>\n<li class=\"wixui-rich-text__text\">\n<p class=\"font_8 wixui-rich-text__text\"><span class=\"wixui-rich-text__text\">Clearing Width: 26&#8243;<\/span><\/p>\n<\/li>\n<li class=\"wixui-rich-text__text\">\n<p class=\"font_8 wixui-rich-text__text\"><span class=\"wixui-rich-text__text\">Depth of Snow Cut: 21&#8243;<\/span><\/p>\n<\/li>\n<li class=\"wixui-rich-text__text\">\n<p class=\"font_8 wixui-rich-text__text\"><span class=\"wixui-rich-text__text\">Joystick deflector adjustment<\/span><\/p>\n<\/li>\n<li class=\"wixui-rich-text__text\">\n<p class=\"font_8 wixui-rich-text__text\"><span class=\"wixui-rich-text__text\">Throwing distance: 40\u2019<\/span><\/p>\n<\/li>\n<li class=\"wixui-rich-text__text\">\n<p class=\"font_8 wixui-rich-text__text\"><span class=\"wixui-rich-text__text\">6 forward + 2 reverse speeds<\/span><\/p>\n<\/li>\n<li>\n<p class=\"p1\">SES\u2122 Simultaneous Engagement System.<\/p>\n<\/li>\n<li>Tracked wheels adapt to all types of terrain.<\/li>\n<li>\n<p class=\"p1\">Heated Grips for comfort in even the coldest conditions.<\/p>\n<\/li>\n<li>\n<p class=\"p1\">Super Bright LED Light located on the dash to increase visibility in all conditions.<\/p>\n<\/li>\n<\/ul>","protected":false},"excerpt":{"rendered":"<p>Superior Features in its Class: Briggs &amp; Stratton 1150 250cc Winter Engine with Electric \/ Manual start Clearing Width: 26&#8243; Depth of Snow Cut: 21&#8243; Joystick deflector adjustment Throwing distance: 40\u2019 6 forward + 2 reverse speeds SES\u2122 Simultaneous Engagement System. Tracked wheels adapt to all types of terrain. Heated Grips for comfort in even [&hellip;]<\/p>","protected":false},"featured_media":3900,"comment_status":"open","ping_status":"closed","template":"","meta":{"_acf_changed":false,"_et_pb_use_builder":"off","_et_pb_old_content":"<strong>Superior Features in its Class:<\/strong>\r\n<ul>\r\n \t<li>Briggs & Stratton CR950 208cc Winter Engine with Electric \/ Manual start<\/li>\r\n \t<li>Joystick deflector adjustment<\/li>\r\n \t<li>6 forward + 2 reverse speeds<\/li>\r\n \t<li>Simultaneous Engagement System (Interlock system between drive and auger lever)<\/li>\r\n \t<li>Built-in Power steering system<\/li>\r\n \t<li>Steel Auger and Housing<\/li>\r\n \t<li>16\u201d pneaumatic wheels<\/li>\r\n \t<li>SUPERBRITE LED Light<\/li>\r\n<\/ul>\r\n<strong>Specifications:<\/strong>\r\n<ul>\r\n \t<li>Engine: Briggs & Stratton CR950 208cc Winter Engine<\/li>\r\n \t<li>Clearing Width: 24 or 26 Inches<\/li>\r\n \t<li>Depth of Snow Cut: 21 Inches<\/li>\r\n \t<li>Joystick Chute Adjustment: 180 degrees<\/li>\r\n \t<li>Throwing Distance: 35 feet<\/li>\r\n \t<li>Chute clearing stick included\"<\/li>\r\n<\/ul>\r\n<div class=\"prod-btn\"><a href=\"https:\/\/yardforceca.com\/wp-content\/uploads\/2023\/05\/YF24-DS21-GSB2-Dual-Stage-Snow-Blower.mp4\" target=\"_blank\" rel=\"noopener\">Learn More<\/a><\/div>","_et_gb_content_width":""},"product_brand":[],"product_cat":[27],"product_tag":[],"class_list":{"0":"post-3899","1":"product","2":"type-product","3":"status-publish","4":"has-post-thumbnail","6":"product_cat-snow-blowers","8":"first","9":"instock","10":"shipping-taxable","11":"product-type-simple"},"acf":[],"yoast_head":"<!-- This site is optimized with the Yoast SEO plugin v27.5 - https:\/\/yoast.com\/product\/yoast-seo-wordpress\/ -->\n<title>YF26-DS21-GSB2 26&quot; Dual-Stage Track Snow Blower - YARDFORCE Canada<\/title>\n<meta name=\"robots\" content=\"index, follow, max-snippet:-1, max-image-preview:large, max-video-preview:-1\" \/>\n<link rel=\"canonical\" href=\"https:\/\/yardforceca.com\/fr\/produit\/yf26-ds21-gsb2-26-dual-stage-track-snow-blower\/\" \/>\n<meta property=\"og:locale\" content=\"fr_CA\" \/>\n<meta property=\"og:type\" content=\"article\" \/>\n<meta property=\"og:title\" content=\"YF26-DS21-GSB2 26&quot; Dual-Stage Track Snow Blower - YARDFORCE Canada\" \/>\n<meta property=\"og:description\" content=\"Superior Features in its Class: Briggs &amp; Stratton 1150 250cc Winter Engine with Electric \/ Manual start Clearing Width: 26&#8243; Depth of Snow Cut: 21&#8243; Joystick deflector adjustment Throwing distance: 40\u2019 6 forward + 2 reverse speeds SES\u2122 Simultaneous Engagement System. Tracked wheels adapt to all types of terrain. Heated Grips for comfort in even [&hellip;]\" \/>\n<meta property=\"og:url\" content=\"https:\/\/yardforceca.com\/fr\/produit\/yf26-ds21-gsb2-26-dual-stage-track-snow-blower\/\" \/>\n<meta property=\"og:site_name\" content=\"YARDFORCE Canada\" \/>\n<meta property=\"article:modified_time\" content=\"2026-01-20T02:25:46+00:00\" \/>\n<meta property=\"og:image\" content=\"http:\/\/yardforceca.com\/wp-content\/uploads\/2026\/01\/YF26-DS21-GSB2.png\" \/>\n\t<meta property=\"og:image:width\" content=\"1000\" \/>\n\t<meta property=\"og:image:height\" content=\"1000\" \/>\n\t<meta property=\"og:image:type\" content=\"image\/png\" \/>\n<meta name=\"twitter:card\" content=\"summary_large_image\" \/>\n<meta name=\"twitter:label1\" content=\"Estimation du temps de lecture\" \/>\n\t<meta name=\"twitter:data1\" content=\"1 minute\" \/>\n<script type=\"application\/ld+json\" class=\"yoast-schema-graph\">{\"@context\":\"https:\\\/\\\/schema.org\",\"@graph\":[{\"@type\":\"WebPage\",\"@id\":\"https:\\\/\\\/yardforceca.com\\\/product\\\/yf26-ds21-gsb2-26-dual-stage-track-snow-blower\\\/\",\"url\":\"https:\\\/\\\/yardforceca.com\\\/product\\\/yf26-ds21-gsb2-26-dual-stage-track-snow-blower\\\/\",\"name\":\"YF26-DS21-GSB2 26\\\" Dual-Stage Track Snow Blower - YARDFORCE Canada\",\"isPartOf\":{\"@id\":\"https:\\\/\\\/yardforceca.com\\\/#website\"},\"primaryImageOfPage\":{\"@id\":\"https:\\\/\\\/yardforceca.com\\\/product\\\/yf26-ds21-gsb2-26-dual-stage-track-snow-blower\\\/#primaryimage\"},\"image\":{\"@id\":\"https:\\\/\\\/yardforceca.com\\\/product\\\/yf26-ds21-gsb2-26-dual-stage-track-snow-blower\\\/#primaryimage\"},\"thumbnailUrl\":\"https:\\\/\\\/yardforceca.com\\\/wp-content\\\/uploads\\\/2026\\\/01\\\/YF26-DS21-GSB2.png\",\"datePublished\":\"2026-01-20T02:23:47+00:00\",\"dateModified\":\"2026-01-20T02:25:46+00:00\",\"breadcrumb\":{\"@id\":\"https:\\\/\\\/yardforceca.com\\\/product\\\/yf26-ds21-gsb2-26-dual-stage-track-snow-blower\\\/#breadcrumb\"},\"inLanguage\":\"fr-CA\",\"potentialAction\":[{\"@type\":\"ReadAction\",\"target\":[\"https:\\\/\\\/yardforceca.com\\\/product\\\/yf26-ds21-gsb2-26-dual-stage-track-snow-blower\\\/\"]}]},{\"@type\":\"ImageObject\",\"inLanguage\":\"fr-CA\",\"@id\":\"https:\\\/\\\/yardforceca.com\\\/product\\\/yf26-ds21-gsb2-26-dual-stage-track-snow-blower\\\/#primaryimage\",\"url\":\"https:\\\/\\\/yardforceca.com\\\/wp-content\\\/uploads\\\/2026\\\/01\\\/YF26-DS21-GSB2.png\",\"contentUrl\":\"https:\\\/\\\/yardforceca.com\\\/wp-content\\\/uploads\\\/2026\\\/01\\\/YF26-DS21-GSB2.png\",\"width\":1000,\"height\":1000},{\"@type\":\"BreadcrumbList\",\"@id\":\"https:\\\/\\\/yardforceca.com\\\/product\\\/yf26-ds21-gsb2-26-dual-stage-track-snow-blower\\\/#breadcrumb\",\"itemListElement\":[{\"@type\":\"ListItem\",\"position\":1,\"name\":\"Home\",\"item\":\"https:\\\/\\\/yardforceca.com\\\/\"},{\"@type\":\"ListItem\",\"position\":2,\"name\":\"Shop\",\"item\":\"https:\\\/\\\/yardforceca.com\\\/shop\\\/\"},{\"@type\":\"ListItem\",\"position\":3,\"name\":\"YF26-DS21-GSB2 26&#8243; Dual-Stage Track Snow Blower\"}]},{\"@type\":\"WebSite\",\"@id\":\"https:\\\/\\\/yardforceca.com\\\/#website\",\"url\":\"https:\\\/\\\/yardforceca.com\\\/\",\"name\":\"YARDFORCE Canada\",\"description\":\"Yard Work Made Easy\",\"potentialAction\":[{\"@type\":\"SearchAction\",\"target\":{\"@type\":\"EntryPoint\",\"urlTemplate\":\"https:\\\/\\\/yardforceca.com\\\/?s={search_term_string}\"},\"query-input\":{\"@type\":\"PropertyValueSpecification\",\"valueRequired\":true,\"valueName\":\"search_term_string\"}}],\"inLanguage\":\"fr-CA\"}]}<\/script>\n<!-- \/ Yoast SEO plugin. -->","yoast_head_json":{"title":"YF26-DS21-GSB2 26\" Dual-Stage Track Snow Blower - YARDFORCE Canada","robots":{"index":"index","follow":"follow","max-snippet":"max-snippet:-1","max-image-preview":"max-image-preview:large","max-video-preview":"max-video-preview:-1"},"canonical":"https:\/\/yardforceca.com\/fr\/produit\/yf26-ds21-gsb2-26-dual-stage-track-snow-blower\/","og_locale":"fr_CA","og_type":"article","og_title":"YF26-DS21-GSB2 26\" Dual-Stage Track Snow Blower - YARDFORCE Canada","og_description":"Superior Features in its Class: Briggs &amp; Stratton 1150 250cc Winter Engine with Electric \/ Manual start Clearing Width: 26&#8243; Depth of Snow Cut: 21&#8243; Joystick deflector adjustment Throwing distance: 40\u2019 6 forward + 2 reverse speeds SES\u2122 Simultaneous Engagement System. Tracked wheels adapt to all types of terrain. Heated Grips for comfort in even [&hellip;]","og_url":"https:\/\/yardforceca.com\/fr\/produit\/yf26-ds21-gsb2-26-dual-stage-track-snow-blower\/","og_site_name":"YARDFORCE Canada","article_modified_time":"2026-01-20T02:25:46+00:00","og_image":[{"width":1000,"height":1000,"url":"http:\/\/yardforceca.com\/wp-content\/uploads\/2026\/01\/YF26-DS21-GSB2.png","type":"image\/png"}],"twitter_card":"summary_large_image","twitter_misc":{"Estimation du temps de lecture":"1 minute"},"schema":{"@context":"https:\/\/schema.org","@graph":[{"@type":"WebPage","@id":"https:\/\/yardforceca.com\/product\/yf26-ds21-gsb2-26-dual-stage-track-snow-blower\/","url":"https:\/\/yardforceca.com\/product\/yf26-ds21-gsb2-26-dual-stage-track-snow-blower\/","name":"YF26-DS21-GSB2 26\" Dual-Stage Track Snow Blower - YARDFORCE Canada","isPartOf":{"@id":"https:\/\/yardforceca.com\/#website"},"primaryImageOfPage":{"@id":"https:\/\/yardforceca.com\/product\/yf26-ds21-gsb2-26-dual-stage-track-snow-blower\/#primaryimage"},"image":{"@id":"https:\/\/yardforceca.com\/product\/yf26-ds21-gsb2-26-dual-stage-track-snow-blower\/#primaryimage"},"thumbnailUrl":"https:\/\/yardforceca.com\/wp-content\/uploads\/2026\/01\/YF26-DS21-GSB2.png","datePublished":"2026-01-20T02:23:47+00:00","dateModified":"2026-01-20T02:25:46+00:00","breadcrumb":{"@id":"https:\/\/yardforceca.com\/product\/yf26-ds21-gsb2-26-dual-stage-track-snow-blower\/#breadcrumb"},"inLanguage":"fr-CA","potentialAction":[{"@type":"ReadAction","target":["https:\/\/yardforceca.com\/product\/yf26-ds21-gsb2-26-dual-stage-track-snow-blower\/"]}]},{"@type":"ImageObject","inLanguage":"fr-CA","@id":"https:\/\/yardforceca.com\/product\/yf26-ds21-gsb2-26-dual-stage-track-snow-blower\/#primaryimage","url":"https:\/\/yardforceca.com\/wp-content\/uploads\/2026\/01\/YF26-DS21-GSB2.png","contentUrl":"https:\/\/yardforceca.com\/wp-content\/uploads\/2026\/01\/YF26-DS21-GSB2.png","width":1000,"height":1000},{"@type":"BreadcrumbList","@id":"https:\/\/yardforceca.com\/product\/yf26-ds21-gsb2-26-dual-stage-track-snow-blower\/#breadcrumb","itemListElement":[{"@type":"ListItem","position":1,"name":"Home","item":"https:\/\/yardforceca.com\/"},{"@type":"ListItem","position":2,"name":"Shop","item":"https:\/\/yardforceca.com\/shop\/"},{"@type":"ListItem","position":3,"name":"YF26-DS21-GSB2 26&#8243; Dual-Stage Track Snow Blower"}]},{"@type":"WebSite","@id":"https:\/\/yardforceca.com\/#website","url":"https:\/\/yardforceca.com\/","name":"YARDFORCE Canada","description":"L'entretien de la cour simplifi\u00e9.","potentialAction":[{"@type":"SearchAction","target":{"@type":"EntryPoint","urlTemplate":"https:\/\/yardforceca.com\/?s={search_term_string}"},"query-input":{"@type":"PropertyValueSpecification","valueRequired":true,"valueName":"search_term_string"}}],"inLanguage":"fr-CA"}]}},"_links":{"self":[{"href":"https:\/\/yardforceca.com\/fr\/wp-json\/wp\/v2\/product\/3899","targetHints":{"allow":["GET"]}}],"collection":[{"href":"https:\/\/yardforceca.com\/fr\/wp-json\/wp\/v2\/product"}],"about":[{"href":"https:\/\/yardforceca.com\/fr\/wp-json\/wp\/v2\/types\/product"}],"replies":[{"embeddable":true,"href":"https:\/\/yardforceca.com\/fr\/wp-json\/wp\/v2\/comments?post=3899"}],"wp:featuredmedia":[{"embeddable":true,"href":"https:\/\/yardforceca.com\/fr\/wp-json\/wp\/v2\/media\/3900"}],"wp:attachment":[{"href":"https:\/\/yardforceca.com\/fr\/wp-json\/wp\/v2\/media?parent=3899"}],"wp:term":[{"taxonomy":"product_brand","embeddable":true,"href":"https:\/\/yardforceca.com\/fr\/wp-json\/wp\/v2\/product_brand?post=3899"},{"taxonomy":"product_cat","embeddable":true,"href":"https:\/\/yardforceca.com\/fr\/wp-json\/wp\/v2\/product_cat?post=3899"},{"taxonomy":"product_tag","embeddable":true,"href":"https:\/\/yardforceca.com\/fr\/wp-json\/wp\/v2\/product_tag?post=3899"}],"curies":[{"name":"wp","href":"https:\/\/api.w.org\/{rel}","templated":true}]}}